{"id":1100,"date":"2010-08-24T16:34:45","date_gmt":"2010-08-24T15:34:45","guid":{"rendered":"http:\/\/www.schymik.de\/wordpress\/?page_id=1100"},"modified":"2010-08-25T08:24:32","modified_gmt":"2010-08-25T07:24:32","slug":"transalp-bike","status":"publish","type":"page","link":"https:\/\/www.schymik.de\/wordpress\/transalp\/transalp-bike\/","title":{"rendered":"Transalp-Bike"},"content":{"rendered":"<p>F\u00fcr alle, die eine Alpen\u00fcberquerung planen,   stellt sich die Frage, welches Bike daf\u00fcr am besten geeignet ist. Pauschal   ist diese Frage nat\u00fcrlich nicht zu beantworten, aber einige Tipps und meine Erfahrungen   mit verschiedenen Bikes kann ich hier vermitteln.<\/p>\n<figure style=\"width: 430px\" class=\"wp-caption aligncenter\"><a href=\"http:\/\/www.schymik.de\/Transalp\/liteville\/liteville.jpg\"><img decoding=\"async\" loading=\"lazy\" title=\"Transalp Bike\" src=\"http:\/\/www.schymik.de\/Transalp\/liteville\/liteville.jpg\" alt=\"Transalp Bike\" width=\"430\" height=\"322\" \/><\/a><figcaption class=\"wp-caption-text\">Transalp Bike<\/figcaption><\/figure>\n<p>Wichtiger als ein bestimmtes Bike ist in jeden Fall eine zuverl\u00e4ssige und gut gewartete Ausstattung.<\/p>\n<p><a href=\"http:\/\/schymik.de\/Transalp\/liteville\/vector.jpg\"><img decoding=\"async\" loading=\"lazy\" class=\"alignleft\" title=\"Syntace Vector\" src=\"http:\/\/schymik.de\/Transalp\/liteville\/vector.jpg\" alt=\"\" width=\"199\" height=\"34\" \/><\/a>Ein steilerer Vorbau oder Freeride-Lenker sorgen\u00a0 bei raceorientierter Geometrie f\u00fcr einen etwas aufrechteren Sitz, was angesichts des Rucksacks etwas Erleichterung bringen kann. Als Optimum hat sich das Sytnace VRO Vorbausystem heraus kristallisiert. Schnell kann man auch unterwegs mal L\u00e4nge und Neigung des Vorbaus variieren. Ein breiter Lenker bringt mehr Sicherheit und Kontrolle auf schmalen Singletrails. Zudem sollten daran rutschfeste und robuste Lenkergriffe wie der Sytnace Screw-On Gripz Moto montiert sein.<\/p>\n<p><a href=\"http:\/\/schymik.de\/Transalp\/liteville\/gobi.jpg\"><img decoding=\"async\" loading=\"lazy\" class=\"alignright\" title=\"Sattel\" src=\"http:\/\/schymik.de\/Transalp\/liteville\/gobi.jpg\" alt=\"\" width=\"225\" height=\"60\" \/><\/a>Ein bequemer und vor allem weit versenkbarer Sattel ist Pflicht. Gerade auf Singletrailpassagen ist das Versenken des Sattes auch bei versierten Fahrern notwendig, da durch den Rucksack eine Schwerpunksverlagerung nach oben stattfindet. Teleskop-St\u00fctzen mit oder ohne Fernbedienung sind zwar komfortabel, bringen allerdings einiges an Mehrgewicht mit sich. Da man auf einem Alpencross meist l\u00e4ngere Abfahrten am St\u00fcck\u00a0 f\u00e4hrt, hat man davor und danach eigentlich genug Zeit zum Verstellen, so dass man auf eine Vario-Sattelst\u00fctze eigentlich ganz gut verzichten kann. Beim Sattel gilt: gut eingefahren und eingesessen und lieber bequem statt superleicht. Ganz zufrieden bin ich seit vielen Jahren mit dem Fizik Gobi. Eine kleine Tasche mit Werkzeug und Ersatzschlauch reduziert das R\u00fccksackgewicht und ist hinter dem Sattel schneller griffbereit.<\/p>\n<p>Eine Federgabel\u00a0 mit mindestens 140 mm Federweg sollte unbedingt am Bike sein. Sehr zu empfehlen ist eine Gabel, die \u00fcber die M\u00f6glichkeit des Absenkens verf\u00fcgt.\u00a0 Das erm\u00f6glichst durch die Geometriever\u00e4nderung des Bikes auch gute Fahreigenschaften bergauf. Auch das blockieren der Gabel kann hilfreich sein.<\/p>\n<p><a href=\"http:\/\/www.schymik.de\/wordpress\/wp-content\/avidcode.jpg\"><img decoding=\"async\" loading=\"lazy\" class=\"alignleft\" title=\"Avid Code\" src=\"http:\/\/www.schymik.de\/wordpress\/wp-content\/avidcode.jpg\" alt=\"\" width=\"159\" height=\"126\" \/><\/a>Eine kr\u00e4ftige Bremsanlage ist meiner Meinung nach Pflicht. Scheibenbremsen haben sich inzwischen etabliert und bieten aber gerade bei schlechten Witterungsbedienungen eindeutige Vorteile. Gerade am Vorderrad ist eine Scheibe mit min 180 mm Durchmesser Pflicht, da die l\u00e4ngeren Abfahrten in den Alpen und das Zusatzgewicht des Rucksacks die Bremsanlage wesentlich mehr beansprucht, als die Feierabendrunde im heimischen Wald. Unbedingt ins Gep\u00e4ck geh\u00f6ren auf jeder Alpentour 2 Satz Ersatzbel\u00e4ge. Bikes mit\u00a0 Felgenbremsen findet man inzwischen nur noch selten. Hier hat sich als Schwachpunkt sich die Felge herauskristallisiert, die vor allem bei Regenabfahrten zu stark abgebremst wird.<\/p>\n<p><a href=\"http:\/\/www.schymik.de\/Transalp\/liteville\/kurbel2.jpg\"><img decoding=\"async\" loading=\"lazy\" class=\"alignright\" title=\"Bashring\" src=\"http:\/\/www.schymik.de\/Transalp\/liteville\/kurbel2.jpg\" alt=\"\" width=\"245\" height=\"145\" \/><\/a>Die sonstige Ausstattung sollte LX-Niveau nicht unterschreiten, da die Komponenten darunter einfach nicht zuverl\u00e4ssig und pr\u00e4zise genug arbeiten. Egal ob 8- 9- oder 10-fach, eine starke Untersetzung am Berg von 22 zu 32\u00a0 oder noch gr\u00f6\u00dfer ist bei steilen Anstiegen mit Gep\u00e4ck unverzichtbar. Als besonders gut hat sich bei mir seit Jahren das 20er Kettenblatt Stambecco von <a title=\"mountain-goat\" href=\"http:\/\/www.mountain-goat.de\/\" target=\"_blank\">Mountain Goat<\/a>. Meine Erfahrung in den letzten Jahren hat zudem erbracht, dass man auf einem Alpencross getrost auf das gro\u00dfe Kettenblatt verzichten kann und man stattdessen besser einen Bashring montiert. Dieser bringt gerade auf technischen Abfahrten auf verblockten Trails mit hohen Stufen etwas mehr Bodenfreiheit und erm\u00f6glicht somit eine Befahrung, ohne dass dabei etwas kaputt geht.<\/p>\n<p>Es zeigt sich, dass mal sowohl mit Hardtails und Fullies gut \u00fcber die Berge kommen kann. Den Komfort eines Fullies erkauft man sich meistens mit einem h\u00f6heren Gewicht. Dennoch ist der Einsatz zu bef\u00fcrworten, da man sich gemeinsam mit einem schweren Rucksack viele Stunden am Tag im Sattel befindet. Zudem k\u00f6nnen ruppige und anspruchsvolle Abfahren so besser bew\u00e4ltigt werden und machen wesentlich mehr Spa\u00df.<\/p>\n<p><a href=\"http:\/\/www.schymik.de\/wordpress\/wp-content\/ardent.jpg\"><img decoding=\"async\" loading=\"lazy\" class=\"alignleft size-full wp-image-1108\" title=\"Maxxis Ardent\" src=\"http:\/\/www.schymik.de\/wordpress\/wp-content\/ardent.jpg\" alt=\"\" width=\"141\" height=\"110\" \/><\/a>Als Bereifung haben sich ausschlie\u00dflich solide Stollenreifen bew\u00e4hrt. Semislicks, leichte Racereifen oder zu schmale Reifen bringen bei N\u00e4sse und auf losem Untergrund einfach zu wenig Grip, was ein sicheres Fahren nicht m\u00f6glich macht. Zudem ist die Pannensicherheit dieser Reifen einfach indiskutabel schlecht. Beim Alpencross gilt: Dicke Reifen, geringer Luftdruck und eine stabile Flanke. Mein pers\u00f6nlicher Favorit: Maxxis Ardent.<\/p>\n<p>Wer es gewohnt ist mit Klickpedalen zu fahren, sollte dies auch auf der Transalp tun, auch wenn das Laufen mit den Radschuhen unsicher und gef\u00e4hrlich ist. Es gibt zwar inzwischen eine durchaus brauchbare Schuhmodelle, die \u00fcber eine rutschfeste Vibram-Sohle und eine ordentliche Wasserdichtigkeit verf\u00fcgen, aber in den Bergen ist man mit echten Wanderschuhen oder Bergstiefeln immer auf der sicheren Seite. Bei Alpen\u00fcberquerungen mit langen Schiebe- und Tragepassagen und technisch sehr schweren Abfahrten sind\u00a0 B\u00e4rentatzen in Verbindung mit robusten Schuhen die erste Wahl. Auch bei widrigen Wetterbedingungen und vor allem bei Schnee wird jeder dankbar sein, einen anst\u00e4ndigen Schuh an den F\u00fc\u00dfen zu haben.<\/p>\n<p>Unverzichtbar ist eine auf einer Transalp eine ausreichende Fl\u00fcssigkeitszufuhr. Dabei gilt die Devise: Gewicht ans Bike. Auch bei den meinen Fully-rahmen ist heutzutage wieder die M\u00f6glichkeit vorhanden, eine Flasche anzubringen. Eine zweite Flasche im Rucksack liefert die Notwendige Notreserve, f\u00fcr hei\u00dfe Tage und l\u00e4ngere Etappen. Das Fahren mit Camelbak im sowieso schon schweren Alpencrosss-Rucksack hat sich nicht praktikabel erwiesen.<\/p>\n<div id=\"_mcePaste\" style=\"position: absolute; left: -10000px; top: 342px; width: 1px; height: 1px; overflow: hidden;\">\n<p><span class=\"date\">03. Juni 2010<\/span><\/p>\n<h1><a title=\"\u00dcber mich\" href=\"..\/?page_id=810\">\u00dcber mich<\/a><\/h1>\n<div class=\"div_line\"><a title=\"Artikel von Carsten\" href=\"..\/?author=1\">Carsten<\/a> in <a href=\"..\/..\/wordpress\">Transalp Homepage<\/a>| <a class=\"post-edit-link\" title=\"Seite bearbeiten\" href=\"post.php?post=810&amp;action=edit\">Edit<\/a><\/div>\n<div class=\"mceTemp\">\n<dl id=\"attachment_811\" class=\"wp-caption alignleft\" style=\"width: 169px;\">\n<dt class=\"wp-caption-dt\"><a class=\"cboxElement\" title=\"Carsten Schymik\" rel=\"lightbox[810]\" href=\"..\/wp-content\/carsten1.jpg\"><img decoding=\"async\" loading=\"lazy\" class=\"size-medium wp-image-811\" title=\"Carsten Schymik\" src=\"..\/wp-content\/carsten1-159x300.jpg\" alt=\"Carsten Schymik\" width=\"159\" height=\"300\" srcset=\"https:\/\/www.schymik.de\/wordpress\/wp-content\/carsten1-159x300.jpg 159w, https:\/\/www.schymik.de\/wordpress\/wp-content\/carsten1.jpg 461w\" sizes=\"(max-width: 159px) 100vw, 159px\" \/><\/a><strong> <\/strong><\/dt>\n<\/dl>\n<\/div>\n<p><strong>Wer steht hinter dieser Internetseite?<\/strong><br \/>\nCarsten Schymik aus Aalen.<\/p>\n<p>Aalen liegt in Baden W\u00fcrttemberg. Der Rand der Schw\u00e4bischen Alb, der  so genannte Albtrauf bietet hier eine breite Spielwiese f\u00fcr allerlei  sportliche  Aktivit\u00e4ten.<\/p>\n<p>Bereits seit 1990 bin ich dem Virus Mountainbike verfallen. \u00dcber  normale Touren und das Befahren von Wanderwegen bin ich \u00fcber die Jahre  immer mehr zu alpinen Unternehmungen gekommen. In den letzten Jahren  wurden die Touren immer extremer und anspruchsvoller. Letztlich habe ich  meine Passion im Bikebergsteigen und dem Befahren von fahrtechnisch  \u00e4u\u00dferst Anspruchsvollen Trails gefunden.<br \/>\nMeine Hobbys sind neben dem Mountainbike noch Klettern, Inlinescaten,  Skifahren und Skitouren sowie\u00a0 Internet und         Webdesign.\u00a0Daneben  bastle ich gerne noch an Bikelampen und am  Bike selber herum. An bis zu  30 Tagen im Jahr bin ich mit dem Bike in den Alpen unterwegs.<\/p>\n<p>Neben Alpen\u00fcberquerungen und regelm\u00e4\u00dfigen Gardaseebesuchen bin ich  st\u00e4ndig auf der Suche nach neuen  und               unentdeckten Pfaden  und Trails. Mein Lebensmotto: \u201cNormal ist langweilig!\u201d<br \/>\n\u2026das soll nicht hei\u00dfen, dass ich verr\u00fcckt bin, aber ich mag es, ab und  zu mal etwas  unkonventionell zu handeln. Warum w\u00fcrde ich sonst mein  Bike \u00fcber die Alpen tragen?<br \/>\nBeruflich bin ich als Entwicklungsingenieur bei einem gro\u00dfen  Optik-Konzern angestellt. Neben meinen Hobbys verbringe ich jede freie  Minute mit meiner Familie und meinen beiden T\u00f6chtern.<\/p>\n<p>ihr findet mich auch bei:<\/p>\n<p><a href=\"http:\/\/de-de.facebook.com\/people\/Carsten-Schymik\/100001282087929\" target=\"_blank\"><img decoding=\"async\" loading=\"lazy\" title=\"facebook\" src=\"..\/\/wp-content\/facebook.jpg\" alt=\"Carsten Schymik bei Facebook\" width=\"50\" height=\"50\" \/><\/a> <a href=\"http:\/\/www.youtube.com\/user\/CarstenSchymik\" target=\"_blank\"><img decoding=\"async\" loading=\"lazy\" title=\"youtube\" src=\"..\/\/wp-content\/youtube.jpg\" alt=\"Carsten Schymik bei youtube\" width=\"70\" height=\"50\" \/><\/a> <a href=\"http:\/\/www.x-bionic.de\/#\/de\/community\/blogs\/sponsoring\/carsten-schymik-ger-12091974-bike\/410775\"><img decoding=\"async\" loading=\"lazy\" class=\"alignnone size-full wp-image-1091\" title=\"X-Bionic Biker\" src=\"..\/wp-content\/X-BIONIC.jpg\" alt=\"\" width=\"63\" height=\"50\" \/><\/a><\/p>\n<p><strong>Sponsoren:<\/strong><\/p>\n<p><a href=\"http:\/\/www.x-bionic.com\/\" target=\"_blank\"><img decoding=\"async\" loading=\"lazy\" src=\"..\/..\/Transalp\/aktuell\/x-bionic.gif\" border=\"0\" alt=\"\" width=\"220\" height=\"41\" \/><\/a><br \/>\n<a href=\"http:\/\/www.liteville.de\/\" target=\"_blank\"><img decoding=\"async\" loading=\"lazy\" src=\"..\/..\/Transalp\/liteville_1.jpg\" border=\"0\" alt=\"\" width=\"215\" height=\"48\" \/><\/a><\/p>\n<p><a href=\"http:\/\/www.bikemarketing.com\/\" target=\"_blank\"><img decoding=\"async\" loading=\"lazy\" src=\"..\/..\/Transalp\/sponsor\/maxxis_1.gif\" border=\"0\" alt=\"\" width=\"251\" height=\"62\" \/><\/a><\/p>\n<p><a href=\"http:\/\/syntace.de\/\" target=\"_blank\"><img decoding=\"async\" loading=\"lazy\" src=\"..\/..\/Transalp\/sponsor\/syntace.gif\" border=\"0\" alt=\"\" width=\"178\" height=\"32\" \/><\/a><a href=\"http:\/\/syntace.de\/\" target=\"_blank\"> <\/a><\/p>\n<p><a href=\"http:\/\/mytinysun.de\/\" target=\"_blank\"><img decoding=\"async\" loading=\"lazy\" src=\"..\/..\/Transalp\/sponsor\/mytinysun.png\" border=\"0\" alt=\"\" width=\"153\" height=\"111\" \/><\/a><\/p>\n<p><a href=\"http:\/\/www.deuter.com\/\" target=\"_blank\"><img decoding=\"async\" loading=\"lazy\" src=\"http:\/\/schymik.de\/bilder\/deuter.gif\" border=\"0\" alt=\"\" width=\"99\" height=\"100\" \/><\/a><\/p>\n<h2><a title=\"mountain-goat\" href=\"http:\/\/www.mountain-goat.de\/\" target=\"_blank\"><span style=\"color: #000000;\">Mountain Goat<\/span><\/a><\/h2>\n<\/div>\n","protected":false},"excerpt":{"rendered":"<p>F\u00fcr alle, die eine Alpen\u00fcberquerung planen, stellt sich die Frage, welches Bike daf\u00fcr am besten geeignet ist. Pauschal ist diese Frage nat\u00fcrlich nicht zu beantworten, aber einige Tipps und meine Erfahrungen mit verschiedenen Bikes kann ich hier vermitteln. Wichtiger als ein bestimmtes Bike ist in jeden Fall eine zuverl\u00e4ssige und gut gewartete Ausstattung. Ein steilerer [&hellip;]<\/p>\n","protected":false},"author":1,"featured_media":0,"parent":829,"menu_order":0,"comment_status":"open","ping_status":"open","template":"","meta":[],"yoast_head":"<!-- This site is optimized with the Yoast SEO plugin v21.0 - https:\/\/yoast.com\/wordpress\/plugins\/seo\/ -->\n<title>Transalp-Bike - Transalp Homepage<\/title>\n<meta name=\"robots\" content=\"index, follow, max-snippet:-1, max-image-preview:large, max-video-preview:-1\" \/>\n<link rel=\"canonical\" href=\"https:\/\/www.schymik.de\/wordpress\/transalp\/transalp-bike\/\" \/>\n<meta property=\"og:locale\" content=\"de_DE\" \/>\n<meta property=\"og:type\" content=\"article\" \/>\n<meta property=\"og:title\" content=\"Transalp-Bike - Transalp Homepage\" \/>\n<meta property=\"og:description\" content=\"F\u00fcr alle, die eine Alpen\u00fcberquerung planen, stellt sich die Frage, welches Bike daf\u00fcr am besten geeignet ist. Pauschal ist diese Frage nat\u00fcrlich nicht zu beantworten, aber einige Tipps und meine Erfahrungen mit verschiedenen Bikes kann ich hier vermitteln. Wichtiger als ein bestimmtes Bike ist in jeden Fall eine zuverl\u00e4ssige und gut gewartete Ausstattung. Ein steilerer [&hellip;]\" \/>\n<meta property=\"og:url\" content=\"https:\/\/www.schymik.de\/wordpress\/transalp\/transalp-bike\/\" \/>\n<meta property=\"og:site_name\" content=\"Transalp Homepage\" \/>\n<meta property=\"article:publisher\" content=\"https:\/\/www.facebook.com\/carsten.schymik\" \/>\n<meta property=\"article:modified_time\" content=\"2010-08-25T07:24:32+00:00\" \/>\n<meta property=\"og:image\" content=\"http:\/\/www.schymik.de\/Transalp\/liteville\/liteville.jpg\" \/>\n<meta name=\"twitter:card\" content=\"summary_large_image\" \/>\n<meta name=\"twitter:label1\" content=\"Gesch\u00e4tzte Lesezeit\" \/>\n\t<meta name=\"twitter:data1\" content=\"5\u00a0Minuten\" \/>\n<script type=\"application\/ld+json\" class=\"yoast-schema-graph\">{\"@context\":\"https:\/\/schema.org\",\"@graph\":[{\"@type\":\"WebPage\",\"@id\":\"https:\/\/www.schymik.de\/wordpress\/transalp\/transalp-bike\/\",\"url\":\"https:\/\/www.schymik.de\/wordpress\/transalp\/transalp-bike\/\",\"name\":\"Transalp-Bike - Transalp Homepage\",\"isPartOf\":{\"@id\":\"https:\/\/www.schymik.de\/wordpress\/#website\"},\"datePublished\":\"2010-08-24T15:34:45+00:00\",\"dateModified\":\"2010-08-25T07:24:32+00:00\",\"breadcrumb\":{\"@id\":\"https:\/\/www.schymik.de\/wordpress\/transalp\/transalp-bike\/#breadcrumb\"},\"inLanguage\":\"de\",\"potentialAction\":[{\"@type\":\"ReadAction\",\"target\":[\"https:\/\/www.schymik.de\/wordpress\/transalp\/transalp-bike\/\"]}]},{\"@type\":\"BreadcrumbList\",\"@id\":\"https:\/\/www.schymik.de\/wordpress\/transalp\/transalp-bike\/#breadcrumb\",\"itemListElement\":[{\"@type\":\"ListItem\",\"position\":1,\"name\":\"Startseite\",\"item\":\"https:\/\/www.schymik.de\/wordpress\/\"},{\"@type\":\"ListItem\",\"position\":2,\"name\":\"Transalp\",\"item\":\"https:\/\/www.schymik.de\/wordpress\/transalp\/\"},{\"@type\":\"ListItem\",\"position\":3,\"name\":\"Transalp-Bike\"}]},{\"@type\":\"WebSite\",\"@id\":\"https:\/\/www.schymik.de\/wordpress\/#website\",\"url\":\"https:\/\/www.schymik.de\/wordpress\/\",\"name\":\"Transalp Homepage\",\"description\":\"Alles rund ums Mountainbike, Alpencross und Bikebergsteigen\",\"publisher\":{\"@id\":\"https:\/\/www.schymik.de\/wordpress\/#\/schema\/person\/f4792950b1a3875a57d4fc2380f11e22\"},\"potentialAction\":[{\"@type\":\"SearchAction\",\"target\":{\"@type\":\"EntryPoint\",\"urlTemplate\":\"https:\/\/www.schymik.de\/wordpress\/?s={search_term_string}\"},\"query-input\":\"required name=search_term_string\"}],\"inLanguage\":\"de\"},{\"@type\":[\"Person\",\"Organization\"],\"@id\":\"https:\/\/www.schymik.de\/wordpress\/#\/schema\/person\/f4792950b1a3875a57d4fc2380f11e22\",\"name\":\"Carsten\",\"image\":{\"@type\":\"ImageObject\",\"inLanguage\":\"de\",\"@id\":\"https:\/\/www.schymik.de\/wordpress\/#\/schema\/person\/image\/\",\"url\":\"https:\/\/www.schymik.de\/wordpress\/wp-content\/Schymik-Carsten-51x51cm.jpg\",\"contentUrl\":\"https:\/\/www.schymik.de\/wordpress\/wp-content\/Schymik-Carsten-51x51cm.jpg\",\"width\":1530,\"height\":1530,\"caption\":\"Carsten\"},\"logo\":{\"@id\":\"https:\/\/www.schymik.de\/wordpress\/#\/schema\/person\/image\/\"},\"sameAs\":[\"http:\/\/www.schymik.de\",\"https:\/\/www.facebook.com\/carsten.schymik\",\"https:\/\/www.instagram.com\/carstenschymik\/\",\"https:\/\/www.youtube.com\/@CarstenSchymik\"]}]}<\/script>\n<!-- \/ Yoast SEO plugin. -->","yoast_head_json":{"title":"Transalp-Bike - Transalp Homepage","robots":{"index":"index","follow":"follow","max-snippet":"max-snippet:-1","max-image-preview":"max-image-preview:large","max-video-preview":"max-video-preview:-1"},"canonical":"https:\/\/www.schymik.de\/wordpress\/transalp\/transalp-bike\/","og_locale":"de_DE","og_type":"article","og_title":"Transalp-Bike - Transalp Homepage","og_description":"F\u00fcr alle, die eine Alpen\u00fcberquerung planen, stellt sich die Frage, welches Bike daf\u00fcr am besten geeignet ist. Pauschal ist diese Frage nat\u00fcrlich nicht zu beantworten, aber einige Tipps und meine Erfahrungen mit verschiedenen Bikes kann ich hier vermitteln. Wichtiger als ein bestimmtes Bike ist in jeden Fall eine zuverl\u00e4ssige und gut gewartete Ausstattung. Ein steilerer [&hellip;]","og_url":"https:\/\/www.schymik.de\/wordpress\/transalp\/transalp-bike\/","og_site_name":"Transalp Homepage","article_publisher":"https:\/\/www.facebook.com\/carsten.schymik","article_modified_time":"2010-08-25T07:24:32+00:00","og_image":[{"url":"http:\/\/www.schymik.de\/Transalp\/liteville\/liteville.jpg"}],"twitter_card":"summary_large_image","twitter_misc":{"Gesch\u00e4tzte Lesezeit":"5\u00a0Minuten"},"schema":{"@context":"https:\/\/schema.org","@graph":[{"@type":"WebPage","@id":"https:\/\/www.schymik.de\/wordpress\/transalp\/transalp-bike\/","url":"https:\/\/www.schymik.de\/wordpress\/transalp\/transalp-bike\/","name":"Transalp-Bike - Transalp Homepage","isPartOf":{"@id":"https:\/\/www.schymik.de\/wordpress\/#website"},"datePublished":"2010-08-24T15:34:45+00:00","dateModified":"2010-08-25T07:24:32+00:00","breadcrumb":{"@id":"https:\/\/www.schymik.de\/wordpress\/transalp\/transalp-bike\/#breadcrumb"},"inLanguage":"de","potentialAction":[{"@type":"ReadAction","target":["https:\/\/www.schymik.de\/wordpress\/transalp\/transalp-bike\/"]}]},{"@type":"BreadcrumbList","@id":"https:\/\/www.schymik.de\/wordpress\/transalp\/transalp-bike\/#breadcrumb","itemListElement":[{"@type":"ListItem","position":1,"name":"Startseite","item":"https:\/\/www.schymik.de\/wordpress\/"},{"@type":"ListItem","position":2,"name":"Transalp","item":"https:\/\/www.schymik.de\/wordpress\/transalp\/"},{"@type":"ListItem","position":3,"name":"Transalp-Bike"}]},{"@type":"WebSite","@id":"https:\/\/www.schymik.de\/wordpress\/#website","url":"https:\/\/www.schymik.de\/wordpress\/","name":"Transalp Homepage","description":"Alles rund ums Mountainbike, Alpencross und Bikebergsteigen","publisher":{"@id":"https:\/\/www.schymik.de\/wordpress\/#\/schema\/person\/f4792950b1a3875a57d4fc2380f11e22"},"potentialAction":[{"@type":"SearchAction","target":{"@type":"EntryPoint","urlTemplate":"https:\/\/www.schymik.de\/wordpress\/?s={search_term_string}"},"query-input":"required name=search_term_string"}],"inLanguage":"de"},{"@type":["Person","Organization"],"@id":"https:\/\/www.schymik.de\/wordpress\/#\/schema\/person\/f4792950b1a3875a57d4fc2380f11e22","name":"Carsten","image":{"@type":"ImageObject","inLanguage":"de","@id":"https:\/\/www.schymik.de\/wordpress\/#\/schema\/person\/image\/","url":"https:\/\/www.schymik.de\/wordpress\/wp-content\/Schymik-Carsten-51x51cm.jpg","contentUrl":"https:\/\/www.schymik.de\/wordpress\/wp-content\/Schymik-Carsten-51x51cm.jpg","width":1530,"height":1530,"caption":"Carsten"},"logo":{"@id":"https:\/\/www.schymik.de\/wordpress\/#\/schema\/person\/image\/"},"sameAs":["http:\/\/www.schymik.de","https:\/\/www.facebook.com\/carsten.schymik","https:\/\/www.instagram.com\/carstenschymik\/","https:\/\/www.youtube.com\/@CarstenSchymik"]}]}},"_links":{"self":[{"href":"https:\/\/www.schymik.de\/wordpress\/wp-json\/wp\/v2\/pages\/1100"}],"collection":[{"href":"https:\/\/www.schymik.de\/wordpress\/wp-json\/wp\/v2\/pages"}],"about":[{"href":"https:\/\/www.schymik.de\/wordpress\/wp-json\/wp\/v2\/types\/page"}],"author":[{"embeddable":true,"href":"https:\/\/www.schymik.de\/wordpress\/wp-json\/wp\/v2\/users\/1"}],"replies":[{"embeddable":true,"href":"https:\/\/www.schymik.de\/wordpress\/wp-json\/wp\/v2\/comments?post=1100"}],"version-history":[{"count":6,"href":"https:\/\/www.schymik.de\/wordpress\/wp-json\/wp\/v2\/pages\/1100\/revisions"}],"predecessor-version":[{"id":1102,"href":"https:\/\/www.schymik.de\/wordpress\/wp-json\/wp\/v2\/pages\/1100\/revisions\/1102"}],"up":[{"embeddable":true,"href":"https:\/\/www.schymik.de\/wordpress\/wp-json\/wp\/v2\/pages\/829"}],"wp:attachment":[{"href":"https:\/\/www.schymik.de\/wordpress\/wp-json\/wp\/v2\/media?parent=1100"}],"curies":[{"name":"wp","href":"https:\/\/api.w.org\/{rel}","templated":true}]}}