{"id":1266,"date":"2010-10-09T06:13:03","date_gmt":"2010-10-09T05:13:03","guid":{"rendered":"http:\/\/www.schymik.de\/wordpress\/?page_id=1266"},"modified":"2018-05-24T19:54:52","modified_gmt":"2018-05-24T18:54:52","slug":"impressum","status":"publish","type":"page","link":"https:\/\/www.schymik.de\/wordpress\/uber-mich\/impressum\/","title":{"rendered":"Impressum"},"content":{"rendered":"<p>Diese Webseite wurde von Carsten Schymik erstellt und hat den Zweck \u00fcber mein Hobby das Mountainbiken und meine erlebten Touren zu berichten.<\/p>\n<p><strong>Postanschrift:<\/strong><\/p>\n<p>Carsten Schymik<br \/>\nAlbstr. 104<br \/>\n73432 Aalen<\/p>\n<p><strong>Hinweise:<\/strong><\/p>\n<ul>\n<li>Alle verwendeten Grafiken und Bilder sind entweder selbst erstellt, lizenzfrei oder wurden mit dem Einverst\u00e4ndnis der Urheber eingebunden. Sollte sich dennoch jemand in seinen Urheberrechten verletzt f\u00fchlen, so bitten ich um eine Mitteilung und ich werde das betreffende Objekt umgehend aus der Website entfernen.<\/li>\n<li>Wenn ihr Grafiken oder Elemente f\u00fcr Eure Website benutzen wollt, <a title=\"Kontakt\" href=\"http:\/\/www.schymik.de\/wordpress\/?page_id=686\">kontaktiert<\/a> mich einfach.<\/li>\n<li>Gerne stelle ich auch Fotos zur Verf\u00fcgung, wenn Ihr diese f\u00fcr Websdesign oder \u00e4hnliches gebrauchen k\u00f6nnt.<\/li>\n<li>F\u00fcr alle gelinkten Seiten sind ausschlie\u00dflich die Betreiber verantwortlich. Ich schlie\u00dfe ausdr\u00fccklich jegliche Haftung f\u00fcr deren Inhalte und die dort gelinkten Seiten aus.<\/li>\n<li>Die f\u00fcr Ausf\u00fchrung von auf dieser Homepage vorgeschlagenen Tipps und Vorschl\u00e4gen ist einzig der Anwender verantwortlich. Jegliche Haftung f\u00fcr k\u00f6rperliche und materielle Sch\u00e4den schlie\u00dfe ich hiermit aus.<\/li>\n<li>Vorgestellte Routen und Touren k\u00f6nnen durch Umwelteinfl\u00fcsse und Wegsperrungen zuk\u00fcnftig nicht mehr m\u00f6glich sein. Daher ist jegliche Garantie zur Durchf\u00fchrung und Nachahmung ausgeschlossen.<\/li>\n<\/ul>\n<p><strong>Haftungsausschluss: <\/strong><\/p>\n<p><a title=\"Disclaimer\" href=\"http:\/\/www.disclaimer.de\/disclaimer.htm\" target=\"_blank\" rel=\"noopener noreferrer\">Haftungsausschluss \/ Disclaimer<\/a><\/p>\n<p><strong>Datenschutzerkl\u00e4rung:<\/strong><\/p>\n<p><a href=\"http:\/\/www.schymik.de\/wordpress\/uber-mich\/datenschutzerklaerung\/\">Datenschutzerkl\u00e4rung<\/a><\/p>\n<p><strong>Presse:<br \/>\n<\/strong><\/p>\n<p>Hier findet Ihr meinen <a title=\"Pressespiegel\" href=\"http:\/\/schymik.de\/Transalp\/presse.htm\" target=\"_blank\" rel=\"noopener noreferrer\">Pressespiegel<\/a><\/p>\n","protected":false},"excerpt":{"rendered":"<p>Diese Webseite wurde von Carsten Schymik erstellt und hat den Zweck \u00fcber mein Hobby das Mountainbiken und meine erlebten Touren zu berichten. Postanschrift: Carsten Schymik Albstr. 104 73432 Aalen Hinweise: Alle verwendeten Grafiken und Bilder sind entweder selbst erstellt, lizenzfrei oder wurden mit dem Einverst\u00e4ndnis der Urheber eingebunden. Sollte sich dennoch jemand in seinen Urheberrechten [&hellip;]<\/p>\n","protected":false},"author":1,"featured_media":0,"parent":810,"menu_order":0,"comment_status":"open","ping_status":"open","template":"","meta":[],"yoast_head":"<!-- This site is optimized with the Yoast SEO plugin v21.0 - https:\/\/yoast.com\/wordpress\/plugins\/seo\/ -->\n<title>Impressum - Transalp Homepage<\/title>\n<meta name=\"robots\" content=\"index, follow, max-snippet:-1, max-image-preview:large, max-video-preview:-1\" \/>\n<link rel=\"canonical\" href=\"https:\/\/www.schymik.de\/wordpress\/uber-mich\/impressum\/\" \/>\n<meta property=\"og:locale\" content=\"de_DE\" \/>\n<meta property=\"og:type\" content=\"article\" \/>\n<meta property=\"og:title\" content=\"Impressum - Transalp Homepage\" \/>\n<meta property=\"og:description\" content=\"Diese Webseite wurde von Carsten Schymik erstellt und hat den Zweck \u00fcber mein Hobby das Mountainbiken und meine erlebten Touren zu berichten. Postanschrift: Carsten Schymik Albstr. 104 73432 Aalen Hinweise: Alle verwendeten Grafiken und Bilder sind entweder selbst erstellt, lizenzfrei oder wurden mit dem Einverst\u00e4ndnis der Urheber eingebunden. Sollte sich dennoch jemand in seinen Urheberrechten [&hellip;]\" \/>\n<meta property=\"og:url\" content=\"https:\/\/www.schymik.de\/wordpress\/uber-mich\/impressum\/\" \/>\n<meta property=\"og:site_name\" content=\"Transalp Homepage\" \/>\n<meta property=\"article:publisher\" content=\"https:\/\/www.facebook.com\/carsten.schymik\" \/>\n<meta property=\"article:modified_time\" content=\"2018-05-24T18:54:52+00:00\" \/>\n<meta name=\"twitter:card\" content=\"summary_large_image\" \/>\n<meta name=\"twitter:label1\" content=\"Gesch\u00e4tzte Lesezeit\" \/>\n\t<meta name=\"twitter:data1\" content=\"1\u00a0Minute\" \/>\n<script type=\"application\/ld+json\" class=\"yoast-schema-graph\">{\"@context\":\"https:\/\/schema.org\",\"@graph\":[{\"@type\":\"WebPage\",\"@id\":\"https:\/\/www.schymik.de\/wordpress\/uber-mich\/impressum\/\",\"url\":\"https:\/\/www.schymik.de\/wordpress\/uber-mich\/impressum\/\",\"name\":\"Impressum - Transalp Homepage\",\"isPartOf\":{\"@id\":\"https:\/\/www.schymik.de\/wordpress\/#website\"},\"datePublished\":\"2010-10-09T05:13:03+00:00\",\"dateModified\":\"2018-05-24T18:54:52+00:00\",\"breadcrumb\":{\"@id\":\"https:\/\/www.schymik.de\/wordpress\/uber-mich\/impressum\/#breadcrumb\"},\"inLanguage\":\"de\",\"potentialAction\":[{\"@type\":\"ReadAction\",\"target\":[\"https:\/\/www.schymik.de\/wordpress\/uber-mich\/impressum\/\"]}]},{\"@type\":\"BreadcrumbList\",\"@id\":\"https:\/\/www.schymik.de\/wordpress\/uber-mich\/impressum\/#breadcrumb\",\"itemListElement\":[{\"@type\":\"ListItem\",\"position\":1,\"name\":\"Startseite\",\"item\":\"https:\/\/www.schymik.de\/wordpress\/\"},{\"@type\":\"ListItem\",\"position\":2,\"name\":\"\u00dcber mich\",\"item\":\"https:\/\/www.schymik.de\/wordpress\/uber-mich\/\"},{\"@type\":\"ListItem\",\"position\":3,\"name\":\"Impressum\"}]},{\"@type\":\"WebSite\",\"@id\":\"https:\/\/www.schymik.de\/wordpress\/#website\",\"url\":\"https:\/\/www.schymik.de\/wordpress\/\",\"name\":\"Transalp Homepage\",\"description\":\"Alles rund ums Mountainbike, Alpencross und Bikebergsteigen\",\"publisher\":{\"@id\":\"https:\/\/www.schymik.de\/wordpress\/#\/schema\/person\/f4792950b1a3875a57d4fc2380f11e22\"},\"potentialAction\":[{\"@type\":\"SearchAction\",\"target\":{\"@type\":\"EntryPoint\",\"urlTemplate\":\"https:\/\/www.schymik.de\/wordpress\/?s={search_term_string}\"},\"query-input\":\"required name=search_term_string\"}],\"inLanguage\":\"de\"},{\"@type\":[\"Person\",\"Organization\"],\"@id\":\"https:\/\/www.schymik.de\/wordpress\/#\/schema\/person\/f4792950b1a3875a57d4fc2380f11e22\",\"name\":\"Carsten\",\"image\":{\"@type\":\"ImageObject\",\"inLanguage\":\"de\",\"@id\":\"https:\/\/www.schymik.de\/wordpress\/#\/schema\/person\/image\/\",\"url\":\"https:\/\/www.schymik.de\/wordpress\/wp-content\/Schymik-Carsten-51x51cm.jpg\",\"contentUrl\":\"https:\/\/www.schymik.de\/wordpress\/wp-content\/Schymik-Carsten-51x51cm.jpg\",\"width\":1530,\"height\":1530,\"caption\":\"Carsten\"},\"logo\":{\"@id\":\"https:\/\/www.schymik.de\/wordpress\/#\/schema\/person\/image\/\"},\"sameAs\":[\"http:\/\/www.schymik.de\",\"https:\/\/www.facebook.com\/carsten.schymik\",\"https:\/\/www.instagram.com\/carstenschymik\/\",\"https:\/\/www.youtube.com\/@CarstenSchymik\"]}]}<\/script>\n<!-- \/ Yoast SEO plugin. -->","yoast_head_json":{"title":"Impressum - Transalp Homepage","robots":{"index":"index","follow":"follow","max-snippet":"max-snippet:-1","max-image-preview":"max-image-preview:large","max-video-preview":"max-video-preview:-1"},"canonical":"https:\/\/www.schymik.de\/wordpress\/uber-mich\/impressum\/","og_locale":"de_DE","og_type":"article","og_title":"Impressum - Transalp Homepage","og_description":"Diese Webseite wurde von Carsten Schymik erstellt und hat den Zweck \u00fcber mein Hobby das Mountainbiken und meine erlebten Touren zu berichten. Postanschrift: Carsten Schymik Albstr. 104 73432 Aalen Hinweise: Alle verwendeten Grafiken und Bilder sind entweder selbst erstellt, lizenzfrei oder wurden mit dem Einverst\u00e4ndnis der Urheber eingebunden. Sollte sich dennoch jemand in seinen Urheberrechten [&hellip;]","og_url":"https:\/\/www.schymik.de\/wordpress\/uber-mich\/impressum\/","og_site_name":"Transalp Homepage","article_publisher":"https:\/\/www.facebook.com\/carsten.schymik","article_modified_time":"2018-05-24T18:54:52+00:00","twitter_card":"summary_large_image","twitter_misc":{"Gesch\u00e4tzte Lesezeit":"1\u00a0Minute"},"schema":{"@context":"https:\/\/schema.org","@graph":[{"@type":"WebPage","@id":"https:\/\/www.schymik.de\/wordpress\/uber-mich\/impressum\/","url":"https:\/\/www.schymik.de\/wordpress\/uber-mich\/impressum\/","name":"Impressum - Transalp Homepage","isPartOf":{"@id":"https:\/\/www.schymik.de\/wordpress\/#website"},"datePublished":"2010-10-09T05:13:03+00:00","dateModified":"2018-05-24T18:54:52+00:00","breadcrumb":{"@id":"https:\/\/www.schymik.de\/wordpress\/uber-mich\/impressum\/#breadcrumb"},"inLanguage":"de","potentialAction":[{"@type":"ReadAction","target":["https:\/\/www.schymik.de\/wordpress\/uber-mich\/impressum\/"]}]},{"@type":"BreadcrumbList","@id":"https:\/\/www.schymik.de\/wordpress\/uber-mich\/impressum\/#breadcrumb","itemListElement":[{"@type":"ListItem","position":1,"name":"Startseite","item":"https:\/\/www.schymik.de\/wordpress\/"},{"@type":"ListItem","position":2,"name":"\u00dcber mich","item":"https:\/\/www.schymik.de\/wordpress\/uber-mich\/"},{"@type":"ListItem","position":3,"name":"Impressum"}]},{"@type":"WebSite","@id":"https:\/\/www.schymik.de\/wordpress\/#website","url":"https:\/\/www.schymik.de\/wordpress\/","name":"Transalp Homepage","description":"Alles rund ums Mountainbike, Alpencross und Bikebergsteigen","publisher":{"@id":"https:\/\/www.schymik.de\/wordpress\/#\/schema\/person\/f4792950b1a3875a57d4fc2380f11e22"},"potentialAction":[{"@type":"SearchAction","target":{"@type":"EntryPoint","urlTemplate":"https:\/\/www.schymik.de\/wordpress\/?s={search_term_string}"},"query-input":"required name=search_term_string"}],"inLanguage":"de"},{"@type":["Person","Organization"],"@id":"https:\/\/www.schymik.de\/wordpress\/#\/schema\/person\/f4792950b1a3875a57d4fc2380f11e22","name":"Carsten","image":{"@type":"ImageObject","inLanguage":"de","@id":"https:\/\/www.schymik.de\/wordpress\/#\/schema\/person\/image\/","url":"https:\/\/www.schymik.de\/wordpress\/wp-content\/Schymik-Carsten-51x51cm.jpg","contentUrl":"https:\/\/www.schymik.de\/wordpress\/wp-content\/Schymik-Carsten-51x51cm.jpg","width":1530,"height":1530,"caption":"Carsten"},"logo":{"@id":"https:\/\/www.schymik.de\/wordpress\/#\/schema\/person\/image\/"},"sameAs":["http:\/\/www.schymik.de","https:\/\/www.facebook.com\/carsten.schymik","https:\/\/www.instagram.com\/carstenschymik\/","https:\/\/www.youtube.com\/@CarstenSchymik"]}]}},"_links":{"self":[{"href":"https:\/\/www.schymik.de\/wordpress\/wp-json\/wp\/v2\/pages\/1266"}],"collection":[{"href":"https:\/\/www.schymik.de\/wordpress\/wp-json\/wp\/v2\/pages"}],"about":[{"href":"https:\/\/www.schymik.de\/wordpress\/wp-json\/wp\/v2\/types\/page"}],"author":[{"embeddable":true,"href":"https:\/\/www.schymik.de\/wordpress\/wp-json\/wp\/v2\/users\/1"}],"replies":[{"embeddable":true,"href":"https:\/\/www.schymik.de\/wordpress\/wp-json\/wp\/v2\/comments?post=1266"}],"version-history":[{"count":2,"href":"https:\/\/www.schymik.de\/wordpress\/wp-json\/wp\/v2\/pages\/1266\/revisions"}],"predecessor-version":[{"id":4227,"href":"https:\/\/www.schymik.de\/wordpress\/wp-json\/wp\/v2\/pages\/1266\/revisions\/4227"}],"up":[{"embeddable":true,"href":"https:\/\/www.schymik.de\/wordpress\/wp-json\/wp\/v2\/pages\/810"}],"wp:attachment":[{"href":"https:\/\/www.schymik.de\/wordpress\/wp-json\/wp\/v2\/media?parent=1266"}],"curies":[{"name":"wp","href":"https:\/\/api.w.org\/{rel}","templated":true}]}}