{"id":1535,"date":"2011-06-08T18:21:09","date_gmt":"2011-06-08T17:21:09","guid":{"rendered":"http:\/\/www.schymik.de\/wordpress\/?page_id=1535"},"modified":"2011-06-08T18:28:43","modified_gmt":"2011-06-08T17:28:43","slug":"transalp-veranstalter","status":"publish","type":"page","link":"https:\/\/www.schymik.de\/wordpress\/transalp\/transalp-veranstalter\/","title":{"rendered":"Transalp Veranstalter"},"content":{"rendered":"<p>Daniel hat die Seite transalp-veranstalter.de erstellt, in der \u00fcber 60<br \/>\nverschiedene Alpencross Anbietern sowie \u00fcber 1000 Termine f\u00fcr 2011<br \/>\nvorgestellt werden.<br \/>\nLink:\u00a0 <a title=\"http:\/\/transalp-veranstalter.de\" href=\"http:\/\/transalp-veranstalter.de\" target=\"_blank\">\/transalp-veranstalter.de<\/a><\/p>\n","protected":false},"excerpt":{"rendered":"<p>Daniel hat die Seite transalp-veranstalter.de erstellt, in der \u00fcber 60 verschiedene Alpencross Anbietern sowie \u00fcber 1000 Termine f\u00fcr 2011 vorgestellt werden. Link:\u00a0 \/transalp-veranstalter.de<\/p>\n","protected":false},"author":1,"featured_media":0,"parent":829,"menu_order":0,"comment_status":"open","ping_status":"open","template":"","meta":[],"yoast_head":"<!-- This site is optimized with the Yoast SEO plugin v21.0 - https:\/\/yoast.com\/wordpress\/plugins\/seo\/ -->\n<title>Transalp Veranstalter - Transalp Homepage<\/title>\n<meta name=\"robots\" content=\"index, follow, max-snippet:-1, max-image-preview:large, max-video-preview:-1\" \/>\n<link rel=\"canonical\" href=\"https:\/\/www.schymik.de\/wordpress\/transalp\/transalp-veranstalter\/\" \/>\n<meta property=\"og:locale\" content=\"de_DE\" \/>\n<meta property=\"og:type\" content=\"article\" \/>\n<meta property=\"og:title\" content=\"Transalp Veranstalter - Transalp Homepage\" \/>\n<meta property=\"og:description\" content=\"Daniel hat die Seite transalp-veranstalter.de erstellt, in der \u00fcber 60 verschiedene Alpencross Anbietern sowie \u00fcber 1000 Termine f\u00fcr 2011 vorgestellt werden. Link:\u00a0 \/transalp-veranstalter.de\" \/>\n<meta property=\"og:url\" content=\"https:\/\/www.schymik.de\/wordpress\/transalp\/transalp-veranstalter\/\" \/>\n<meta property=\"og:site_name\" content=\"Transalp Homepage\" \/>\n<meta property=\"article:publisher\" content=\"https:\/\/www.facebook.com\/carsten.schymik\" \/>\n<meta property=\"article:modified_time\" content=\"2011-06-08T17:28:43+00:00\" \/>\n<meta name=\"twitter:card\" content=\"summary_large_image\" \/>\n<script type=\"application\/ld+json\" class=\"yoast-schema-graph\">{\"@context\":\"https:\/\/schema.org\",\"@graph\":[{\"@type\":\"WebPage\",\"@id\":\"https:\/\/www.schymik.de\/wordpress\/transalp\/transalp-veranstalter\/\",\"url\":\"https:\/\/www.schymik.de\/wordpress\/transalp\/transalp-veranstalter\/\",\"name\":\"Transalp Veranstalter - Transalp Homepage\",\"isPartOf\":{\"@id\":\"https:\/\/www.schymik.de\/wordpress\/#website\"},\"datePublished\":\"2011-06-08T17:21:09+00:00\",\"dateModified\":\"2011-06-08T17:28:43+00:00\",\"breadcrumb\":{\"@id\":\"https:\/\/www.schymik.de\/wordpress\/transalp\/transalp-veranstalter\/#breadcrumb\"},\"inLanguage\":\"de\",\"potentialAction\":[{\"@type\":\"ReadAction\",\"target\":[\"https:\/\/www.schymik.de\/wordpress\/transalp\/transalp-veranstalter\/\"]}]},{\"@type\":\"BreadcrumbList\",\"@id\":\"https:\/\/www.schymik.de\/wordpress\/transalp\/transalp-veranstalter\/#breadcrumb\",\"itemListElement\":[{\"@type\":\"ListItem\",\"position\":1,\"name\":\"Startseite\",\"item\":\"https:\/\/www.schymik.de\/wordpress\/\"},{\"@type\":\"ListItem\",\"position\":2,\"name\":\"Transalp\",\"item\":\"https:\/\/www.schymik.de\/wordpress\/transalp\/\"},{\"@type\":\"ListItem\",\"position\":3,\"name\":\"Transalp Veranstalter\"}]},{\"@type\":\"WebSite\",\"@id\":\"https:\/\/www.schymik.de\/wordpress\/#website\",\"url\":\"https:\/\/www.schymik.de\/wordpress\/\",\"name\":\"Transalp Homepage\",\"description\":\"Alles rund ums Mountainbike, Alpencross und Bikebergsteigen\",\"publisher\":{\"@id\":\"https:\/\/www.schymik.de\/wordpress\/#\/schema\/person\/f4792950b1a3875a57d4fc2380f11e22\"},\"potentialAction\":[{\"@type\":\"SearchAction\",\"target\":{\"@type\":\"EntryPoint\",\"urlTemplate\":\"https:\/\/www.schymik.de\/wordpress\/?s={search_term_string}\"},\"query-input\":\"required name=search_term_string\"}],\"inLanguage\":\"de\"},{\"@type\":[\"Person\",\"Organization\"],\"@id\":\"https:\/\/www.schymik.de\/wordpress\/#\/schema\/person\/f4792950b1a3875a57d4fc2380f11e22\",\"name\":\"Carsten\",\"image\":{\"@type\":\"ImageObject\",\"inLanguage\":\"de\",\"@id\":\"https:\/\/www.schymik.de\/wordpress\/#\/schema\/person\/image\/\",\"url\":\"https:\/\/www.schymik.de\/wordpress\/wp-content\/Schymik-Carsten-51x51cm.jpg\",\"contentUrl\":\"https:\/\/www.schymik.de\/wordpress\/wp-content\/Schymik-Carsten-51x51cm.jpg\",\"width\":1530,\"height\":1530,\"caption\":\"Carsten\"},\"logo\":{\"@id\":\"https:\/\/www.schymik.de\/wordpress\/#\/schema\/person\/image\/\"},\"sameAs\":[\"http:\/\/www.schymik.de\",\"https:\/\/www.facebook.com\/carsten.schymik\",\"https:\/\/www.instagram.com\/carstenschymik\/\",\"https:\/\/www.youtube.com\/@CarstenSchymik\"]}]}<\/script>\n<!-- \/ Yoast SEO plugin. -->","yoast_head_json":{"title":"Transalp Veranstalter - Transalp Homepage","robots":{"index":"index","follow":"follow","max-snippet":"max-snippet:-1","max-image-preview":"max-image-preview:large","max-video-preview":"max-video-preview:-1"},"canonical":"https:\/\/www.schymik.de\/wordpress\/transalp\/transalp-veranstalter\/","og_locale":"de_DE","og_type":"article","og_title":"Transalp Veranstalter - Transalp Homepage","og_description":"Daniel hat die Seite transalp-veranstalter.de erstellt, in der \u00fcber 60 verschiedene Alpencross Anbietern sowie \u00fcber 1000 Termine f\u00fcr 2011 vorgestellt werden. Link:\u00a0 \/transalp-veranstalter.de","og_url":"https:\/\/www.schymik.de\/wordpress\/transalp\/transalp-veranstalter\/","og_site_name":"Transalp Homepage","article_publisher":"https:\/\/www.facebook.com\/carsten.schymik","article_modified_time":"2011-06-08T17:28:43+00:00","twitter_card":"summary_large_image","schema":{"@context":"https:\/\/schema.org","@graph":[{"@type":"WebPage","@id":"https:\/\/www.schymik.de\/wordpress\/transalp\/transalp-veranstalter\/","url":"https:\/\/www.schymik.de\/wordpress\/transalp\/transalp-veranstalter\/","name":"Transalp Veranstalter - Transalp Homepage","isPartOf":{"@id":"https:\/\/www.schymik.de\/wordpress\/#website"},"datePublished":"2011-06-08T17:21:09+00:00","dateModified":"2011-06-08T17:28:43+00:00","breadcrumb":{"@id":"https:\/\/www.schymik.de\/wordpress\/transalp\/transalp-veranstalter\/#breadcrumb"},"inLanguage":"de","potentialAction":[{"@type":"ReadAction","target":["https:\/\/www.schymik.de\/wordpress\/transalp\/transalp-veranstalter\/"]}]},{"@type":"BreadcrumbList","@id":"https:\/\/www.schymik.de\/wordpress\/transalp\/transalp-veranstalter\/#breadcrumb","itemListElement":[{"@type":"ListItem","position":1,"name":"Startseite","item":"https:\/\/www.schymik.de\/wordpress\/"},{"@type":"ListItem","position":2,"name":"Transalp","item":"https:\/\/www.schymik.de\/wordpress\/transalp\/"},{"@type":"ListItem","position":3,"name":"Transalp Veranstalter"}]},{"@type":"WebSite","@id":"https:\/\/www.schymik.de\/wordpress\/#website","url":"https:\/\/www.schymik.de\/wordpress\/","name":"Transalp Homepage","description":"Alles rund ums Mountainbike, Alpencross und Bikebergsteigen","publisher":{"@id":"https:\/\/www.schymik.de\/wordpress\/#\/schema\/person\/f4792950b1a3875a57d4fc2380f11e22"},"potentialAction":[{"@type":"SearchAction","target":{"@type":"EntryPoint","urlTemplate":"https:\/\/www.schymik.de\/wordpress\/?s={search_term_string}"},"query-input":"required name=search_term_string"}],"inLanguage":"de"},{"@type":["Person","Organization"],"@id":"https:\/\/www.schymik.de\/wordpress\/#\/schema\/person\/f4792950b1a3875a57d4fc2380f11e22","name":"Carsten","image":{"@type":"ImageObject","inLanguage":"de","@id":"https:\/\/www.schymik.de\/wordpress\/#\/schema\/person\/image\/","url":"https:\/\/www.schymik.de\/wordpress\/wp-content\/Schymik-Carsten-51x51cm.jpg","contentUrl":"https:\/\/www.schymik.de\/wordpress\/wp-content\/Schymik-Carsten-51x51cm.jpg","width":1530,"height":1530,"caption":"Carsten"},"logo":{"@id":"https:\/\/www.schymik.de\/wordpress\/#\/schema\/person\/image\/"},"sameAs":["http:\/\/www.schymik.de","https:\/\/www.facebook.com\/carsten.schymik","https:\/\/www.instagram.com\/carstenschymik\/","https:\/\/www.youtube.com\/@CarstenSchymik"]}]}},"_links":{"self":[{"href":"https:\/\/www.schymik.de\/wordpress\/wp-json\/wp\/v2\/pages\/1535"}],"collection":[{"href":"https:\/\/www.schymik.de\/wordpress\/wp-json\/wp\/v2\/pages"}],"about":[{"href":"https:\/\/www.schymik.de\/wordpress\/wp-json\/wp\/v2\/types\/page"}],"author":[{"embeddable":true,"href":"https:\/\/www.schymik.de\/wordpress\/wp-json\/wp\/v2\/users\/1"}],"replies":[{"embeddable":true,"href":"https:\/\/www.schymik.de\/wordpress\/wp-json\/wp\/v2\/comments?post=1535"}],"version-history":[{"count":5,"href":"https:\/\/www.schymik.de\/wordpress\/wp-json\/wp\/v2\/pages\/1535\/revisions"}],"predecessor-version":[{"id":1540,"href":"https:\/\/www.schymik.de\/wordpress\/wp-json\/wp\/v2\/pages\/1535\/revisions\/1540"}],"up":[{"embeddable":true,"href":"https:\/\/www.schymik.de\/wordpress\/wp-json\/wp\/v2\/pages\/829"}],"wp:attachment":[{"href":"https:\/\/www.schymik.de\/wordpress\/wp-json\/wp\/v2\/media?parent=1535"}],"curies":[{"name":"wp","href":"https:\/\/api.w.org\/{rel}","templated":true}]}}