{"id":1981,"date":"2012-06-01T19:02:27","date_gmt":"2012-06-01T18:02:27","guid":{"rendered":"http:\/\/www.schymik.de\/wordpress\/?page_id=1981"},"modified":"2014-02-13T18:08:19","modified_gmt":"2014-02-13T17:08:19","slug":"buch","status":"publish","type":"page","link":"https:\/\/www.schymik.de\/wordpress\/buch\/","title":{"rendered":"B\u00fccher"},"content":{"rendered":"<p>Meine B\u00fccher:<\/p>\n<p><strong>Mountainbiketouren Biken Allg\u00e4u und Tannheimer Tal<\/strong><\/p>\n<p>25 Touren zwischen welligen H\u00fcgeln und schroffen Felsen<\/p>\n<p>Mein erster vollwertiger Bikef\u00fchrer.<\/p>\n<figure id=\"attachment_2210\" aria-describedby=\"caption-attachment-2210\" style=\"width: 207px\" class=\"wp-caption alignleft\"><a href=\" http:\/\/www.schymik.de\/wordpress\/?page_id=2935\"><img decoding=\"async\" loading=\"lazy\" class=\"wp-image-2210  \" title=\"buch titel\" alt=\"\" src=\"http:\/\/www.schymik.de\/wordpress\/wp-content\/buch-titel-859x1024.jpg\" width=\"207\" height=\"247\" srcset=\"https:\/\/www.schymik.de\/wordpress\/wp-content\/buch-titel-859x1024.jpg 859w, https:\/\/www.schymik.de\/wordpress\/wp-content\/buch-titel-600x715.jpg 600w, https:\/\/www.schymik.de\/wordpress\/wp-content\/buch-titel-251x300.jpg 251w, https:\/\/www.schymik.de\/wordpress\/wp-content\/buch-titel.jpg 1000w\" sizes=\"(max-width: 207px) 100vw, 207px\" \/><\/a><figcaption id=\"caption-attachment-2210\" class=\"wp-caption-text\">Titelbild Biken Allg\u00e4u und Tannheimer Tal<\/figcaption><\/figure>\n<p>Zum Preis von 24,95 \u20ac gibt es diesen Bikeguide zu kaufen. Erschienen ist er im Bruckmann Verlag. Selbstverst\u00e4ndlich enth\u00e4lt das Buch neben den Tourenbeschreibungen auch umfangreiche Roadbooks, Karten und H\u00f6hendiagramme. Abgerundet wird das Paket mit einer DVD, die alle Touren als GPS-Tracks komfortabel zur Verf\u00fcgung stellt.<\/p>\n<p>mehr <a title=\"Biken Allg\u00e4u und Tannheimer Tal\" href=\"http:\/\/www.schymik.de\/wordpress\/?page_id=2935\">Infos<\/a><\/p>\n<p><strong>Die 7 Bike-Summits der Alpen<\/strong><\/p>\n<p>Ein Bike-Guide mit den sieben sch\u00f6nsten und h\u00f6chsten \u00bbbikebaren\u00ab Gipfel der Alpen.<\/p>\n<p>Mein zweites Buch &#8230;auf der Suche nach dem Holy Trail<\/p>\n<figure id=\"attachment_2947\" aria-describedby=\"caption-attachment-2947\" style=\"width: 207px\" class=\"wp-caption alignleft\"><a href=\"http:\/\/www.schymik.de\/wordpress\/?page_id=2946\"><img decoding=\"async\" loading=\"lazy\" class=\"size-medium wp-image-2947 \" alt=\"Titelbild 7 Summits\" src=\"http:\/\/www.schymik.de\/wordpress\/wp-content\/Titel_Sevensummit-207x300.jpg\" width=\"207\" height=\"300\" srcset=\"https:\/\/www.schymik.de\/wordpress\/wp-content\/Titel_Sevensummit-207x300.jpg 207w, https:\/\/www.schymik.de\/wordpress\/wp-content\/Titel_Sevensummit.jpg 308w\" sizes=\"(max-width: 207px) 100vw, 207px\" \/><\/a><figcaption id=\"caption-attachment-2947\" class=\"wp-caption-text\">Titelbild 7 Summits<\/figcaption><\/figure>\n<p>Zum Preis von 26,99 \u20ac gibt es diesen Bikeguide zu kaufen. Erschienen ist er im Bruckmann Verlag. Selbstverst\u00e4ndlich enth\u00e4lt das Buch neben den Tourenbeschreibungen auch umfangreiche Roadbooks, Karten und H\u00f6hendiagramme. Abgerundet wird das Paket mit einer DVD, die alle Touren als GPS-Tracks komfortabel zur Verf\u00fcgung stellt.<\/p>\n<p>mehr <a title=\"Die 7 Bike-Summits der Alpen\" href=\"http:\/\/www.schymik.de\/wordpress\/?page_id=2946\">Infos<\/a><\/p>\n","protected":false},"excerpt":{"rendered":"<p>Meine B\u00fccher: Mountainbiketouren Biken Allg\u00e4u und Tannheimer Tal 25 Touren zwischen welligen H\u00fcgeln und schroffen Felsen Mein erster vollwertiger Bikef\u00fchrer. Zum Preis von 24,95 \u20ac gibt es diesen Bikeguide zu kaufen. Erschienen ist er im Bruckmann Verlag. Selbstverst\u00e4ndlich enth\u00e4lt das Buch neben den Tourenbeschreibungen auch umfangreiche Roadbooks, Karten und H\u00f6hendiagramme. Abgerundet wird das Paket mit [&hellip;]<\/p>\n","protected":false},"author":1,"featured_media":0,"parent":0,"menu_order":0,"comment_status":"closed","ping_status":"closed","template":"","meta":[],"yoast_head":"<!-- This site is optimized with the Yoast SEO plugin v21.0 - https:\/\/yoast.com\/wordpress\/plugins\/seo\/ -->\n<title>B\u00fccher - Transalp Homepage<\/title>\n<meta name=\"robots\" content=\"index, follow, max-snippet:-1, max-image-preview:large, max-video-preview:-1\" \/>\n<link rel=\"canonical\" href=\"https:\/\/www.schymik.de\/wordpress\/buch\/\" \/>\n<meta property=\"og:locale\" content=\"de_DE\" \/>\n<meta property=\"og:type\" content=\"article\" \/>\n<meta property=\"og:title\" content=\"B\u00fccher - Transalp Homepage\" \/>\n<meta property=\"og:description\" content=\"Meine B\u00fccher: Mountainbiketouren Biken Allg\u00e4u und Tannheimer Tal 25 Touren zwischen welligen H\u00fcgeln und schroffen Felsen Mein erster vollwertiger Bikef\u00fchrer. Zum Preis von 24,95 \u20ac gibt es diesen Bikeguide zu kaufen. Erschienen ist er im Bruckmann Verlag. Selbstverst\u00e4ndlich enth\u00e4lt das Buch neben den Tourenbeschreibungen auch umfangreiche Roadbooks, Karten und H\u00f6hendiagramme. Abgerundet wird das Paket mit [&hellip;]\" \/>\n<meta property=\"og:url\" content=\"https:\/\/www.schymik.de\/wordpress\/buch\/\" \/>\n<meta property=\"og:site_name\" content=\"Transalp Homepage\" \/>\n<meta property=\"article:publisher\" content=\"https:\/\/www.facebook.com\/carsten.schymik\" \/>\n<meta property=\"article:modified_time\" content=\"2014-02-13T17:08:19+00:00\" \/>\n<meta property=\"og:image\" content=\"http:\/\/www.schymik.de\/wordpress\/wp-content\/buch-titel-859x1024.jpg\" \/>\n<meta name=\"twitter:card\" content=\"summary_large_image\" \/>\n<meta name=\"twitter:label1\" content=\"Gesch\u00e4tzte Lesezeit\" \/>\n\t<meta name=\"twitter:data1\" content=\"1\u00a0Minute\" \/>\n<script type=\"application\/ld+json\" class=\"yoast-schema-graph\">{\"@context\":\"https:\/\/schema.org\",\"@graph\":[{\"@type\":\"WebPage\",\"@id\":\"https:\/\/www.schymik.de\/wordpress\/buch\/\",\"url\":\"https:\/\/www.schymik.de\/wordpress\/buch\/\",\"name\":\"B\u00fccher - Transalp Homepage\",\"isPartOf\":{\"@id\":\"https:\/\/www.schymik.de\/wordpress\/#website\"},\"datePublished\":\"2012-06-01T18:02:27+00:00\",\"dateModified\":\"2014-02-13T17:08:19+00:00\",\"breadcrumb\":{\"@id\":\"https:\/\/www.schymik.de\/wordpress\/buch\/#breadcrumb\"},\"inLanguage\":\"de\",\"potentialAction\":[{\"@type\":\"ReadAction\",\"target\":[\"https:\/\/www.schymik.de\/wordpress\/buch\/\"]}]},{\"@type\":\"BreadcrumbList\",\"@id\":\"https:\/\/www.schymik.de\/wordpress\/buch\/#breadcrumb\",\"itemListElement\":[{\"@type\":\"ListItem\",\"position\":1,\"name\":\"Startseite\",\"item\":\"https:\/\/www.schymik.de\/wordpress\/\"},{\"@type\":\"ListItem\",\"position\":2,\"name\":\"B\u00fccher\"}]},{\"@type\":\"WebSite\",\"@id\":\"https:\/\/www.schymik.de\/wordpress\/#website\",\"url\":\"https:\/\/www.schymik.de\/wordpress\/\",\"name\":\"Transalp Homepage\",\"description\":\"Alles rund ums Mountainbike, Alpencross und Bikebergsteigen\",\"publisher\":{\"@id\":\"https:\/\/www.schymik.de\/wordpress\/#\/schema\/person\/f4792950b1a3875a57d4fc2380f11e22\"},\"potentialAction\":[{\"@type\":\"SearchAction\",\"target\":{\"@type\":\"EntryPoint\",\"urlTemplate\":\"https:\/\/www.schymik.de\/wordpress\/?s={search_term_string}\"},\"query-input\":\"required name=search_term_string\"}],\"inLanguage\":\"de\"},{\"@type\":[\"Person\",\"Organization\"],\"@id\":\"https:\/\/www.schymik.de\/wordpress\/#\/schema\/person\/f4792950b1a3875a57d4fc2380f11e22\",\"name\":\"Carsten\",\"image\":{\"@type\":\"ImageObject\",\"inLanguage\":\"de\",\"@id\":\"https:\/\/www.schymik.de\/wordpress\/#\/schema\/person\/image\/\",\"url\":\"https:\/\/www.schymik.de\/wordpress\/wp-content\/Schymik-Carsten-51x51cm.jpg\",\"contentUrl\":\"https:\/\/www.schymik.de\/wordpress\/wp-content\/Schymik-Carsten-51x51cm.jpg\",\"width\":1530,\"height\":1530,\"caption\":\"Carsten\"},\"logo\":{\"@id\":\"https:\/\/www.schymik.de\/wordpress\/#\/schema\/person\/image\/\"},\"sameAs\":[\"http:\/\/www.schymik.de\",\"https:\/\/www.facebook.com\/carsten.schymik\",\"https:\/\/www.instagram.com\/carstenschymik\/\",\"https:\/\/www.youtube.com\/@CarstenSchymik\"]}]}<\/script>\n<!-- \/ Yoast SEO plugin. -->","yoast_head_json":{"title":"B\u00fccher - Transalp Homepage","robots":{"index":"index","follow":"follow","max-snippet":"max-snippet:-1","max-image-preview":"max-image-preview:large","max-video-preview":"max-video-preview:-1"},"canonical":"https:\/\/www.schymik.de\/wordpress\/buch\/","og_locale":"de_DE","og_type":"article","og_title":"B\u00fccher - Transalp Homepage","og_description":"Meine B\u00fccher: Mountainbiketouren Biken Allg\u00e4u und Tannheimer Tal 25 Touren zwischen welligen H\u00fcgeln und schroffen Felsen Mein erster vollwertiger Bikef\u00fchrer. Zum Preis von 24,95 \u20ac gibt es diesen Bikeguide zu kaufen. Erschienen ist er im Bruckmann Verlag. Selbstverst\u00e4ndlich enth\u00e4lt das Buch neben den Tourenbeschreibungen auch umfangreiche Roadbooks, Karten und H\u00f6hendiagramme. Abgerundet wird das Paket mit [&hellip;]","og_url":"https:\/\/www.schymik.de\/wordpress\/buch\/","og_site_name":"Transalp Homepage","article_publisher":"https:\/\/www.facebook.com\/carsten.schymik","article_modified_time":"2014-02-13T17:08:19+00:00","og_image":[{"url":"http:\/\/www.schymik.de\/wordpress\/wp-content\/buch-titel-859x1024.jpg"}],"twitter_card":"summary_large_image","twitter_misc":{"Gesch\u00e4tzte Lesezeit":"1\u00a0Minute"},"schema":{"@context":"https:\/\/schema.org","@graph":[{"@type":"WebPage","@id":"https:\/\/www.schymik.de\/wordpress\/buch\/","url":"https:\/\/www.schymik.de\/wordpress\/buch\/","name":"B\u00fccher - Transalp Homepage","isPartOf":{"@id":"https:\/\/www.schymik.de\/wordpress\/#website"},"datePublished":"2012-06-01T18:02:27+00:00","dateModified":"2014-02-13T17:08:19+00:00","breadcrumb":{"@id":"https:\/\/www.schymik.de\/wordpress\/buch\/#breadcrumb"},"inLanguage":"de","potentialAction":[{"@type":"ReadAction","target":["https:\/\/www.schymik.de\/wordpress\/buch\/"]}]},{"@type":"BreadcrumbList","@id":"https:\/\/www.schymik.de\/wordpress\/buch\/#breadcrumb","itemListElement":[{"@type":"ListItem","position":1,"name":"Startseite","item":"https:\/\/www.schymik.de\/wordpress\/"},{"@type":"ListItem","position":2,"name":"B\u00fccher"}]},{"@type":"WebSite","@id":"https:\/\/www.schymik.de\/wordpress\/#website","url":"https:\/\/www.schymik.de\/wordpress\/","name":"Transalp Homepage","description":"Alles rund ums Mountainbike, Alpencross und Bikebergsteigen","publisher":{"@id":"https:\/\/www.schymik.de\/wordpress\/#\/schema\/person\/f4792950b1a3875a57d4fc2380f11e22"},"potentialAction":[{"@type":"SearchAction","target":{"@type":"EntryPoint","urlTemplate":"https:\/\/www.schymik.de\/wordpress\/?s={search_term_string}"},"query-input":"required name=search_term_string"}],"inLanguage":"de"},{"@type":["Person","Organization"],"@id":"https:\/\/www.schymik.de\/wordpress\/#\/schema\/person\/f4792950b1a3875a57d4fc2380f11e22","name":"Carsten","image":{"@type":"ImageObject","inLanguage":"de","@id":"https:\/\/www.schymik.de\/wordpress\/#\/schema\/person\/image\/","url":"https:\/\/www.schymik.de\/wordpress\/wp-content\/Schymik-Carsten-51x51cm.jpg","contentUrl":"https:\/\/www.schymik.de\/wordpress\/wp-content\/Schymik-Carsten-51x51cm.jpg","width":1530,"height":1530,"caption":"Carsten"},"logo":{"@id":"https:\/\/www.schymik.de\/wordpress\/#\/schema\/person\/image\/"},"sameAs":["http:\/\/www.schymik.de","https:\/\/www.facebook.com\/carsten.schymik","https:\/\/www.instagram.com\/carstenschymik\/","https:\/\/www.youtube.com\/@CarstenSchymik"]}]}},"_links":{"self":[{"href":"https:\/\/www.schymik.de\/wordpress\/wp-json\/wp\/v2\/pages\/1981"}],"collection":[{"href":"https:\/\/www.schymik.de\/wordpress\/wp-json\/wp\/v2\/pages"}],"about":[{"href":"https:\/\/www.schymik.de\/wordpress\/wp-json\/wp\/v2\/types\/page"}],"author":[{"embeddable":true,"href":"https:\/\/www.schymik.de\/wordpress\/wp-json\/wp\/v2\/users\/1"}],"replies":[{"embeddable":true,"href":"https:\/\/www.schymik.de\/wordpress\/wp-json\/wp\/v2\/comments?post=1981"}],"version-history":[{"count":16,"href":"https:\/\/www.schymik.de\/wordpress\/wp-json\/wp\/v2\/pages\/1981\/revisions"}],"predecessor-version":[{"id":2951,"href":"https:\/\/www.schymik.de\/wordpress\/wp-json\/wp\/v2\/pages\/1981\/revisions\/2951"}],"wp:attachment":[{"href":"https:\/\/www.schymik.de\/wordpress\/wp-json\/wp\/v2\/media?parent=1981"}],"curies":[{"name":"wp","href":"https:\/\/api.w.org\/{rel}","templated":true}]}}