{"id":2946,"date":"2014-02-13T17:58:54","date_gmt":"2014-02-13T16:58:54","guid":{"rendered":"http:\/\/www.schymik.de\/wordpress\/?page_id=2946"},"modified":"2021-05-12T15:58:34","modified_gmt":"2021-05-12T14:58:34","slug":"die-7-bike-summits-der-alpen","status":"publish","type":"page","link":"https:\/\/www.schymik.de\/wordpress\/buch\/die-7-bike-summits-der-alpen\/","title":{"rendered":"Die 7 Bike-Summits der Alpen"},"content":{"rendered":"<p><strong>Die 7 Bike-Summits der Alpen<\/strong><\/p>\n<p>Ein Bike-Guide mit den sieben sch\u00f6nsten und h\u00f6chsten \u00bbbikebaren\u00ab Gipfel der Alpen.<\/p>\n<p>von Carsten Schymik<\/p>\n<p><a href=\"http:\/\/www.schymik.de\/wordpress\/wp-content\/Titel_Sevensummit.jpg\"><img decoding=\"async\" loading=\"lazy\" class=\"aligncenter wp-image-2947 size-full\" src=\"http:\/\/www.schymik.de\/wordpress\/wp-content\/Titel_Sevensummit.jpg\" alt=\"Titel_Sevensummit\" width=\"308\" height=\"445\" srcset=\"https:\/\/www.schymik.de\/wordpress\/wp-content\/Titel_Sevensummit.jpg 308w, https:\/\/www.schymik.de\/wordpress\/wp-content\/Titel_Sevensummit-207x300.jpg 207w\" sizes=\"(max-width: 308px) 100vw, 308px\" \/><\/a>Wo der Kiesweg endet, f\u00e4ngt f\u00fcr mich das Mountainbiken an. Die Suche nach dem Holy Trail hat mich in den letzten Jahren an viele sch\u00f6ne Orte in den Alpen gef\u00fchrt. Die absoluten Highlights k\u00f6nnt Ihr nun nachfahren.<\/p>\n<p>Selbstverst\u00e4ndlich kommen sowohl Einsteiger als auch absolute K\u00f6nner auf Ihre Kosten. Vom flowigen Spa\u00dftrail bis zur alpinen Extremabfahrt ist f\u00fcr jeden was dabei. Auch Touren mit Seilbahnunterst\u00fctzung sind im Buch zu finden. Nat\u00fcrlich ist man als Biker in allen vorgestellten Regionen herzlich willkommen. Deshalb gilt: Biken, wo Biker erw\u00fcnscht sind!<\/p>\n<p>Ich beschreibe in meinem neuen Bike-Guide die sieben sch\u00f6nsten und h\u00f6chsten Gipfel der Alpen, die mit dem Bike befahrbar sind:<\/p>\n<p><a href=\"http:\/\/fstatic3.mtb-news.de\/f\/0p\/sr\/0psrqy8t172r\/original_moritz004.jpg?0\"><img decoding=\"async\" loading=\"lazy\" class=\"aligncenter\" src=\"http:\/\/fstatic3.mtb-news.de\/f\/0p\/sr\/0psrqy8t172r\/original_moritz004.jpg?0\" alt=\"\" width=\"300\" height=\"198\" \/><\/a>Der <strong>Piz Nair<\/strong> bei St. Moritz. Ob Touren mit der Seilbahn, extra geshapte Flowtrails oder alpine Bergpfade. In St. Moritz schlagen Bikerherzen h\u00f6her.<\/p>\n<p><a href=\"http:\/\/www.schymik.de\/wordpress\/wp-content\/153.jpg\"><img decoding=\"async\" loading=\"lazy\" class=\"size-medium wp-image-2602 aligncenter\" src=\"http:\/\/www.schymik.de\/wordpress\/wp-content\/153-300x156.jpg\" alt=\"153\" width=\"300\" height=\"156\" srcset=\"https:\/\/www.schymik.de\/wordpress\/wp-content\/153-300x156.jpg 300w, https:\/\/www.schymik.de\/wordpress\/wp-content\/153-600x313.jpg 600w, https:\/\/www.schymik.de\/wordpress\/wp-content\/153-1024x533.jpg 1024w, https:\/\/www.schymik.de\/wordpress\/wp-content\/153.jpg 2000w\" sizes=\"(max-width: 300px) 100vw, 300px\" \/><\/a><\/p>\n<p>Der <strong>Monte Grappa<\/strong> in Vicenza befindet sich auf geschichtstr\u00e4chtigem Boden. Wo im Ersten Weltkrieg unz\u00e4hlige Nachschubwege auf den Berg gebaut wurden, findet man heute das dichteste Singletrailnetz im gesamten Alpenraum.<\/p>\n<p><a href=\"http:\/\/fstatic2.mtb-news.de\/f\/gu\/2d\/gu2dv34q8kp8\/large_IMG_0804.jpg?0\"><img decoding=\"async\" loading=\"lazy\" class=\"aligncenter\" src=\"http:\/\/fstatic2.mtb-news.de\/f\/gu\/2d\/gu2dv34q8kp8\/large_IMG_0804.jpg?0\" alt=\"\" width=\"300\" height=\"200\" \/><\/a>Der 136-Kehrentrail vom <strong>Monte Stino<\/strong> am Idrosee ist l\u00e4ngst eine Legende. Doch die Gegend rund um den norditalienischen See hat noch viel mehr zu bieten.<\/p>\n<p><a href=\"http:\/\/www.schymik.de\/wordpress\/wp-content\/lema.jpg\"><img decoding=\"async\" loading=\"lazy\" class=\"size-medium wp-image-2706 aligncenter\" src=\"http:\/\/www.schymik.de\/wordpress\/wp-content\/lema-215x300.jpg\" alt=\"lema\" width=\"215\" height=\"300\" srcset=\"https:\/\/www.schymik.de\/wordpress\/wp-content\/lema-215x300.jpg 215w, https:\/\/www.schymik.de\/wordpress\/wp-content\/lema-600x836.jpg 600w, https:\/\/www.schymik.de\/wordpress\/wp-content\/lema-735x1024.jpg 735w, https:\/\/www.schymik.de\/wordpress\/wp-content\/lema.jpg 1024w\" sizes=\"(max-width: 215px) 100vw, 215px\" \/><\/a>Am <strong>Monte Tamaro<\/strong> am Luganer See findet man typische Tessiner Trail-Leckerbissen. Echte Delikatessen mit Seeblick warten darauf erkundet zu werden.<\/p>\n<p><a href=\"http:\/\/www.schymik.de\/wordpress\/wp-content\/plose5.jpg\"><img decoding=\"async\" loading=\"lazy\" class=\"size-medium wp-image-2658 aligncenter\" src=\"http:\/\/www.schymik.de\/wordpress\/wp-content\/plose5-300x151.jpg\" alt=\"plose5\" width=\"300\" height=\"151\" srcset=\"https:\/\/www.schymik.de\/wordpress\/wp-content\/plose5-300x151.jpg 300w, https:\/\/www.schymik.de\/wordpress\/wp-content\/plose5-600x304.jpg 600w, https:\/\/www.schymik.de\/wordpress\/wp-content\/plose5-1024x518.jpg 1024w, https:\/\/www.schymik.de\/wordpress\/wp-content\/plose5.jpg 2000w\" sizes=\"(max-width: 300px) 100vw, 300px\" \/><\/a>Die <strong>Plose<\/strong> bei Brixen ist vor allem bei Skifahrern bekannt. Aber auch Mountainbiker sind dort herzlich willkommen. Trailtouren mit gigantischem Dolomitenblick machen die Region zu einem echten Eldorado f\u00fcr Trailhunter.<\/p>\n<p><a href=\"http:\/\/www.schymik.de\/wordpress\/wp-content\/chaberton3.jpg\"><img decoding=\"async\" loading=\"lazy\" class=\"size-medium wp-image-2724 aligncenter\" src=\"http:\/\/www.schymik.de\/wordpress\/wp-content\/chaberton3-300x147.jpg\" alt=\"chaberton3\" width=\"300\" height=\"147\" srcset=\"https:\/\/www.schymik.de\/wordpress\/wp-content\/chaberton3-300x147.jpg 300w, https:\/\/www.schymik.de\/wordpress\/wp-content\/chaberton3-600x295.jpg 600w, https:\/\/www.schymik.de\/wordpress\/wp-content\/chaberton3-1024x503.jpg 1024w, https:\/\/www.schymik.de\/wordpress\/wp-content\/chaberton3.jpg 1600w\" sizes=\"(max-width: 300px) 100vw, 300px\" \/><\/a>Echte Superlative findet man am <strong>Mount Chaberton<\/strong> im Val Susa. Seine H\u00f6he von 3131 Metern macht ihn zum h\u00f6chsten bikebaren Gipfel der Alpen.<\/p>\n<p><a href=\"http:\/\/www.schymik.de\/wordpress\/wp-content\/zermatt06.jpg\"><img decoding=\"async\" loading=\"lazy\" class=\"size-medium wp-image-2762 aligncenter\" src=\"http:\/\/www.schymik.de\/wordpress\/wp-content\/zermatt06-208x300.jpg\" alt=\"auf dem Gipfel\" width=\"208\" height=\"300\" srcset=\"https:\/\/www.schymik.de\/wordpress\/wp-content\/zermatt06-208x300.jpg 208w, https:\/\/www.schymik.de\/wordpress\/wp-content\/zermatt06-600x863.jpg 600w, https:\/\/www.schymik.de\/wordpress\/wp-content\/zermatt06-712x1024.jpg 712w, https:\/\/www.schymik.de\/wordpress\/wp-content\/zermatt06.jpg 1113w\" sizes=\"(max-width: 208px) 100vw, 208px\" \/><\/a><\/p>\n<p>Das <strong>Unterrothorn<\/strong> bei Zermatt bietet neben Seilbahnunterst\u00fctzung eine traumhafte Kulisse zwischen den umliegenden Viertausendern. Die Bikem\u00f6glichkeiten sind hier nahezu paradiesisch.<\/p>\n<p>F\u00fcr jede Region werden zus\u00e4tzliche Tourenm\u00f6glichkeiten vorgestellt \u2013 unvergesslicher Bike-Urlaub garantiert!<\/p>\n<p>das Buch ist im April 2014 im Bruckmann-Verlag erschienen<\/p>\n<p><strong>Produktinformation:<\/strong><\/p>\n<p>Titel: Die 7 Bike Summits der Alpe<br \/>\nGipfelgl\u00fcck mit dem MTB auf den h\u00f6chsten bikebaren Bergen der Alpen.<br \/>\nEin Bike-Guide von Monte Tamaro (Luganer See) bis zum Unterrothorn (Zermatt)<\/p>\n<p>Autor: Carsten Schymik<\/p>\n<p>Taschenbuch: 192 Seiten<\/p>\n<p>Verlag: Bruckmann Verlag GmbH (5. Mai 2014)<\/p>\n<p>ISBN: 3765459682<\/p>\n<p>Gr\u00f6\u00dfe: 23,2 x 16,4 x 1,8 cm<\/p>\n<p>Preis 19,99 \u20ac<\/p>\n<p>Hier kann man das Buch bestellen:<\/p>\n<p><a href=\"http:\/\/www.schymik.de\/wordpress\/produkt\/7-bike-summits-der-alpen\/\" target=\"_blank\" rel=\"noopener noreferrer\"><img decoding=\"async\" loading=\"lazy\" class=\"alignnone\" title=\"Sevensummit\" src=\"http:\/\/ws-eu.amazon-adsystem.com\/widgets\/q?_encoding=UTF8&amp;ASIN=3765459682&amp;Format=_SL160_&amp;ID=AsinImage&amp;MarketPlace=DE&amp;ServiceVersion=20070822&amp;WS=1&amp;tag=transalphomep-21\" alt=\"\" width=\"111\" height=\"160\" border=\"0\" \/><\/a><img decoding=\"async\" loading=\"lazy\" src=\"http:\/\/ir-de.amazon-adsystem.com\/e\/ir?t=transalphomep-21&amp;l=as2&amp;o=3&amp;a=3765459682\" alt=\"\" width=\"1\" height=\"1\" border=\"0\" \/><\/p>\n<p>einen ersten Eindruck, worum es geht findet Ihr, wenn Ihr <a title=\"Sevensummits\" href=\"http:\/\/www.schymik.de\/wordpress\/?tag=sevensummit\">hier <\/a>mal rumst\u00f6bert<\/p>\n<p>Tipp: Seven Bike Summits auf <a title=\"7BS Facebook\" href=\"https:\/\/www.facebook.com\/Sevenbikesummits?ref=hl\" target=\"_blank\" rel=\"noopener noreferrer\">Facebook <\/a><\/p>\n<p>&#8230;macht mit und berichtet von Euren Erlebnissen auf und an den Seven Bike Summits<\/p>\n<p><strong>GPS Tracks downloaden<\/strong><\/p>\n<p>Du hast das Buch gekauft und m\u00f6chtest gerne die GPS Tracks herunterladen? Du findest sie <a href=\"http:\/\/www.schymik.de\/wordpress\/buch\/die-7-bike-summits-der-alpen\/gps-tracks\/\" rel=\"noopener noreferrer\">hier<\/a><\/p>\n","protected":false},"excerpt":{"rendered":"<p>Die 7 Bike-Summits der Alpen Ein Bike-Guide mit den sieben sch\u00f6nsten und h\u00f6chsten \u00bbbikebaren\u00ab Gipfel der Alpen. von Carsten Schymik Wo der Kiesweg endet, f\u00e4ngt f\u00fcr mich das Mountainbiken an. Die Suche nach dem Holy Trail hat mich in den letzten Jahren an viele sch\u00f6ne Orte in den Alpen gef\u00fchrt. Die absoluten Highlights k\u00f6nnt Ihr [&hellip;]<\/p>\n","protected":false},"author":1,"featured_media":0,"parent":1981,"menu_order":0,"comment_status":"open","ping_status":"open","template":"","meta":[],"yoast_head":"<!-- This site is optimized with the Yoast SEO plugin v21.0 - https:\/\/yoast.com\/wordpress\/plugins\/seo\/ -->\n<title>Die 7 Bike-Summits der Alpen - Transalp Homepage<\/title>\n<meta name=\"robots\" content=\"index, follow, max-snippet:-1, max-image-preview:large, max-video-preview:-1\" \/>\n<link rel=\"canonical\" href=\"https:\/\/www.schymik.de\/wordpress\/buch\/die-7-bike-summits-der-alpen\/\" \/>\n<meta property=\"og:locale\" content=\"de_DE\" \/>\n<meta property=\"og:type\" content=\"article\" \/>\n<meta property=\"og:title\" content=\"Die 7 Bike-Summits der Alpen - Transalp Homepage\" \/>\n<meta property=\"og:description\" content=\"Die 7 Bike-Summits der Alpen Ein Bike-Guide mit den sieben sch\u00f6nsten und h\u00f6chsten \u00bbbikebaren\u00ab Gipfel der Alpen. von Carsten Schymik Wo der Kiesweg endet, f\u00e4ngt f\u00fcr mich das Mountainbiken an. Die Suche nach dem Holy Trail hat mich in den letzten Jahren an viele sch\u00f6ne Orte in den Alpen gef\u00fchrt. Die absoluten Highlights k\u00f6nnt Ihr [&hellip;]\" \/>\n<meta property=\"og:url\" content=\"https:\/\/www.schymik.de\/wordpress\/buch\/die-7-bike-summits-der-alpen\/\" \/>\n<meta property=\"og:site_name\" content=\"Transalp Homepage\" \/>\n<meta property=\"article:publisher\" content=\"https:\/\/www.facebook.com\/carsten.schymik\" \/>\n<meta property=\"article:modified_time\" content=\"2021-05-12T14:58:34+00:00\" \/>\n<meta property=\"og:image\" content=\"http:\/\/www.schymik.de\/wordpress\/wp-content\/Titel_Sevensummit.jpg\" \/>\n<meta name=\"twitter:card\" content=\"summary_large_image\" \/>\n<meta name=\"twitter:label1\" content=\"Gesch\u00e4tzte Lesezeit\" \/>\n\t<meta name=\"twitter:data1\" content=\"2\u00a0Minuten\" \/>\n<script type=\"application\/ld+json\" class=\"yoast-schema-graph\">{\"@context\":\"https:\/\/schema.org\",\"@graph\":[{\"@type\":\"WebPage\",\"@id\":\"https:\/\/www.schymik.de\/wordpress\/buch\/die-7-bike-summits-der-alpen\/\",\"url\":\"https:\/\/www.schymik.de\/wordpress\/buch\/die-7-bike-summits-der-alpen\/\",\"name\":\"Die 7 Bike-Summits der Alpen - Transalp Homepage\",\"isPartOf\":{\"@id\":\"https:\/\/www.schymik.de\/wordpress\/#website\"},\"datePublished\":\"2014-02-13T16:58:54+00:00\",\"dateModified\":\"2021-05-12T14:58:34+00:00\",\"breadcrumb\":{\"@id\":\"https:\/\/www.schymik.de\/wordpress\/buch\/die-7-bike-summits-der-alpen\/#breadcrumb\"},\"inLanguage\":\"de\",\"potentialAction\":[{\"@type\":\"ReadAction\",\"target\":[\"https:\/\/www.schymik.de\/wordpress\/buch\/die-7-bike-summits-der-alpen\/\"]}]},{\"@type\":\"BreadcrumbList\",\"@id\":\"https:\/\/www.schymik.de\/wordpress\/buch\/die-7-bike-summits-der-alpen\/#breadcrumb\",\"itemListElement\":[{\"@type\":\"ListItem\",\"position\":1,\"name\":\"Startseite\",\"item\":\"https:\/\/www.schymik.de\/wordpress\/\"},{\"@type\":\"ListItem\",\"position\":2,\"name\":\"B\u00fccher\",\"item\":\"https:\/\/www.schymik.de\/wordpress\/buch\/\"},{\"@type\":\"ListItem\",\"position\":3,\"name\":\"Die 7 Bike-Summits der Alpen\"}]},{\"@type\":\"WebSite\",\"@id\":\"https:\/\/www.schymik.de\/wordpress\/#website\",\"url\":\"https:\/\/www.schymik.de\/wordpress\/\",\"name\":\"Transalp Homepage\",\"description\":\"Alles rund ums Mountainbike, Alpencross und Bikebergsteigen\",\"publisher\":{\"@id\":\"https:\/\/www.schymik.de\/wordpress\/#\/schema\/person\/f4792950b1a3875a57d4fc2380f11e22\"},\"potentialAction\":[{\"@type\":\"SearchAction\",\"target\":{\"@type\":\"EntryPoint\",\"urlTemplate\":\"https:\/\/www.schymik.de\/wordpress\/?s={search_term_string}\"},\"query-input\":\"required name=search_term_string\"}],\"inLanguage\":\"de\"},{\"@type\":[\"Person\",\"Organization\"],\"@id\":\"https:\/\/www.schymik.de\/wordpress\/#\/schema\/person\/f4792950b1a3875a57d4fc2380f11e22\",\"name\":\"Carsten\",\"image\":{\"@type\":\"ImageObject\",\"inLanguage\":\"de\",\"@id\":\"https:\/\/www.schymik.de\/wordpress\/#\/schema\/person\/image\/\",\"url\":\"https:\/\/www.schymik.de\/wordpress\/wp-content\/Schymik-Carsten-51x51cm.jpg\",\"contentUrl\":\"https:\/\/www.schymik.de\/wordpress\/wp-content\/Schymik-Carsten-51x51cm.jpg\",\"width\":1530,\"height\":1530,\"caption\":\"Carsten\"},\"logo\":{\"@id\":\"https:\/\/www.schymik.de\/wordpress\/#\/schema\/person\/image\/\"},\"sameAs\":[\"http:\/\/www.schymik.de\",\"https:\/\/www.facebook.com\/carsten.schymik\",\"https:\/\/www.instagram.com\/carstenschymik\/\",\"https:\/\/www.youtube.com\/@CarstenSchymik\"]}]}<\/script>\n<!-- \/ Yoast SEO plugin. -->","yoast_head_json":{"title":"Die 7 Bike-Summits der Alpen - Transalp Homepage","robots":{"index":"index","follow":"follow","max-snippet":"max-snippet:-1","max-image-preview":"max-image-preview:large","max-video-preview":"max-video-preview:-1"},"canonical":"https:\/\/www.schymik.de\/wordpress\/buch\/die-7-bike-summits-der-alpen\/","og_locale":"de_DE","og_type":"article","og_title":"Die 7 Bike-Summits der Alpen - Transalp Homepage","og_description":"Die 7 Bike-Summits der Alpen Ein Bike-Guide mit den sieben sch\u00f6nsten und h\u00f6chsten \u00bbbikebaren\u00ab Gipfel der Alpen. von Carsten Schymik Wo der Kiesweg endet, f\u00e4ngt f\u00fcr mich das Mountainbiken an. Die Suche nach dem Holy Trail hat mich in den letzten Jahren an viele sch\u00f6ne Orte in den Alpen gef\u00fchrt. Die absoluten Highlights k\u00f6nnt Ihr [&hellip;]","og_url":"https:\/\/www.schymik.de\/wordpress\/buch\/die-7-bike-summits-der-alpen\/","og_site_name":"Transalp Homepage","article_publisher":"https:\/\/www.facebook.com\/carsten.schymik","article_modified_time":"2021-05-12T14:58:34+00:00","og_image":[{"url":"http:\/\/www.schymik.de\/wordpress\/wp-content\/Titel_Sevensummit.jpg"}],"twitter_card":"summary_large_image","twitter_misc":{"Gesch\u00e4tzte Lesezeit":"2\u00a0Minuten"},"schema":{"@context":"https:\/\/schema.org","@graph":[{"@type":"WebPage","@id":"https:\/\/www.schymik.de\/wordpress\/buch\/die-7-bike-summits-der-alpen\/","url":"https:\/\/www.schymik.de\/wordpress\/buch\/die-7-bike-summits-der-alpen\/","name":"Die 7 Bike-Summits der Alpen - Transalp Homepage","isPartOf":{"@id":"https:\/\/www.schymik.de\/wordpress\/#website"},"datePublished":"2014-02-13T16:58:54+00:00","dateModified":"2021-05-12T14:58:34+00:00","breadcrumb":{"@id":"https:\/\/www.schymik.de\/wordpress\/buch\/die-7-bike-summits-der-alpen\/#breadcrumb"},"inLanguage":"de","potentialAction":[{"@type":"ReadAction","target":["https:\/\/www.schymik.de\/wordpress\/buch\/die-7-bike-summits-der-alpen\/"]}]},{"@type":"BreadcrumbList","@id":"https:\/\/www.schymik.de\/wordpress\/buch\/die-7-bike-summits-der-alpen\/#breadcrumb","itemListElement":[{"@type":"ListItem","position":1,"name":"Startseite","item":"https:\/\/www.schymik.de\/wordpress\/"},{"@type":"ListItem","position":2,"name":"B\u00fccher","item":"https:\/\/www.schymik.de\/wordpress\/buch\/"},{"@type":"ListItem","position":3,"name":"Die 7 Bike-Summits der Alpen"}]},{"@type":"WebSite","@id":"https:\/\/www.schymik.de\/wordpress\/#website","url":"https:\/\/www.schymik.de\/wordpress\/","name":"Transalp Homepage","description":"Alles rund ums Mountainbike, Alpencross und Bikebergsteigen","publisher":{"@id":"https:\/\/www.schymik.de\/wordpress\/#\/schema\/person\/f4792950b1a3875a57d4fc2380f11e22"},"potentialAction":[{"@type":"SearchAction","target":{"@type":"EntryPoint","urlTemplate":"https:\/\/www.schymik.de\/wordpress\/?s={search_term_string}"},"query-input":"required name=search_term_string"}],"inLanguage":"de"},{"@type":["Person","Organization"],"@id":"https:\/\/www.schymik.de\/wordpress\/#\/schema\/person\/f4792950b1a3875a57d4fc2380f11e22","name":"Carsten","image":{"@type":"ImageObject","inLanguage":"de","@id":"https:\/\/www.schymik.de\/wordpress\/#\/schema\/person\/image\/","url":"https:\/\/www.schymik.de\/wordpress\/wp-content\/Schymik-Carsten-51x51cm.jpg","contentUrl":"https:\/\/www.schymik.de\/wordpress\/wp-content\/Schymik-Carsten-51x51cm.jpg","width":1530,"height":1530,"caption":"Carsten"},"logo":{"@id":"https:\/\/www.schymik.de\/wordpress\/#\/schema\/person\/image\/"},"sameAs":["http:\/\/www.schymik.de","https:\/\/www.facebook.com\/carsten.schymik","https:\/\/www.instagram.com\/carstenschymik\/","https:\/\/www.youtube.com\/@CarstenSchymik"]}]}},"_links":{"self":[{"href":"https:\/\/www.schymik.de\/wordpress\/wp-json\/wp\/v2\/pages\/2946"}],"collection":[{"href":"https:\/\/www.schymik.de\/wordpress\/wp-json\/wp\/v2\/pages"}],"about":[{"href":"https:\/\/www.schymik.de\/wordpress\/wp-json\/wp\/v2\/types\/page"}],"author":[{"embeddable":true,"href":"https:\/\/www.schymik.de\/wordpress\/wp-json\/wp\/v2\/users\/1"}],"replies":[{"embeddable":true,"href":"https:\/\/www.schymik.de\/wordpress\/wp-json\/wp\/v2\/comments?post=2946"}],"version-history":[{"count":12,"href":"https:\/\/www.schymik.de\/wordpress\/wp-json\/wp\/v2\/pages\/2946\/revisions"}],"predecessor-version":[{"id":5038,"href":"https:\/\/www.schymik.de\/wordpress\/wp-json\/wp\/v2\/pages\/2946\/revisions\/5038"}],"up":[{"embeddable":true,"href":"https:\/\/www.schymik.de\/wordpress\/wp-json\/wp\/v2\/pages\/1981"}],"wp:attachment":[{"href":"https:\/\/www.schymik.de\/wordpress\/wp-json\/wp\/v2\/media?parent=2946"}],"curies":[{"name":"wp","href":"https:\/\/api.w.org\/{rel}","templated":true}]}}