{"id":4242,"date":"2018-08-07T13:30:25","date_gmt":"2018-08-07T12:30:25","guid":{"rendered":"http:\/\/www.schymik.de\/wordpress\/?page_id=4242"},"modified":"2018-08-07T13:47:33","modified_gmt":"2018-08-07T12:47:33","slug":"4242-2","status":"publish","type":"page","link":"https:\/\/www.schymik.de\/wordpress\/transalp\/4242-2\/","title":{"rendered":"Packliste"},"content":{"rendered":"<p><a href=\"https:\/\/www.amazon.de\/gp\/product\/B01LXWJ270\/ref=as_li_ss_il?ie=UTF8&amp;linkCode=li2&amp;tag=transalphomep-21&amp;linkId=0618cd3668a357c114cdaa7c7d8b5ead&amp;language=de_DE\" target=\"_blank\" rel=\"noopener noreferrer\"><img decoding=\"async\" class=\"alignleft\" src=\"\/\/ws-eu.amazon-adsystem.com\/widgets\/q?_encoding=UTF8&amp;ASIN=B01LXWJ270&amp;Format=_SL160_&amp;ID=AsinImage&amp;MarketPlace=DE&amp;ServiceVersion=20070822&amp;WS=1&amp;tag=transalphomep-21&amp;language=de_DE\" border=\"0\" \/><\/a><img decoding=\"async\" loading=\"lazy\" style=\"border: none !important; margin: 0px !important;\" src=\"https:\/\/ir-de.amazon-adsystem.com\/e\/ir?t=transalphomep-21&amp;language=de_DE&amp;l=li2&amp;o=3&amp;a=B01LXWJ270\" alt=\"\" width=\"1\" height=\"1\" border=\"0\" \/>Bei der Ausr\u00fcstung f\u00fcr eine Alpen\u00fcberquerung gilt es einen Kompromiss zwischen minimalem Gewicht und unbedingt notwendigen Gegenst\u00e4nden zu finden. Wichtig ist es, da\u00df man sowohl f\u00fcr schlechtes Wetter als auch f\u00fcr einen m\u00f6glichen Unfall das N\u00f6tigste dabei hat.<\/p>\n<p>Verstaut wird die Ausr\u00fcstung in einem guten Bike-Rucksack mit ca. 20-25 l Volumen und guter Bel\u00fcftung. Dieser sollte voll bepackt nicht \u00fcber 6 kg wiegen, sonst wird jeder Berg zur Qual und zu einem endlosen Fu\u00dfmarsch. Ein Teil kann auch in einer kleinen Tasche am Rad untergebracht werden.<\/p>\n<p><strong>Kleidung <\/strong><\/p>\n<p>1 Unterhose<\/p>\n<p>2 paar Socken<\/p>\n<p>1 T-Shirt<\/p>\n<p>1 Trikot<\/p>\n<p>2 Radlerhosen<\/p>\n<p>1 lange Radlerhose<\/p>\n<p>1 Regenkleidung<\/p>\n<p>1 lang\u00e4rmeliges Trikot<\/p>\n<p>Biker-Jacke<\/p>\n<p>Helm<\/p>\n<p><a href=\"https:\/\/www.amazon.de\/gp\/product\/B01MR909ZB\/ref=as_li_ss_il?ie=UTF8&amp;linkCode=li2&amp;tag=transalphomep-21&amp;linkId=aed4896b298260d783b569088da13f50&amp;language=de_DE\" target=\"_blank\" rel=\"noopener noreferrer\"><img decoding=\"async\" class=\"alignleft\" src=\"\/\/ws-eu.amazon-adsystem.com\/widgets\/q?_encoding=UTF8&amp;ASIN=B01MR909ZB&amp;Format=_SL160_&amp;ID=AsinImage&amp;MarketPlace=DE&amp;ServiceVersion=20070822&amp;WS=1&amp;tag=transalphomep-21&amp;language=de_DE\" border=\"0\" \/><\/a><img decoding=\"async\" loading=\"lazy\" style=\"border: none !important; margin: 0px !important;\" src=\"https:\/\/ir-de.amazon-adsystem.com\/e\/ir?t=transalphomep-21&amp;language=de_DE&amp;l=li2&amp;o=3&amp;a=B01MR909ZB\" alt=\"\" width=\"1\" height=\"1\" border=\"0\" \/>Sonnenbrille<\/p>\n<p>Bike-Schuhe<\/p>\n<p>Handschuhe<\/p>\n<p>Protektoren<\/p>\n<p>MuFuTu<\/p>\n<p>&nbsp;<\/p>\n<p><strong>Werkzeug<\/strong><\/p>\n<p>Inbusschl\u00fcssel<\/p>\n<p>Ersatzspeichen + Nippel<\/p>\n<p>Zentrierschl\u00fcssel<\/p>\n<p>Kettennieter<\/p>\n<p>Kettenglieder + Verschlu\u00dfbolzen oder &gt;Kettenschlo\u00df<\/p>\n<p>Ersatzschlauch<\/p>\n<p>Luftpumpe<\/p>\n<p>Flickzeug \/ Reifenheber \/ <a href=\"http:\/\/www.schymik.de\/wordpress\/maxalami\/\">Maxalami <\/a>\/ Ersatzventil<\/p>\n<p>&nbsp;<\/p>\n<p><strong>Sonstiges <\/strong><\/p>\n<p>Handy, Ladekabel, optional Powerbank<\/p>\n<p>Landkarten, Wegbeschreibung, Roadbook<\/p>\n<p>Taschenmesser<\/p>\n<p>Fotoapparat<\/p>\n<p>GPS<\/p>\n<p>Geld<\/p>\n<p>EC-Karte, Kreditkarte<\/p>\n<p><a href=\"https:\/\/www.amazon.de\/safeman-Kabel-Multifunktions-750-wei%C3%9F\/dp\/B079816NSR\/ref=as_li_ss_il?s=sports&amp;ie=UTF8&amp;qid=1533645411&amp;sr=1-2&amp;keywords=safeman+schloss&amp;linkCode=li2&amp;tag=transalphomep-21&amp;linkId=90eb75148bd2eebbf6c4d5785254704a&amp;language=de_DE\" target=\"_blank\" rel=\"noopener noreferrer\"><img decoding=\"async\" class=\"alignleft\" src=\"\/\/ws-eu.amazon-adsystem.com\/widgets\/q?_encoding=UTF8&amp;ASIN=B079816NSR&amp;Format=_SL160_&amp;ID=AsinImage&amp;MarketPlace=DE&amp;ServiceVersion=20070822&amp;WS=1&amp;tag=transalphomep-21&amp;language=de_DE\" border=\"0\" \/><\/a><img decoding=\"async\" loading=\"lazy\" style=\"border: none !important; margin: 0px !important;\" src=\"https:\/\/ir-de.amazon-adsystem.com\/e\/ir?t=transalphomep-21&amp;language=de_DE&amp;l=li2&amp;o=3&amp;a=B079816NSR\" alt=\"\" width=\"1\" height=\"1\" border=\"0\" \/>Pa\u00df, DAV-Ausweis<\/p>\n<p>Taschent\u00fccher<\/p>\n<p>H\u00fcttenschlafsack<\/p>\n<p>Reepschnur<\/p>\n<p>Licht<\/p>\n<p>kleines leichtes Schlo\u00df<\/p>\n<p>&nbsp;<\/p>\n<p><strong>K\u00f6rperpflege <\/strong><\/p>\n<p>Shampoo<\/p>\n<p>Zahnb\u00fcrste<\/p>\n<p>Zahnpasta<\/p>\n<p>Sonnencreme \/ Aftersun<\/p>\n<p>Lippenstift<\/p>\n<p>&nbsp;<\/p>\n<p><strong>Erste Hilfe <\/strong><\/p>\n<p><a href=\"https:\/\/www.amazon.de\/gp\/product\/B073SWW6BJ\/ref=as_li_ss_il?ie=UTF8&amp;linkCode=li2&amp;tag=transalphomep-21&amp;linkId=8f60016a8c57f32f0ec9635836d46e38&amp;language=de_DE\" target=\"_blank\" rel=\"noopener noreferrer\"><img decoding=\"async\" class=\"alignleft\" src=\"\/\/ws-eu.amazon-adsystem.com\/widgets\/q?_encoding=UTF8&amp;ASIN=B073SWW6BJ&amp;Format=_SL160_&amp;ID=AsinImage&amp;MarketPlace=DE&amp;ServiceVersion=20070822&amp;WS=1&amp;tag=transalphomep-21&amp;language=de_DE\" border=\"0\" \/><\/a><img decoding=\"async\" loading=\"lazy\" style=\"border: none !important; margin: 0px !important;\" src=\"https:\/\/ir-de.amazon-adsystem.com\/e\/ir?t=transalphomep-21&amp;language=de_DE&amp;l=li2&amp;o=3&amp;a=B073SWW6BJ\" alt=\"\" width=\"1\" height=\"1\" border=\"0\" \/>Pflaster<\/p>\n<p>Verbandszeug<\/p>\n<p>Desinfektionsmittel<\/p>\n<p>Rettungsdecke<\/p>\n<p>&nbsp;<\/p>\n<p><strong>Essen <\/strong><\/p>\n<p>M\u00fcsliriegel \/ Energieriegel \/Gel<\/p>\n<p>Trinkblase oder 2 Wasserflaschen<\/p>\n<p>Frisches Essen (t\u00e4glich einkaufen)<\/p>\n<p>&nbsp;<\/p>\n<p>Eine Aufteilung von Teilen der Ausr\u00fcstung auf mehrere Personen ist ratsam ( nur ein Fotoapparat, Werkzeug nur einmal&#8230;)<\/p>\n","protected":false},"excerpt":{"rendered":"<p>Bei der Ausr\u00fcstung f\u00fcr eine Alpen\u00fcberquerung gilt es einen Kompromiss zwischen minimalem Gewicht und unbedingt notwendigen Gegenst\u00e4nden zu finden. Wichtig ist es, da\u00df man sowohl f\u00fcr schlechtes Wetter als auch f\u00fcr einen m\u00f6glichen Unfall das N\u00f6tigste dabei hat. Verstaut wird die Ausr\u00fcstung in einem guten Bike-Rucksack mit ca. 20-25 l Volumen und guter Bel\u00fcftung. Dieser [&hellip;]<\/p>\n","protected":false},"author":1,"featured_media":0,"parent":829,"menu_order":0,"comment_status":"closed","ping_status":"closed","template":"","meta":[],"yoast_head":"<!-- This site is optimized with the Yoast SEO plugin v21.0 - https:\/\/yoast.com\/wordpress\/plugins\/seo\/ -->\n<title>Packliste - Transalp Homepage<\/title>\n<meta name=\"robots\" content=\"index, follow, max-snippet:-1, max-image-preview:large, max-video-preview:-1\" \/>\n<link rel=\"canonical\" href=\"https:\/\/www.schymik.de\/wordpress\/transalp\/4242-2\/\" \/>\n<meta property=\"og:locale\" content=\"de_DE\" \/>\n<meta property=\"og:type\" content=\"article\" \/>\n<meta property=\"og:title\" content=\"Packliste - Transalp Homepage\" \/>\n<meta property=\"og:description\" content=\"Bei der Ausr\u00fcstung f\u00fcr eine Alpen\u00fcberquerung gilt es einen Kompromiss zwischen minimalem Gewicht und unbedingt notwendigen Gegenst\u00e4nden zu finden. Wichtig ist es, da\u00df man sowohl f\u00fcr schlechtes Wetter als auch f\u00fcr einen m\u00f6glichen Unfall das N\u00f6tigste dabei hat. Verstaut wird die Ausr\u00fcstung in einem guten Bike-Rucksack mit ca. 20-25 l Volumen und guter Bel\u00fcftung. Dieser [&hellip;]\" \/>\n<meta property=\"og:url\" content=\"https:\/\/www.schymik.de\/wordpress\/transalp\/4242-2\/\" \/>\n<meta property=\"og:site_name\" content=\"Transalp Homepage\" \/>\n<meta property=\"article:publisher\" content=\"https:\/\/www.facebook.com\/carsten.schymik\" \/>\n<meta property=\"article:modified_time\" content=\"2018-08-07T12:47:33+00:00\" \/>\n<meta property=\"og:image\" content=\"https:\/\/ir-de.amazon-adsystem.com\/e\/ir?t=transalphomep-21&amp;language=de_DE&amp;l=li2&amp;o=3&amp;a=B01LXWJ270\" \/>\n<meta name=\"twitter:card\" content=\"summary_large_image\" \/>\n<meta name=\"twitter:label1\" content=\"Gesch\u00e4tzte Lesezeit\" \/>\n\t<meta name=\"twitter:data1\" content=\"1\u00a0Minute\" \/>\n<script type=\"application\/ld+json\" class=\"yoast-schema-graph\">{\"@context\":\"https:\/\/schema.org\",\"@graph\":[{\"@type\":\"WebPage\",\"@id\":\"https:\/\/www.schymik.de\/wordpress\/transalp\/4242-2\/\",\"url\":\"https:\/\/www.schymik.de\/wordpress\/transalp\/4242-2\/\",\"name\":\"Packliste - Transalp Homepage\",\"isPartOf\":{\"@id\":\"https:\/\/www.schymik.de\/wordpress\/#website\"},\"datePublished\":\"2018-08-07T12:30:25+00:00\",\"dateModified\":\"2018-08-07T12:47:33+00:00\",\"breadcrumb\":{\"@id\":\"https:\/\/www.schymik.de\/wordpress\/transalp\/4242-2\/#breadcrumb\"},\"inLanguage\":\"de\",\"potentialAction\":[{\"@type\":\"ReadAction\",\"target\":[\"https:\/\/www.schymik.de\/wordpress\/transalp\/4242-2\/\"]}]},{\"@type\":\"BreadcrumbList\",\"@id\":\"https:\/\/www.schymik.de\/wordpress\/transalp\/4242-2\/#breadcrumb\",\"itemListElement\":[{\"@type\":\"ListItem\",\"position\":1,\"name\":\"Startseite\",\"item\":\"https:\/\/www.schymik.de\/wordpress\/\"},{\"@type\":\"ListItem\",\"position\":2,\"name\":\"Transalp\",\"item\":\"https:\/\/www.schymik.de\/wordpress\/transalp\/\"},{\"@type\":\"ListItem\",\"position\":3,\"name\":\"Packliste\"}]},{\"@type\":\"WebSite\",\"@id\":\"https:\/\/www.schymik.de\/wordpress\/#website\",\"url\":\"https:\/\/www.schymik.de\/wordpress\/\",\"name\":\"Transalp Homepage\",\"description\":\"Alles rund ums Mountainbike, Alpencross und Bikebergsteigen\",\"publisher\":{\"@id\":\"https:\/\/www.schymik.de\/wordpress\/#\/schema\/person\/f4792950b1a3875a57d4fc2380f11e22\"},\"potentialAction\":[{\"@type\":\"SearchAction\",\"target\":{\"@type\":\"EntryPoint\",\"urlTemplate\":\"https:\/\/www.schymik.de\/wordpress\/?s={search_term_string}\"},\"query-input\":\"required name=search_term_string\"}],\"inLanguage\":\"de\"},{\"@type\":[\"Person\",\"Organization\"],\"@id\":\"https:\/\/www.schymik.de\/wordpress\/#\/schema\/person\/f4792950b1a3875a57d4fc2380f11e22\",\"name\":\"Carsten\",\"image\":{\"@type\":\"ImageObject\",\"inLanguage\":\"de\",\"@id\":\"https:\/\/www.schymik.de\/wordpress\/#\/schema\/person\/image\/\",\"url\":\"https:\/\/www.schymik.de\/wordpress\/wp-content\/Schymik-Carsten-51x51cm.jpg\",\"contentUrl\":\"https:\/\/www.schymik.de\/wordpress\/wp-content\/Schymik-Carsten-51x51cm.jpg\",\"width\":1530,\"height\":1530,\"caption\":\"Carsten\"},\"logo\":{\"@id\":\"https:\/\/www.schymik.de\/wordpress\/#\/schema\/person\/image\/\"},\"sameAs\":[\"http:\/\/www.schymik.de\",\"https:\/\/www.facebook.com\/carsten.schymik\",\"https:\/\/www.instagram.com\/carstenschymik\/\",\"https:\/\/www.youtube.com\/@CarstenSchymik\"]}]}<\/script>\n<!-- \/ Yoast SEO plugin. -->","yoast_head_json":{"title":"Packliste - Transalp Homepage","robots":{"index":"index","follow":"follow","max-snippet":"max-snippet:-1","max-image-preview":"max-image-preview:large","max-video-preview":"max-video-preview:-1"},"canonical":"https:\/\/www.schymik.de\/wordpress\/transalp\/4242-2\/","og_locale":"de_DE","og_type":"article","og_title":"Packliste - Transalp Homepage","og_description":"Bei der Ausr\u00fcstung f\u00fcr eine Alpen\u00fcberquerung gilt es einen Kompromiss zwischen minimalem Gewicht und unbedingt notwendigen Gegenst\u00e4nden zu finden. Wichtig ist es, da\u00df man sowohl f\u00fcr schlechtes Wetter als auch f\u00fcr einen m\u00f6glichen Unfall das N\u00f6tigste dabei hat. Verstaut wird die Ausr\u00fcstung in einem guten Bike-Rucksack mit ca. 20-25 l Volumen und guter Bel\u00fcftung. Dieser [&hellip;]","og_url":"https:\/\/www.schymik.de\/wordpress\/transalp\/4242-2\/","og_site_name":"Transalp Homepage","article_publisher":"https:\/\/www.facebook.com\/carsten.schymik","article_modified_time":"2018-08-07T12:47:33+00:00","og_image":[{"url":"https:\/\/ir-de.amazon-adsystem.com\/e\/ir?t=transalphomep-21&amp;language=de_DE&amp;l=li2&amp;o=3&amp;a=B01LXWJ270"}],"twitter_card":"summary_large_image","twitter_misc":{"Gesch\u00e4tzte Lesezeit":"1\u00a0Minute"},"schema":{"@context":"https:\/\/schema.org","@graph":[{"@type":"WebPage","@id":"https:\/\/www.schymik.de\/wordpress\/transalp\/4242-2\/","url":"https:\/\/www.schymik.de\/wordpress\/transalp\/4242-2\/","name":"Packliste - Transalp Homepage","isPartOf":{"@id":"https:\/\/www.schymik.de\/wordpress\/#website"},"datePublished":"2018-08-07T12:30:25+00:00","dateModified":"2018-08-07T12:47:33+00:00","breadcrumb":{"@id":"https:\/\/www.schymik.de\/wordpress\/transalp\/4242-2\/#breadcrumb"},"inLanguage":"de","potentialAction":[{"@type":"ReadAction","target":["https:\/\/www.schymik.de\/wordpress\/transalp\/4242-2\/"]}]},{"@type":"BreadcrumbList","@id":"https:\/\/www.schymik.de\/wordpress\/transalp\/4242-2\/#breadcrumb","itemListElement":[{"@type":"ListItem","position":1,"name":"Startseite","item":"https:\/\/www.schymik.de\/wordpress\/"},{"@type":"ListItem","position":2,"name":"Transalp","item":"https:\/\/www.schymik.de\/wordpress\/transalp\/"},{"@type":"ListItem","position":3,"name":"Packliste"}]},{"@type":"WebSite","@id":"https:\/\/www.schymik.de\/wordpress\/#website","url":"https:\/\/www.schymik.de\/wordpress\/","name":"Transalp Homepage","description":"Alles rund ums Mountainbike, Alpencross und Bikebergsteigen","publisher":{"@id":"https:\/\/www.schymik.de\/wordpress\/#\/schema\/person\/f4792950b1a3875a57d4fc2380f11e22"},"potentialAction":[{"@type":"SearchAction","target":{"@type":"EntryPoint","urlTemplate":"https:\/\/www.schymik.de\/wordpress\/?s={search_term_string}"},"query-input":"required name=search_term_string"}],"inLanguage":"de"},{"@type":["Person","Organization"],"@id":"https:\/\/www.schymik.de\/wordpress\/#\/schema\/person\/f4792950b1a3875a57d4fc2380f11e22","name":"Carsten","image":{"@type":"ImageObject","inLanguage":"de","@id":"https:\/\/www.schymik.de\/wordpress\/#\/schema\/person\/image\/","url":"https:\/\/www.schymik.de\/wordpress\/wp-content\/Schymik-Carsten-51x51cm.jpg","contentUrl":"https:\/\/www.schymik.de\/wordpress\/wp-content\/Schymik-Carsten-51x51cm.jpg","width":1530,"height":1530,"caption":"Carsten"},"logo":{"@id":"https:\/\/www.schymik.de\/wordpress\/#\/schema\/person\/image\/"},"sameAs":["http:\/\/www.schymik.de","https:\/\/www.facebook.com\/carsten.schymik","https:\/\/www.instagram.com\/carstenschymik\/","https:\/\/www.youtube.com\/@CarstenSchymik"]}]}},"_links":{"self":[{"href":"https:\/\/www.schymik.de\/wordpress\/wp-json\/wp\/v2\/pages\/4242"}],"collection":[{"href":"https:\/\/www.schymik.de\/wordpress\/wp-json\/wp\/v2\/pages"}],"about":[{"href":"https:\/\/www.schymik.de\/wordpress\/wp-json\/wp\/v2\/types\/page"}],"author":[{"embeddable":true,"href":"https:\/\/www.schymik.de\/wordpress\/wp-json\/wp\/v2\/users\/1"}],"replies":[{"embeddable":true,"href":"https:\/\/www.schymik.de\/wordpress\/wp-json\/wp\/v2\/comments?post=4242"}],"version-history":[{"count":5,"href":"https:\/\/www.schymik.de\/wordpress\/wp-json\/wp\/v2\/pages\/4242\/revisions"}],"predecessor-version":[{"id":4248,"href":"https:\/\/www.schymik.de\/wordpress\/wp-json\/wp\/v2\/pages\/4242\/revisions\/4248"}],"up":[{"embeddable":true,"href":"https:\/\/www.schymik.de\/wordpress\/wp-json\/wp\/v2\/pages\/829"}],"wp:attachment":[{"href":"https:\/\/www.schymik.de\/wordpress\/wp-json\/wp\/v2\/media?parent=4242"}],"curies":[{"name":"wp","href":"https:\/\/api.w.org\/{rel}","templated":true}]}}