{"id":810,"date":"2010-06-03T07:56:26","date_gmt":"2010-06-03T06:56:26","guid":{"rendered":"http:\/\/www.schymik.de\/wordpress\/?page_id=810"},"modified":"2020-11-22T16:55:46","modified_gmt":"2020-11-22T15:55:46","slug":"uber-mich","status":"publish","type":"page","link":"https:\/\/www.schymik.de\/wordpress\/uber-mich\/","title":{"rendered":"\u00dcber mich"},"content":{"rendered":"<p><strong>Wer steht hinter dieser Internetseite?<\/strong><br \/>\n<a href=\"http:\/\/www.schymik.de\/wordpress\/wp-content\/portrait.jpg\"><img decoding=\"async\" loading=\"lazy\" class=\"alignleft size-medium wp-image-2278\" title=\"portrait\" src=\"http:\/\/www.schymik.de\/wordpress\/wp-content\/portrait-207x300.jpg\" alt=\"\" width=\"207\" height=\"300\" srcset=\"https:\/\/www.schymik.de\/wordpress\/wp-content\/portrait-207x300.jpg 207w, https:\/\/www.schymik.de\/wordpress\/wp-content\/portrait-709x1024.jpg 709w, https:\/\/www.schymik.de\/wordpress\/wp-content\/portrait.jpg 1024w\" sizes=\"(max-width: 207px) 100vw, 207px\" \/><\/a>\u00a0Carsten Schymik aus Aalen.<\/p>\n<p>Aalen liegt in Baden W\u00fcrttemberg. Der Rand der Schw\u00e4bischen Alb, der so genannte Albtrauf bietet hier eine breite Spielwiese f\u00fcr allerlei sportliche Aktivit\u00e4ten.<\/p>\n<p>Bereits seit 1990 bin ich dem Virus Mountainbike verfallen. \u00dcber normale Touren und das Befahren von Wanderwegen bin ich \u00fcber die Jahre immer mehr zu alpinen Unternehmungen gekommen. In den letzten Jahren wurden die Touren immer extremer und anspruchsvoller. Letztlich habe ich meine Passion im Bikebergsteigen und dem Befahren von fahrtechnisch \u00e4u\u00dferst Anspruchsvollen Trails gefunden.<br \/>\nMeine Hobbys sind neben dem Mountainbike noch Klettern, Inlinescaten, Skifahren und Skitouren sowie\u00a0 Internet und Webdesign.\u00a0Daneben bastle ich gerne noch an Bikelampen und am Bike selber herum. An bis zu 30 Tagen im Jahr bin ich mit dem Bike in den Alpen unterwegs.<\/p>\n<p>Neben Alpen\u00fcberquerungen und regelm\u00e4\u00dfigen Besuchen in vielen bekannten Bikerevieren bin ich st\u00e4ndig auf der Suche nach neuen und unentdeckten Pfaden und Trails. Mein Lebensmotto: &#8220;Normal ist langweilig!&#8221;<br \/>\n&#8230;das soll nicht hei\u00dfen, dass ich verr\u00fcckt bin, aber ich mag es, ab und zu mal etwas unkonventionell zu handeln. Warum w\u00fcrde ich sonst mein Bike \u00fcber die Alpen tragen?<br \/>\nBeruflich bin ich als Entwicklungsingenieur bei einem gro\u00dfen Optik-Konzern angestellt. Neben meinen Hobbys verbringe ich jede freie Minute mit meiner Familie und meinen beiden T\u00f6chtern.<\/p>\n<p>Ich schreibe seit einigen Jahren Mountainbike-F\u00fchrer und gebe gelegentlich Fahrtechnikseminare. So kann ich den &#8220;sch\u00f6nsten Sport \u00a0der Welt&#8221; auch Anderen vermitteln und sie motivieren die Faszination Mountainbiken noch intensiver zu erleben. Zudem zeige ich Besuchern gerne mein Heimatrevier und engagiere mich bei der DIMB.<\/p>\n<p>ihr findet mich auch bei:<\/p>\n<p><a href=\"http:\/\/de-de.facebook.com\/people\/Carsten-Schymik\/100001282087929\" target=\"_blank\" rel=\"noopener noreferrer\"><img decoding=\"async\" loading=\"lazy\" class=\"\" title=\"facebook\" src=\"http:\/\/www.schymik.de\/wordpress\/\/wp-content\/facebook.jpg\" alt=\"Carsten Schymik bei Facebook\" width=\"64\" height=\"64\" \/>\u00a0<\/a> <a href=\"http:\/\/www.youtube.com\/user\/CarstenSchymik\" target=\"_blank\" rel=\"noopener noreferrer\"><img decoding=\"async\" loading=\"lazy\" class=\"\" title=\"youtube\" src=\"http:\/\/www.schymik.de\/wordpress\/\/wp-content\/youtube.jpg\" alt=\"Carsten Schymik bei youtube\" width=\"92\" height=\"66\" \/><\/a><a href=\"https:\/\/www.instagram.com\/carstenschymik\/\" target=\"_blank\" rel=\"noopener noreferrer\"><img decoding=\"async\" loading=\"lazy\" class=\"alignleft wp-image-4730\" src=\"http:\/\/www.schymik.de\/wordpress\/wp-content\/instagram.jpg\" alt=\"\" width=\"66\" height=\"64\" \/><\/a><\/p>\n<p><strong>Information und Kontakt:<\/strong><\/p>\n<p><a title=\"Impressum\" href=\"http:\/\/www.schymik.de\/wordpress\/?page_id=1266\">Impressum<\/a> <a title=\"Kontakt\" href=\"http:\/\/www.schymik.de\/wordpress\/?page_id=686\">Kontakt<\/a><\/p>\n<p><strong>Sponsoren:<\/strong><\/p>\n<p><a href=\"http:\/\/www.x-bionic.com\/\" target=\"_blank\" rel=\"noopener noreferrer\"><img decoding=\"async\" loading=\"lazy\" src=\"..\/..\/Transalp\/aktuell\/x-bionic.gif\" alt=\"\" width=\"220\" height=\"41\" border=\"0\" \/><\/a><\/p>\n<p><a href=\"http:\/\/www.liteville.de\/\" target=\"_blank\" rel=\"noopener noreferrer\"><img decoding=\"async\" loading=\"lazy\" src=\"..\/..\/Transalp\/liteville_1.jpg\" alt=\"\" width=\"215\" height=\"48\" border=\"0\" \/><\/a><\/p>\n<p><a href=\"http:\/\/maxxistires.de\/\" target=\"_blank\" rel=\"noopener noreferrer\"><img decoding=\"async\" loading=\"lazy\" style=\"border: 0px;\" src=\"..\/..\/Transalp\/sponsor\/maxxis_1.gif\" alt=\"\" width=\"251\" height=\"62\" border=\"0\" \/><\/a><\/p>\n<p><a href=\"http:\/\/syntace.de\/\" target=\"_blank\" rel=\"noopener noreferrer\"><img decoding=\"async\" loading=\"lazy\" src=\"..\/..\/Transalp\/sponsor\/syntace.gif\" alt=\"\" width=\"178\" height=\"32\" border=\"0\" \/><\/a><\/p>\n<p><a href=\"http:\/\/mytinysun.de\/\" target=\"_blank\" rel=\"noopener noreferrer\"><img decoding=\"async\" loading=\"lazy\" src=\"..\/..\/Transalp\/sponsor\/mytinysun.png\" alt=\"\" width=\"153\" height=\"111\" border=\"0\" \/><\/a><\/p>\n<p><a href=\"http:\/\/deputy-sheriff.eu\/\" target=\"_blank\" rel=\"noopener noreferrer\"><img decoding=\"async\" loading=\"lazy\" class=\"wp-image-2854 alignnone\" src=\"http:\/\/www.schymik.de\/wordpress\/wp-content\/DS_Logo3001-285x300.jpg\" alt=\"DS_Logo_Neu\" width=\"137\" height=\"144\" srcset=\"https:\/\/www.schymik.de\/wordpress\/wp-content\/DS_Logo3001-285x300.jpg 285w, https:\/\/www.schymik.de\/wordpress\/wp-content\/DS_Logo3001.jpg 300w\" sizes=\"(max-width: 137px) 100vw, 137px\" \/><\/a><\/p>\n<h2><a href=\"http:\/\/www.chiba.de\/\" target=\"_blank\" rel=\"noopener noreferrer\"><img decoding=\"async\" loading=\"lazy\" class=\"wp-image-2853 alignnone\" src=\"http:\/\/www.schymik.de\/wordpress\/wp-content\/chiba-logo.jpg\" alt=\"chiba-logo\" width=\"210\" height=\"106\" \/><\/a><\/h2>\n<h2><a title=\"mountain-goat\" href=\"http:\/\/www.mountain-goat.de\/\" target=\"_blank\" rel=\"noopener noreferrer\"><span style=\"color: #000000;\">Mountain Goat<\/span><\/a><\/h2>\n<p><a href=\"http:\/\/www.kettenwixe.com\" target=\"_blank\" rel=\"noopener noreferrer\"><img decoding=\"async\" loading=\"lazy\" title=\"kettenwixe_blk_logo_inet\" src=\"http:\/\/www.schymik.de\/wordpress\/wp-content\/kettenwixe_blk_logo_inet.jpg\" alt=\"\" width=\"187\" height=\"48\" \/><\/a><\/p>\n<p><a href=\"http:\/\/www.ultrasun.ch\/\" target=\"_blank\" rel=\"noopener noreferrer\"><img decoding=\"async\" loading=\"lazy\" title=\"Ultrasun\" src=\"http:\/\/schymik.de\/bilder\/ultrasun.gif\" alt=\"\" width=\"198\" height=\"41\" \/><\/a><\/p>\n","protected":false},"excerpt":{"rendered":"<p>Wer steht hinter dieser Internetseite? \u00a0Carsten Schymik aus Aalen. Aalen liegt in Baden W\u00fcrttemberg. Der Rand der Schw\u00e4bischen Alb, der so genannte Albtrauf bietet hier eine breite Spielwiese f\u00fcr allerlei sportliche Aktivit\u00e4ten. Bereits seit 1990 bin ich dem Virus Mountainbike verfallen. \u00dcber normale Touren und das Befahren von Wanderwegen bin ich \u00fcber die Jahre immer [&hellip;]<\/p>\n","protected":false},"author":1,"featured_media":0,"parent":0,"menu_order":0,"comment_status":"open","ping_status":"open","template":"","meta":[],"yoast_head":"<!-- This site is optimized with the Yoast SEO plugin v21.0 - https:\/\/yoast.com\/wordpress\/plugins\/seo\/ -->\n<title>\u00dcber mich - Transalp Homepage<\/title>\n<meta name=\"robots\" content=\"index, follow, max-snippet:-1, max-image-preview:large, max-video-preview:-1\" \/>\n<link rel=\"canonical\" href=\"https:\/\/www.schymik.de\/wordpress\/uber-mich\/\" \/>\n<meta property=\"og:locale\" content=\"de_DE\" \/>\n<meta property=\"og:type\" content=\"article\" \/>\n<meta property=\"og:title\" content=\"\u00dcber mich - Transalp Homepage\" \/>\n<meta property=\"og:description\" content=\"Wer steht hinter dieser Internetseite? \u00a0Carsten Schymik aus Aalen. Aalen liegt in Baden W\u00fcrttemberg. Der Rand der Schw\u00e4bischen Alb, der so genannte Albtrauf bietet hier eine breite Spielwiese f\u00fcr allerlei sportliche Aktivit\u00e4ten. Bereits seit 1990 bin ich dem Virus Mountainbike verfallen. \u00dcber normale Touren und das Befahren von Wanderwegen bin ich \u00fcber die Jahre immer [&hellip;]\" \/>\n<meta property=\"og:url\" content=\"https:\/\/www.schymik.de\/wordpress\/uber-mich\/\" \/>\n<meta property=\"og:site_name\" content=\"Transalp Homepage\" \/>\n<meta property=\"article:publisher\" content=\"https:\/\/www.facebook.com\/carsten.schymik\" \/>\n<meta property=\"article:modified_time\" content=\"2020-11-22T15:55:46+00:00\" \/>\n<meta property=\"og:image\" content=\"http:\/\/www.schymik.de\/wordpress\/wp-content\/portrait-207x300.jpg\" \/>\n<meta name=\"twitter:card\" content=\"summary_large_image\" \/>\n<meta name=\"twitter:label1\" content=\"Gesch\u00e4tzte Lesezeit\" \/>\n\t<meta name=\"twitter:data1\" content=\"1\u00a0Minute\" \/>\n<script type=\"application\/ld+json\" class=\"yoast-schema-graph\">{\"@context\":\"https:\/\/schema.org\",\"@graph\":[{\"@type\":\"WebPage\",\"@id\":\"https:\/\/www.schymik.de\/wordpress\/uber-mich\/\",\"url\":\"https:\/\/www.schymik.de\/wordpress\/uber-mich\/\",\"name\":\"\u00dcber mich - Transalp Homepage\",\"isPartOf\":{\"@id\":\"https:\/\/www.schymik.de\/wordpress\/#website\"},\"datePublished\":\"2010-06-03T06:56:26+00:00\",\"dateModified\":\"2020-11-22T15:55:46+00:00\",\"breadcrumb\":{\"@id\":\"https:\/\/www.schymik.de\/wordpress\/uber-mich\/#breadcrumb\"},\"inLanguage\":\"de\",\"potentialAction\":[{\"@type\":\"ReadAction\",\"target\":[\"https:\/\/www.schymik.de\/wordpress\/uber-mich\/\"]}]},{\"@type\":\"BreadcrumbList\",\"@id\":\"https:\/\/www.schymik.de\/wordpress\/uber-mich\/#breadcrumb\",\"itemListElement\":[{\"@type\":\"ListItem\",\"position\":1,\"name\":\"Startseite\",\"item\":\"https:\/\/www.schymik.de\/wordpress\/\"},{\"@type\":\"ListItem\",\"position\":2,\"name\":\"\u00dcber mich\"}]},{\"@type\":\"WebSite\",\"@id\":\"https:\/\/www.schymik.de\/wordpress\/#website\",\"url\":\"https:\/\/www.schymik.de\/wordpress\/\",\"name\":\"Transalp Homepage\",\"description\":\"Alles rund ums Mountainbike, Alpencross und Bikebergsteigen\",\"publisher\":{\"@id\":\"https:\/\/www.schymik.de\/wordpress\/#\/schema\/person\/f4792950b1a3875a57d4fc2380f11e22\"},\"potentialAction\":[{\"@type\":\"SearchAction\",\"target\":{\"@type\":\"EntryPoint\",\"urlTemplate\":\"https:\/\/www.schymik.de\/wordpress\/?s={search_term_string}\"},\"query-input\":\"required name=search_term_string\"}],\"inLanguage\":\"de\"},{\"@type\":[\"Person\",\"Organization\"],\"@id\":\"https:\/\/www.schymik.de\/wordpress\/#\/schema\/person\/f4792950b1a3875a57d4fc2380f11e22\",\"name\":\"Carsten\",\"image\":{\"@type\":\"ImageObject\",\"inLanguage\":\"de\",\"@id\":\"https:\/\/www.schymik.de\/wordpress\/#\/schema\/person\/image\/\",\"url\":\"https:\/\/www.schymik.de\/wordpress\/wp-content\/Schymik-Carsten-51x51cm.jpg\",\"contentUrl\":\"https:\/\/www.schymik.de\/wordpress\/wp-content\/Schymik-Carsten-51x51cm.jpg\",\"width\":1530,\"height\":1530,\"caption\":\"Carsten\"},\"logo\":{\"@id\":\"https:\/\/www.schymik.de\/wordpress\/#\/schema\/person\/image\/\"},\"sameAs\":[\"http:\/\/www.schymik.de\",\"https:\/\/www.facebook.com\/carsten.schymik\",\"https:\/\/www.instagram.com\/carstenschymik\/\",\"https:\/\/www.youtube.com\/@CarstenSchymik\"]}]}<\/script>\n<!-- \/ Yoast SEO plugin. -->","yoast_head_json":{"title":"\u00dcber mich - Transalp Homepage","robots":{"index":"index","follow":"follow","max-snippet":"max-snippet:-1","max-image-preview":"max-image-preview:large","max-video-preview":"max-video-preview:-1"},"canonical":"https:\/\/www.schymik.de\/wordpress\/uber-mich\/","og_locale":"de_DE","og_type":"article","og_title":"\u00dcber mich - Transalp Homepage","og_description":"Wer steht hinter dieser Internetseite? \u00a0Carsten Schymik aus Aalen. Aalen liegt in Baden W\u00fcrttemberg. Der Rand der Schw\u00e4bischen Alb, der so genannte Albtrauf bietet hier eine breite Spielwiese f\u00fcr allerlei sportliche Aktivit\u00e4ten. Bereits seit 1990 bin ich dem Virus Mountainbike verfallen. \u00dcber normale Touren und das Befahren von Wanderwegen bin ich \u00fcber die Jahre immer [&hellip;]","og_url":"https:\/\/www.schymik.de\/wordpress\/uber-mich\/","og_site_name":"Transalp Homepage","article_publisher":"https:\/\/www.facebook.com\/carsten.schymik","article_modified_time":"2020-11-22T15:55:46+00:00","og_image":[{"url":"http:\/\/www.schymik.de\/wordpress\/wp-content\/portrait-207x300.jpg"}],"twitter_card":"summary_large_image","twitter_misc":{"Gesch\u00e4tzte Lesezeit":"1\u00a0Minute"},"schema":{"@context":"https:\/\/schema.org","@graph":[{"@type":"WebPage","@id":"https:\/\/www.schymik.de\/wordpress\/uber-mich\/","url":"https:\/\/www.schymik.de\/wordpress\/uber-mich\/","name":"\u00dcber mich - Transalp Homepage","isPartOf":{"@id":"https:\/\/www.schymik.de\/wordpress\/#website"},"datePublished":"2010-06-03T06:56:26+00:00","dateModified":"2020-11-22T15:55:46+00:00","breadcrumb":{"@id":"https:\/\/www.schymik.de\/wordpress\/uber-mich\/#breadcrumb"},"inLanguage":"de","potentialAction":[{"@type":"ReadAction","target":["https:\/\/www.schymik.de\/wordpress\/uber-mich\/"]}]},{"@type":"BreadcrumbList","@id":"https:\/\/www.schymik.de\/wordpress\/uber-mich\/#breadcrumb","itemListElement":[{"@type":"ListItem","position":1,"name":"Startseite","item":"https:\/\/www.schymik.de\/wordpress\/"},{"@type":"ListItem","position":2,"name":"\u00dcber mich"}]},{"@type":"WebSite","@id":"https:\/\/www.schymik.de\/wordpress\/#website","url":"https:\/\/www.schymik.de\/wordpress\/","name":"Transalp Homepage","description":"Alles rund ums Mountainbike, Alpencross und Bikebergsteigen","publisher":{"@id":"https:\/\/www.schymik.de\/wordpress\/#\/schema\/person\/f4792950b1a3875a57d4fc2380f11e22"},"potentialAction":[{"@type":"SearchAction","target":{"@type":"EntryPoint","urlTemplate":"https:\/\/www.schymik.de\/wordpress\/?s={search_term_string}"},"query-input":"required name=search_term_string"}],"inLanguage":"de"},{"@type":["Person","Organization"],"@id":"https:\/\/www.schymik.de\/wordpress\/#\/schema\/person\/f4792950b1a3875a57d4fc2380f11e22","name":"Carsten","image":{"@type":"ImageObject","inLanguage":"de","@id":"https:\/\/www.schymik.de\/wordpress\/#\/schema\/person\/image\/","url":"https:\/\/www.schymik.de\/wordpress\/wp-content\/Schymik-Carsten-51x51cm.jpg","contentUrl":"https:\/\/www.schymik.de\/wordpress\/wp-content\/Schymik-Carsten-51x51cm.jpg","width":1530,"height":1530,"caption":"Carsten"},"logo":{"@id":"https:\/\/www.schymik.de\/wordpress\/#\/schema\/person\/image\/"},"sameAs":["http:\/\/www.schymik.de","https:\/\/www.facebook.com\/carsten.schymik","https:\/\/www.instagram.com\/carstenschymik\/","https:\/\/www.youtube.com\/@CarstenSchymik"]}]}},"_links":{"self":[{"href":"https:\/\/www.schymik.de\/wordpress\/wp-json\/wp\/v2\/pages\/810"}],"collection":[{"href":"https:\/\/www.schymik.de\/wordpress\/wp-json\/wp\/v2\/pages"}],"about":[{"href":"https:\/\/www.schymik.de\/wordpress\/wp-json\/wp\/v2\/types\/page"}],"author":[{"embeddable":true,"href":"https:\/\/www.schymik.de\/wordpress\/wp-json\/wp\/v2\/users\/1"}],"replies":[{"embeddable":true,"href":"https:\/\/www.schymik.de\/wordpress\/wp-json\/wp\/v2\/comments?post=810"}],"version-history":[{"count":22,"href":"https:\/\/www.schymik.de\/wordpress\/wp-json\/wp\/v2\/pages\/810\/revisions"}],"predecessor-version":[{"id":4732,"href":"https:\/\/www.schymik.de\/wordpress\/wp-json\/wp\/v2\/pages\/810\/revisions\/4732"}],"wp:attachment":[{"href":"https:\/\/www.schymik.de\/wordpress\/wp-json\/wp\/v2\/media?parent=810"}],"curies":[{"name":"wp","href":"https:\/\/api.w.org\/{rel}","templated":true}]}}