{"id":829,"date":"2010-06-12T09:24:59","date_gmt":"2010-06-12T08:24:59","guid":{"rendered":"http:\/\/www.schymik.de\/wordpress\/?page_id=829"},"modified":"2023-01-12T08:31:46","modified_gmt":"2023-01-12T07:31:46","slug":"transalp","status":"publish","type":"page","link":"https:\/\/www.schymik.de\/wordpress\/transalp\/","title":{"rendered":"Transalp"},"content":{"rendered":"<p>F\u00fcr die meisten Mountainbiker ist die \u00dcberquerung der Alpen das gr\u00f6\u00dfte Ziel, das sie irgend wann einmal erreichen wollen. Die Alpen\u00fcberquerung wird zur gr\u00f6\u00dften Herausforderung, ja zum Lebensinhalt&#8230; Das unvergleichliche Naturerlebnis, das Ausloten der pers\u00f6nlichen Grenzen das erhebende Gef\u00fchl etwas besonderes vollbracht zu haben&#8230;<\/p>\n<p style=\"text-align: center;\"><a href=\"http:\/\/www.schymik.de\/Transalp\/Alpen.jpg\"><img decoding=\"async\" loading=\"lazy\" class=\"aligncenter\" title=\"Transalp\" src=\"http:\/\/www.schymik.de\/Transalp\/Alpen.jpg\" alt=\"\" width=\"420\" height=\"254\"\/><\/a><\/p>\n<p>F\u00fcr all Jene ist diese Seite gedacht, das Erlebte zu berichten, die Erfahrungen weiterzugeben oder Informationen zu beschaffen&#8230;<\/p>\n\n\n<div class=\"is-layout-flex wp-container-3 wp-block-columns\">\n<div class=\"is-layout-flow wp-block-column\">\n<p><strong>Meine bisherigen Touren<\/strong> <\/p>\n\n\n\n<p>In Zahlreichen Reiseberichten schildere ich meine Erlebnisse und zeige atemberaubende Fotos. Daneben liefern die Reiseberichte auch wertvolle Erfahrungen f\u00fcr Eure Tour.<br \/><br \/><br \/><\/p>\n\n\n\n<p><a href=\"http:\/\/www.schymik.de\/Transalp\/Alpen97.htm\">Wie alles Begann: Transalp 1997<\/a><\/p>\n\n\n\n<p>von Mittenwald in die Dolomiten<\/p>\n\n\n\n<p><a href=\"http:\/\/www.schymik.de\/Transalp\/Alpen98.htm\">Die Fortsetzung 1998<\/a><\/p>\n\n\n\n<p>vom Brenner an der Gardasee<\/p>\n\n\n\n<p><a href=\"http:\/\/www.schymik.de\/Transalp\/Alpen99.htm\">Die Standard-Route 1999<\/a><\/p>\n\n\n\n<p>St.Anton- Gardasee<\/p>\n\n\n\n<p><a href=\"http:\/\/www.schymik.de\/Transalp\/Alpen00.htm\">2000 mal etwas Anderes<\/a><\/p>\n\n\n\n<p>Bodensee-Lago Maggiore<\/p>\n\n\n\n<p><a href=\"http:\/\/www.schymik.de\/Transalp\/Tour2001\/Alpen01.htm\">Im Kreis herum 2001<\/a><\/p>\n\n\n\n<p>Rundtour durch Graub\u00fcnden<\/p>\n\n\n\n<p><a href=\"fhttp:\/\/www.schymik.de\/Transalp\/Tour2002\/Alpen02.htm\">Dolomiten 2002<\/a><\/p>\n\n\n\n<p>Touren in den Dolomiten<\/p>\n\n\n\n<p><a href=\"http:\/\/www.schymik.de\/Transalp\/Tour2003\/Alpen03.htm\">Jetzt gehts richtig los 2003<\/a><\/p>\n\n\n\n<p>Alpencross Chiemsee Gardasee<\/p>\n\n\n\n<p><a href=\"http:\/\/www.schymik.de\/Transalp\/Tour2004\/tour_2004_startseite.htm\">2004 Abenteuer Alpencross<\/a><\/p>\n\n\n\n<p>Filmprojekt: Mittenwald Gardasee<\/p>\n\n\n\n<p>Die <a href=\"http:\/\/www.schymik.de\/wordpress\/?p=28\">DVD<\/a> vom Alpencross<\/p>\n\n\n\n<p><a href=\"http:\/\/www.schymik.de\/Transalp\/oetz_2004\/page_01.htm\">\u00d6tzirunde 2004<\/a><\/p>\n\n\n\n<p>Similaun, Eisj\u00f6chl, Timmelsjoch<\/p>\n\n\n\n<p><a href=\"http:\/\/www.schymik.de\/Transalp\/ibk04\/ibk04.htm\">Innsbruck 2004<\/a><\/p>\n\n\n\n<p>Nordpark ein Erlebnisbericht<\/p>\n\n\n\n<p><a href=\"http:\/\/www.schymik.de\/wordpress\/?p=14\">AlpenX `05<\/a><\/p>\n\n\n\n<p>Kirchberg-Gardasee<\/p>\n\n\n\n<p><a href=\"http:\/\/www.schymik.de\/wordpress\/?p=50\">FRAX `06<\/a><\/p>\n\n\n\n<p>Oberstdorf Chur<\/p>\n\n\n\n<p><a href=\"http:\/\/www.schymik.de\/wordpress\/?p=111\">Westalpen `07<\/a><\/p>\n\n\n\n<p>Gesteig-Aoasta-Zermatt-Sion<\/p>\n\n\n\n<p>Die <a href=\"http:\/\/www.schymik.de\/wordpress\/?p=124\">DVD<\/a> zur Westalpentour<\/p>\n\n\n\n<p><a href=\"http:\/\/www.schymik.de\/wordpress\/?p=211\">Transswiss 2008<\/a><\/p>\n\n\n\n<p>von Davos nach Zermatt<\/p>\n\n\n\n<p><a href=\"http:\/\/www.schymik.de\/wordpress\/?p=402\">Trail Transalp Tirol 2009<\/a><\/p>\n\n\n\n<p>Spa\u00df am Limit vom Karwendel an den Gardasee<\/p>\n\n\n\n<p>Die <a href=\"http:\/\/www.schymik.de\/wordpress\/?p=445\">DVD <\/a>von der TTT<\/p>\n\n\n\n<p><a href=\"http:\/\/www.schymik.de\/wordpress\/?cat=28\">Hannibal X Trail 2011<\/a><\/p>\n\n\n\n<p>Auf einer extremen Gletscherroute vom Stubaital an den Gardasee<\/p>\n\n\n\n<p><a href=\"http:\/\/www.schymik.de\/wordpress\/category\/2015-inner-circe-project\/\">2015 Inner Circe Project<\/a><\/p>\n\n\n\n<p>Im Sommer waren wir am Ortler unterwegs. Beim sogenannten Inner Circle-Project haben wir auf einer neuen und extremen Route den Ortler umrundet.<\/p>\n\n\n\n<p><a href=\"https:\/\/www.schymik.de\/wordpress\/oetzirunde-2-0\/\">2017 \u00d6tzirunde 2.0<\/a><\/p>\n\n\n\n<p>Die \u00d6tzirunde 2.0 f\u00fchrt uns vom Timmelsjoch \u00fcber das Passeiertal ins Schnalstal und \u00fcber das Hochjoch zur\u00fcck nach Vent.<\/p>\n\n\n\n<p><a href=\"http:\/\/www.schymik.de\/wordpress\/category\/2017-20-jahre-alpencross\/\">2017 20 Jahre Alpencross<\/a><\/p>\n\n\n\n<p>nach 20 Jahren nochmal auf der selben Route von 1997&#8230;was daraus geworden ist<\/p>\n\n\n\n<p><a href=\"http:\/\/www.schymik.de\/wordpress\/category\/2018-transdolo\/\">2018 Transdolo<\/a><\/p>\n\n\n\n<p>von Brixen nach Toblach<\/p>\n\n\n\n<p><a href=\"http:\/\/www.schymik.de\/wordpress\/komplizentour\/\">2020 Komplizentour<\/a><\/p>\n\n\n\n<p>Gemeinsam mit meiner Tochter und meiner Partnerin im Dreil\u00e4ndereck<\/p>\n\n\n\n<p><a href=\"https:\/\/www.schymik.de\/wordpress\/die-reise-zum-sinn\/\">2022 Die Reise zum Sinn<\/a><\/p>\n\n\n\n<p>in drei Tagen von Oberstdorf nach Scoul<\/p>\n<\/div>\n\n\n\n<div class=\"is-layout-flow wp-block-column\">\n<p><strong>Ihr plant selber eine Alpen\u00fcberquerung?<\/strong> <\/p>\n\n\n\n<p>Hier erhaltet Ihr alle erdenklichen Infos zum Thema Transalp. Ob es um Kosten, Packlisten, die richte Routenwahl oder um die Heimreise geht oder einfach nur um die Frage welche Schuhe man anziehen soll&#8230;hier bleibt nichts unbeantwortet.<\/p>\n\n\n\n<p><a href=\"http:\/\/www.schymik.de\/Transalp\/intentionen.htm\" target=\"_blank\" rel=\"noreferrer noopener\">Warum<\/a><\/p>\n\n\n\n<p>&#8230;tun wir uns das eigentlich an? Hier einige Gr\u00fcnde<\/p>\n\n\n\n<p><a href=\"http:\/\/www.schymik.de\/wordpress\/?page_id=1110\">FAQ und Allgemeines<\/a><\/p>\n\n\n\n<p>Alle Fragen die so rund ums Thema Alpencross immer wieder gestellt werden<\/p>\n\n\n\n<p><a href=\"..\/..\/Transalp\/Alpenl.htm\" target=\"_blank\" rel=\"noreferrer noopener\">Transalp Links<\/a><\/p>\n\n\n\n<p>Die gr\u00f6\u00dfte Transalp-Linksammlung im ganzen Web. Hier findet Ihr unz\u00e4hlige Seiten zu diesem Thema sowie weitere Reiseberichte.<\/p>\n\n\n\n<p><a href=\"http:\/\/www.schymik.de\/wordpress\/transalp\/4242-2\/\" target=\"_blank\" rel=\"noreferrer noopener\">Packliste<\/a><\/p>\n\n\n\n<p>Was brauch ich alles, worauf kann ich verzichten?<\/p>\n\n\n\n<p><a href=\"http:\/\/www.schymik.de\/wordpress\/?page_id=1100\">Transalp-Bike<\/a><\/p>\n\n\n\n<p>Welches Bike ist f\u00fcr einen Alpencross geeignet, was mu\u00df alles dran sein?<\/p>\n\n\n\n<p><a href=\"http:\/\/www.schymik.de\/wordpress\/?page_id=863\">P\u00e4sse<\/a><\/p>\n\n\n\n<p>Umfangreise Sammlung all jener P\u00e4sse, die ich bereits befahren habe mit genauen Angaben \u00fcber Wegbeschaffenheit und Fahrbarkeit<\/p>\n\n\n\n<p><a href=\"..\/..\/Transalp\/Alpenv.htm\" target=\"_blank\" rel=\"noreferrer noopener\">Transalp-Veranstalter<\/a><\/p>\n\n\n\n<p>Das erste mal, keinen Partner gefunden oder einfach keine Lust die Tour selbst zu organisieren? &#8230;dann findet Ihr hier eine Auswahl von kommerziellen Veranstaltern<\/p>\n\n\n\n<p><a href=\"..\/..\/Transalp\/Alpenbuch.htm\" target=\"_blank\" rel=\"noreferrer noopener\">Literatur<\/a><\/p>\n\n\n\n<p>B\u00fccher zum Thema Alpencross gibt es inzwischen einige. Hier die Markt\u00fcbersicht<\/p>\n\n\n\n<p><a href=\"http:\/\/www.schymik.de\/Transalp\/Alpenkrieg.htm\" target=\"_blank\" rel=\"noreferrer noopener\">B\u00fccher zum Ersten Weltkrieg<\/a><\/p>\n\n\n\n<p>B\u00fccher zum Thema Gebirgskrieg am Ortler \u00fcber den Gardasee, den Dolomiten bis in die Julischen Alpen<\/p>\n\n\n\n<p><a href=\"http:\/\/www.schymik.de\/Transalp\/Alpenmap.htm\" target=\"_blank\" rel=\"noreferrer noopener\">Karten<\/a><\/p>\n\n\n\n<p>f\u00fcr die Tourenplanung&#8230;eine \u00dcbersicht \u00fcber alle derzeit verf\u00fcgbaren Karten digital, online oder gedruckt<\/p>\n\n\n\n<p><a href=\"http:\/\/www.schymik.de\/wordpress\/?p=3479\" target=\"_blank\" rel=\"noreferrer noopener\">R\u00fcckreise<\/a><\/p>\n\n\n\n<p>Gardasee erreicht&#8230;was nun? wie kommt man am Besten wieder heim?<\/p>\n\n\n\n<p><a href=\"..\/..\/Transalp\/Alpendvd.htm\" target=\"_blank\" rel=\"noreferrer noopener\">DVD\u00b4s und Videos<\/a><\/p>\n\n\n\n<p>DVD\u00b4s und Videos zum Thema Alpencross gibt es auch zu kaufen. Hier die Markt\u00fcbersicht<\/p>\n\n\n\n<p><a href=\"..\/..\/Transalp\/gps\/gps.htm\" target=\"_blank\" rel=\"noreferrer noopener\">GPS-Naviagtion<\/a><\/p>\n\n\n\n<p>Alles zum Thema GPS Navigation. Hintergrundinformationen, Software, Ger\u00e4te, Buchtipps<\/p>\n\n\n\n<p><a href=\"http:\/\/www.schymik.de\/Transalp\/Alpenwetter.htm\" target=\"_blank\" rel=\"noreferrer noopener\">Das Wetter<\/a><\/p>\n\n\n\n<p>spielt bei der Alpen\u00fcberquerung immer eine zentrale Rolle. Hier findet Ihr die wichtigsten Wetterlinks sowie B\u00fccher zum Thema alpine Wetterkunde<\/p>\n<\/div>\n<\/div>\n","protected":false},"excerpt":{"rendered":"<p>F\u00fcr die meisten Mountainbiker ist die \u00dcberquerung der Alpen das gr\u00f6\u00dfte Ziel, das sie irgend wann einmal erreichen wollen. Die Alpen\u00fcberquerung wird zur gr\u00f6\u00dften Herausforderung, ja zum Lebensinhalt&#8230; Das unvergleichliche Naturerlebnis, das Ausloten der pers\u00f6nlichen Grenzen das erhebende Gef\u00fchl etwas besonderes vollbracht zu haben&#8230; F\u00fcr all Jene ist diese Seite gedacht, das Erlebte zu berichten, [&hellip;]<\/p>\n","protected":false},"author":1,"featured_media":0,"parent":0,"menu_order":0,"comment_status":"closed","ping_status":"closed","template":"","meta":[],"yoast_head":"<!-- This site is optimized with the Yoast SEO plugin v21.0 - https:\/\/yoast.com\/wordpress\/plugins\/seo\/ -->\n<title>Transalp - Transalp Homepage<\/title>\n<meta name=\"robots\" content=\"index, follow, max-snippet:-1, max-image-preview:large, max-video-preview:-1\" \/>\n<link rel=\"canonical\" href=\"https:\/\/www.schymik.de\/wordpress\/transalp\/\" \/>\n<meta property=\"og:locale\" content=\"de_DE\" \/>\n<meta property=\"og:type\" content=\"article\" \/>\n<meta property=\"og:title\" content=\"Transalp - Transalp Homepage\" \/>\n<meta property=\"og:description\" content=\"F\u00fcr die meisten Mountainbiker ist die \u00dcberquerung der Alpen das gr\u00f6\u00dfte Ziel, das sie irgend wann einmal erreichen wollen. Die Alpen\u00fcberquerung wird zur gr\u00f6\u00dften Herausforderung, ja zum Lebensinhalt&#8230; Das unvergleichliche Naturerlebnis, das Ausloten der pers\u00f6nlichen Grenzen das erhebende Gef\u00fchl etwas besonderes vollbracht zu haben&#8230; F\u00fcr all Jene ist diese Seite gedacht, das Erlebte zu berichten, [&hellip;]\" \/>\n<meta property=\"og:url\" content=\"https:\/\/www.schymik.de\/wordpress\/transalp\/\" \/>\n<meta property=\"og:site_name\" content=\"Transalp Homepage\" \/>\n<meta property=\"article:publisher\" content=\"https:\/\/www.facebook.com\/carsten.schymik\" \/>\n<meta property=\"article:modified_time\" content=\"2023-01-12T07:31:46+00:00\" \/>\n<meta property=\"og:image\" content=\"http:\/\/www.schymik.de\/Transalp\/Alpen.jpg\" \/>\n<meta name=\"twitter:card\" content=\"summary_large_image\" \/>\n<meta name=\"twitter:label1\" content=\"Gesch\u00e4tzte Lesezeit\" \/>\n\t<meta name=\"twitter:data1\" content=\"4\u00a0Minuten\" \/>\n<script type=\"application\/ld+json\" class=\"yoast-schema-graph\">{\"@context\":\"https:\/\/schema.org\",\"@graph\":[{\"@type\":\"WebPage\",\"@id\":\"https:\/\/www.schymik.de\/wordpress\/transalp\/\",\"url\":\"https:\/\/www.schymik.de\/wordpress\/transalp\/\",\"name\":\"Transalp - Transalp Homepage\",\"isPartOf\":{\"@id\":\"https:\/\/www.schymik.de\/wordpress\/#website\"},\"datePublished\":\"2010-06-12T08:24:59+00:00\",\"dateModified\":\"2023-01-12T07:31:46+00:00\",\"breadcrumb\":{\"@id\":\"https:\/\/www.schymik.de\/wordpress\/transalp\/#breadcrumb\"},\"inLanguage\":\"de\",\"potentialAction\":[{\"@type\":\"ReadAction\",\"target\":[\"https:\/\/www.schymik.de\/wordpress\/transalp\/\"]}]},{\"@type\":\"BreadcrumbList\",\"@id\":\"https:\/\/www.schymik.de\/wordpress\/transalp\/#breadcrumb\",\"itemListElement\":[{\"@type\":\"ListItem\",\"position\":1,\"name\":\"Startseite\",\"item\":\"https:\/\/www.schymik.de\/wordpress\/\"},{\"@type\":\"ListItem\",\"position\":2,\"name\":\"Transalp\"}]},{\"@type\":\"WebSite\",\"@id\":\"https:\/\/www.schymik.de\/wordpress\/#website\",\"url\":\"https:\/\/www.schymik.de\/wordpress\/\",\"name\":\"Transalp Homepage\",\"description\":\"Alles rund ums Mountainbike, Alpencross und Bikebergsteigen\",\"publisher\":{\"@id\":\"https:\/\/www.schymik.de\/wordpress\/#\/schema\/person\/f4792950b1a3875a57d4fc2380f11e22\"},\"potentialAction\":[{\"@type\":\"SearchAction\",\"target\":{\"@type\":\"EntryPoint\",\"urlTemplate\":\"https:\/\/www.schymik.de\/wordpress\/?s={search_term_string}\"},\"query-input\":\"required name=search_term_string\"}],\"inLanguage\":\"de\"},{\"@type\":[\"Person\",\"Organization\"],\"@id\":\"https:\/\/www.schymik.de\/wordpress\/#\/schema\/person\/f4792950b1a3875a57d4fc2380f11e22\",\"name\":\"Carsten\",\"image\":{\"@type\":\"ImageObject\",\"inLanguage\":\"de\",\"@id\":\"https:\/\/www.schymik.de\/wordpress\/#\/schema\/person\/image\/\",\"url\":\"https:\/\/www.schymik.de\/wordpress\/wp-content\/Schymik-Carsten-51x51cm.jpg\",\"contentUrl\":\"https:\/\/www.schymik.de\/wordpress\/wp-content\/Schymik-Carsten-51x51cm.jpg\",\"width\":1530,\"height\":1530,\"caption\":\"Carsten\"},\"logo\":{\"@id\":\"https:\/\/www.schymik.de\/wordpress\/#\/schema\/person\/image\/\"},\"sameAs\":[\"http:\/\/www.schymik.de\",\"https:\/\/www.facebook.com\/carsten.schymik\",\"https:\/\/www.instagram.com\/carstenschymik\/\",\"https:\/\/www.youtube.com\/@CarstenSchymik\"]}]}<\/script>\n<!-- \/ Yoast SEO plugin. -->","yoast_head_json":{"title":"Transalp - Transalp Homepage","robots":{"index":"index","follow":"follow","max-snippet":"max-snippet:-1","max-image-preview":"max-image-preview:large","max-video-preview":"max-video-preview:-1"},"canonical":"https:\/\/www.schymik.de\/wordpress\/transalp\/","og_locale":"de_DE","og_type":"article","og_title":"Transalp - Transalp Homepage","og_description":"F\u00fcr die meisten Mountainbiker ist die \u00dcberquerung der Alpen das gr\u00f6\u00dfte Ziel, das sie irgend wann einmal erreichen wollen. Die Alpen\u00fcberquerung wird zur gr\u00f6\u00dften Herausforderung, ja zum Lebensinhalt&#8230; Das unvergleichliche Naturerlebnis, das Ausloten der pers\u00f6nlichen Grenzen das erhebende Gef\u00fchl etwas besonderes vollbracht zu haben&#8230; F\u00fcr all Jene ist diese Seite gedacht, das Erlebte zu berichten, [&hellip;]","og_url":"https:\/\/www.schymik.de\/wordpress\/transalp\/","og_site_name":"Transalp Homepage","article_publisher":"https:\/\/www.facebook.com\/carsten.schymik","article_modified_time":"2023-01-12T07:31:46+00:00","og_image":[{"url":"http:\/\/www.schymik.de\/Transalp\/Alpen.jpg"}],"twitter_card":"summary_large_image","twitter_misc":{"Gesch\u00e4tzte Lesezeit":"4\u00a0Minuten"},"schema":{"@context":"https:\/\/schema.org","@graph":[{"@type":"WebPage","@id":"https:\/\/www.schymik.de\/wordpress\/transalp\/","url":"https:\/\/www.schymik.de\/wordpress\/transalp\/","name":"Transalp - Transalp Homepage","isPartOf":{"@id":"https:\/\/www.schymik.de\/wordpress\/#website"},"datePublished":"2010-06-12T08:24:59+00:00","dateModified":"2023-01-12T07:31:46+00:00","breadcrumb":{"@id":"https:\/\/www.schymik.de\/wordpress\/transalp\/#breadcrumb"},"inLanguage":"de","potentialAction":[{"@type":"ReadAction","target":["https:\/\/www.schymik.de\/wordpress\/transalp\/"]}]},{"@type":"BreadcrumbList","@id":"https:\/\/www.schymik.de\/wordpress\/transalp\/#breadcrumb","itemListElement":[{"@type":"ListItem","position":1,"name":"Startseite","item":"https:\/\/www.schymik.de\/wordpress\/"},{"@type":"ListItem","position":2,"name":"Transalp"}]},{"@type":"WebSite","@id":"https:\/\/www.schymik.de\/wordpress\/#website","url":"https:\/\/www.schymik.de\/wordpress\/","name":"Transalp Homepage","description":"Alles rund ums Mountainbike, Alpencross und Bikebergsteigen","publisher":{"@id":"https:\/\/www.schymik.de\/wordpress\/#\/schema\/person\/f4792950b1a3875a57d4fc2380f11e22"},"potentialAction":[{"@type":"SearchAction","target":{"@type":"EntryPoint","urlTemplate":"https:\/\/www.schymik.de\/wordpress\/?s={search_term_string}"},"query-input":"required name=search_term_string"}],"inLanguage":"de"},{"@type":["Person","Organization"],"@id":"https:\/\/www.schymik.de\/wordpress\/#\/schema\/person\/f4792950b1a3875a57d4fc2380f11e22","name":"Carsten","image":{"@type":"ImageObject","inLanguage":"de","@id":"https:\/\/www.schymik.de\/wordpress\/#\/schema\/person\/image\/","url":"https:\/\/www.schymik.de\/wordpress\/wp-content\/Schymik-Carsten-51x51cm.jpg","contentUrl":"https:\/\/www.schymik.de\/wordpress\/wp-content\/Schymik-Carsten-51x51cm.jpg","width":1530,"height":1530,"caption":"Carsten"},"logo":{"@id":"https:\/\/www.schymik.de\/wordpress\/#\/schema\/person\/image\/"},"sameAs":["http:\/\/www.schymik.de","https:\/\/www.facebook.com\/carsten.schymik","https:\/\/www.instagram.com\/carstenschymik\/","https:\/\/www.youtube.com\/@CarstenSchymik"]}]}},"_links":{"self":[{"href":"https:\/\/www.schymik.de\/wordpress\/wp-json\/wp\/v2\/pages\/829"}],"collection":[{"href":"https:\/\/www.schymik.de\/wordpress\/wp-json\/wp\/v2\/pages"}],"about":[{"href":"https:\/\/www.schymik.de\/wordpress\/wp-json\/wp\/v2\/types\/page"}],"author":[{"embeddable":true,"href":"https:\/\/www.schymik.de\/wordpress\/wp-json\/wp\/v2\/users\/1"}],"replies":[{"embeddable":true,"href":"https:\/\/www.schymik.de\/wordpress\/wp-json\/wp\/v2\/comments?post=829"}],"version-history":[{"count":38,"href":"https:\/\/www.schymik.de\/wordpress\/wp-json\/wp\/v2\/pages\/829\/revisions"}],"predecessor-version":[{"id":5585,"href":"https:\/\/www.schymik.de\/wordpress\/wp-json\/wp\/v2\/pages\/829\/revisions\/5585"}],"wp:attachment":[{"href":"https:\/\/www.schymik.de\/wordpress\/wp-json\/wp\/v2\/media?parent=829"}],"curies":[{"name":"wp","href":"https:\/\/api.w.org\/{rel}","templated":true}]}}