{"id":863,"date":"2010-06-19T13:15:14","date_gmt":"2010-06-19T12:15:14","guid":{"rendered":"http:\/\/www.schymik.de\/wordpress\/?page_id=863"},"modified":"2023-05-30T07:56:41","modified_gmt":"2023-05-30T06:56:41","slug":"pass-datenbank","status":"publish","type":"page","link":"https:\/\/www.schymik.de\/wordpress\/pass-datenbank\/","title":{"rendered":"Pass-Datenbank"},"content":{"rendered":"<p>Hier\u00a0 stelle ich alle P\u00e4sse die ich selber gefahren bin vor.<\/p>\n<p style=\"text-align: center;\">\n<figure style=\"width: 360px\" class=\"wp-caption aligncenter\"><a href=\"http:\/\/www.schymik.de\/fotodb\/data\/media\/26\/transtirol_09_02_14.jpg\"><img decoding=\"async\" loading=\"lazy\" class=\" \" title=\"auf dem Pass\" src=\"http:\/\/www.schymik.de\/fotodb\/data\/media\/26\/transtirol_09_02_14.jpg\" alt=\"auf dem Pass\" width=\"360\" height=\"451\" \/><\/a><figcaption class=\"wp-caption-text\">auf dem Pass<\/figcaption><\/figure>\n<p><b>Pass-Datenbank (derzeit nicht funktionsf\u00e4hig, sorry)<\/b><br \/>\n<iframe loading=\"lazy\" src=\"https:\/\/www.schymik.de\/passdb\" width=\"900\" height=\"700\"><\/iframe><\/p>\n<p><a title=\"Passdatenbank Vollbild\" href=\"http:\/\/www.schymik.de\/passdb\/\" target=\"_blank\" rel=\"noopener noreferrer\">Vollbild-Anzeige<\/a><b>\u00a0(derzeit nicht funktionsf\u00e4hig, sorry)<\/b><\/p>\n<ul>\n<li>Alle Angaben ohne Gew\u00e4hr, spiegeln gr\u00f6\u00dftenteils meine eigenen Erfahrungen wieder.<\/li>\n<li>Die Kartennummern beziehen\u00a0 sich auf <a title=\"Kompass Karten\" href=\"http:\/\/www.amazon.de\/exec\/obidos\/redirect?link_code=ur2&amp;tag=transalphomep-21&amp;camp=1638&amp;creative=6742&amp;path=external-search%3Fsearch-type=ss%26index=blended%26keyword=kompass%20karten\" target=\"_blank\" rel=\"noopener noreferrer\">Kompass-Karten<\/a><\/li>\n<li>Auflistung in alphabetischer Reihenfolge.<\/li>\n<li>Die Schwierigkeit der Abfahrten von den P\u00e4ssen wurde in die <a title=\"STS\" href=\"http:\/\/www.singletrail-skala.de\/\" target=\"_blank\" rel=\"noopener noreferrer\">Singletrail-Skala<\/a> eingeteilt.<\/li>\n<li>Die Schwierigkeitseinteilung dient der Orientierung.<\/li>\n<\/ul>\n<p>Witterungsbedingungen und k\u00f6rperliche Verfassung des Bikers k\u00f6nnen den Trail wesentlich schwieriger erscheinen lassen als klassifiziert.<br \/>\nDie Schwierigkeit kann sich im Alpinen Gel\u00e4nde aufgrund von Erosion aber auch durch Wegebauma\u00dfnamen schnell \u00e4ndern.<br \/>\nDeshalb ist bei dieser Einteilung jegliche Haftung und jegliche Gew\u00e4hr grunds\u00e4tzlich ausgeschlossen!<\/p>\n<figure style=\"width: 286px\" class=\"wp-caption alignleft\"><a href=\"http:\/\/www.schymik.de\/Transalp\/passdb_ge.jpg\"><img decoding=\"async\" loading=\"lazy\" class=\"  \" title=\"Vorschau-Bild Google Earth \" src=\"http:\/\/www.schymik.de\/Transalp\/passdb_ge.jpg\" alt=\"\" width=\"286\" height=\"237\" \/><\/a><figcaption class=\"wp-caption-text\">Vorschau-Bild Google Earth<\/figcaption><\/figure>\n<p><strong>Offline Version<\/strong><br \/>\nAlpencross P\u00e4sse f\u00fcr <a title=\"Google Earth\" href=\"http:\/\/earth.google.com\/intl\/de\/\" target=\"_blank\" rel=\"noopener noreferrer\">Google Earth<\/a> uns als GPS-Wegpunktedatei.<\/p>\n<p>Stuntzi, alias <a href=\"http:\/\/www.aplenzorro.de\" target=\"_blank\" rel=\"noopener\">Alpenzorro<\/a> und ich haben unsere jahrelange P\u00e4ssesammel-Leidenschaft in eine GPX Datei verwandelt.<br \/>\nHerausgekommen ist eine Sammlung von Waypoints, die mit\u00a0 jeder Kartensoftware betrachtet werden kann. Zudem kann man sich die GPX Datei auch auf sein GPS Ger\u00e4t oder Smartphone laden und als Informationsquelle unterwegs benutzen.<\/p>\n<p>Download <a title=\"GPX Paesse\" href=\"https:\/\/www.schymik.de\/waypoint\/paesse.zip\">GPX File<\/a><br \/>\nDownload <a title=\"KLZ Paesse\" href=\"https:\/\/www.schymik.de\/waypoint\/paesse.kmz\">KMZ File<\/a><br \/>\nzum speichern rechte Maustaste dr\u00fccken und &#8220;Ziel speichern unter&#8221; ausw\u00e4hlen<\/p>\n<p>Hinweis: Die Koordinaten P\u00e4sse sind manuell anhand von digitalen Karten generiert worden. Dies bedingt eine gewisse Abweichung.<br \/>\nDeshalb ist jegliche Haftung und jegliche Gew\u00e4hr grunds\u00e4tzlich ausgeschlossen!<\/p>\n","protected":false},"excerpt":{"rendered":"<p>Hier\u00a0 stelle ich alle P\u00e4sse die ich selber gefahren bin vor. Pass-Datenbank (derzeit nicht funktionsf\u00e4hig, sorry) Vollbild-Anzeige\u00a0(derzeit nicht funktionsf\u00e4hig, sorry) Alle Angaben ohne Gew\u00e4hr, spiegeln gr\u00f6\u00dftenteils meine eigenen Erfahrungen wieder. Die Kartennummern beziehen\u00a0 sich auf Kompass-Karten Auflistung in alphabetischer Reihenfolge. Die Schwierigkeit der Abfahrten von den P\u00e4ssen wurde in die Singletrail-Skala eingeteilt. Die Schwierigkeitseinteilung dient [&hellip;]<\/p>\n","protected":false},"author":1,"featured_media":0,"parent":0,"menu_order":0,"comment_status":"open","ping_status":"open","template":"","meta":[],"yoast_head":"<!-- This site is optimized with the Yoast SEO plugin v21.0 - https:\/\/yoast.com\/wordpress\/plugins\/seo\/ -->\n<title>Pass-Datenbank - Transalp Homepage<\/title>\n<meta name=\"robots\" content=\"index, follow, max-snippet:-1, max-image-preview:large, max-video-preview:-1\" \/>\n<link rel=\"canonical\" href=\"https:\/\/www.schymik.de\/wordpress\/pass-datenbank\/\" \/>\n<meta property=\"og:locale\" content=\"de_DE\" \/>\n<meta property=\"og:type\" content=\"article\" \/>\n<meta property=\"og:title\" content=\"Pass-Datenbank - Transalp Homepage\" \/>\n<meta property=\"og:description\" content=\"Hier\u00a0 stelle ich alle P\u00e4sse die ich selber gefahren bin vor. Pass-Datenbank (derzeit nicht funktionsf\u00e4hig, sorry) Vollbild-Anzeige\u00a0(derzeit nicht funktionsf\u00e4hig, sorry) Alle Angaben ohne Gew\u00e4hr, spiegeln gr\u00f6\u00dftenteils meine eigenen Erfahrungen wieder. Die Kartennummern beziehen\u00a0 sich auf Kompass-Karten Auflistung in alphabetischer Reihenfolge. Die Schwierigkeit der Abfahrten von den P\u00e4ssen wurde in die Singletrail-Skala eingeteilt. Die Schwierigkeitseinteilung dient [&hellip;]\" \/>\n<meta property=\"og:url\" content=\"https:\/\/www.schymik.de\/wordpress\/pass-datenbank\/\" \/>\n<meta property=\"og:site_name\" content=\"Transalp Homepage\" \/>\n<meta property=\"article:publisher\" content=\"https:\/\/www.facebook.com\/carsten.schymik\" \/>\n<meta property=\"article:modified_time\" content=\"2023-05-30T06:56:41+00:00\" \/>\n<meta property=\"og:image\" content=\"http:\/\/www.schymik.de\/fotodb\/data\/media\/26\/transtirol_09_02_14.jpg\" \/>\n<meta name=\"twitter:card\" content=\"summary_large_image\" \/>\n<meta name=\"twitter:label1\" content=\"Gesch\u00e4tzte Lesezeit\" \/>\n\t<meta name=\"twitter:data1\" content=\"2\u00a0Minuten\" \/>\n<script type=\"application\/ld+json\" class=\"yoast-schema-graph\">{\"@context\":\"https:\/\/schema.org\",\"@graph\":[{\"@type\":\"WebPage\",\"@id\":\"https:\/\/www.schymik.de\/wordpress\/pass-datenbank\/\",\"url\":\"https:\/\/www.schymik.de\/wordpress\/pass-datenbank\/\",\"name\":\"Pass-Datenbank - Transalp Homepage\",\"isPartOf\":{\"@id\":\"https:\/\/www.schymik.de\/wordpress\/#website\"},\"datePublished\":\"2010-06-19T12:15:14+00:00\",\"dateModified\":\"2023-05-30T06:56:41+00:00\",\"breadcrumb\":{\"@id\":\"https:\/\/www.schymik.de\/wordpress\/pass-datenbank\/#breadcrumb\"},\"inLanguage\":\"de\",\"potentialAction\":[{\"@type\":\"ReadAction\",\"target\":[\"https:\/\/www.schymik.de\/wordpress\/pass-datenbank\/\"]}]},{\"@type\":\"BreadcrumbList\",\"@id\":\"https:\/\/www.schymik.de\/wordpress\/pass-datenbank\/#breadcrumb\",\"itemListElement\":[{\"@type\":\"ListItem\",\"position\":1,\"name\":\"Startseite\",\"item\":\"https:\/\/www.schymik.de\/wordpress\/\"},{\"@type\":\"ListItem\",\"position\":2,\"name\":\"Pass-Datenbank\"}]},{\"@type\":\"WebSite\",\"@id\":\"https:\/\/www.schymik.de\/wordpress\/#website\",\"url\":\"https:\/\/www.schymik.de\/wordpress\/\",\"name\":\"Transalp Homepage\",\"description\":\"Alles rund ums Mountainbike, Alpencross und Bikebergsteigen\",\"publisher\":{\"@id\":\"https:\/\/www.schymik.de\/wordpress\/#\/schema\/person\/f4792950b1a3875a57d4fc2380f11e22\"},\"potentialAction\":[{\"@type\":\"SearchAction\",\"target\":{\"@type\":\"EntryPoint\",\"urlTemplate\":\"https:\/\/www.schymik.de\/wordpress\/?s={search_term_string}\"},\"query-input\":\"required name=search_term_string\"}],\"inLanguage\":\"de\"},{\"@type\":[\"Person\",\"Organization\"],\"@id\":\"https:\/\/www.schymik.de\/wordpress\/#\/schema\/person\/f4792950b1a3875a57d4fc2380f11e22\",\"name\":\"Carsten\",\"image\":{\"@type\":\"ImageObject\",\"inLanguage\":\"de\",\"@id\":\"https:\/\/www.schymik.de\/wordpress\/#\/schema\/person\/image\/\",\"url\":\"https:\/\/www.schymik.de\/wordpress\/wp-content\/Schymik-Carsten-51x51cm.jpg\",\"contentUrl\":\"https:\/\/www.schymik.de\/wordpress\/wp-content\/Schymik-Carsten-51x51cm.jpg\",\"width\":1530,\"height\":1530,\"caption\":\"Carsten\"},\"logo\":{\"@id\":\"https:\/\/www.schymik.de\/wordpress\/#\/schema\/person\/image\/\"},\"sameAs\":[\"http:\/\/www.schymik.de\",\"https:\/\/www.facebook.com\/carsten.schymik\",\"https:\/\/www.instagram.com\/carstenschymik\/\",\"https:\/\/www.youtube.com\/@CarstenSchymik\"]}]}<\/script>\n<!-- \/ Yoast SEO plugin. -->","yoast_head_json":{"title":"Pass-Datenbank - Transalp Homepage","robots":{"index":"index","follow":"follow","max-snippet":"max-snippet:-1","max-image-preview":"max-image-preview:large","max-video-preview":"max-video-preview:-1"},"canonical":"https:\/\/www.schymik.de\/wordpress\/pass-datenbank\/","og_locale":"de_DE","og_type":"article","og_title":"Pass-Datenbank - Transalp Homepage","og_description":"Hier\u00a0 stelle ich alle P\u00e4sse die ich selber gefahren bin vor. Pass-Datenbank (derzeit nicht funktionsf\u00e4hig, sorry) Vollbild-Anzeige\u00a0(derzeit nicht funktionsf\u00e4hig, sorry) Alle Angaben ohne Gew\u00e4hr, spiegeln gr\u00f6\u00dftenteils meine eigenen Erfahrungen wieder. Die Kartennummern beziehen\u00a0 sich auf Kompass-Karten Auflistung in alphabetischer Reihenfolge. Die Schwierigkeit der Abfahrten von den P\u00e4ssen wurde in die Singletrail-Skala eingeteilt. Die Schwierigkeitseinteilung dient [&hellip;]","og_url":"https:\/\/www.schymik.de\/wordpress\/pass-datenbank\/","og_site_name":"Transalp Homepage","article_publisher":"https:\/\/www.facebook.com\/carsten.schymik","article_modified_time":"2023-05-30T06:56:41+00:00","og_image":[{"url":"http:\/\/www.schymik.de\/fotodb\/data\/media\/26\/transtirol_09_02_14.jpg"}],"twitter_card":"summary_large_image","twitter_misc":{"Gesch\u00e4tzte Lesezeit":"2\u00a0Minuten"},"schema":{"@context":"https:\/\/schema.org","@graph":[{"@type":"WebPage","@id":"https:\/\/www.schymik.de\/wordpress\/pass-datenbank\/","url":"https:\/\/www.schymik.de\/wordpress\/pass-datenbank\/","name":"Pass-Datenbank - Transalp Homepage","isPartOf":{"@id":"https:\/\/www.schymik.de\/wordpress\/#website"},"datePublished":"2010-06-19T12:15:14+00:00","dateModified":"2023-05-30T06:56:41+00:00","breadcrumb":{"@id":"https:\/\/www.schymik.de\/wordpress\/pass-datenbank\/#breadcrumb"},"inLanguage":"de","potentialAction":[{"@type":"ReadAction","target":["https:\/\/www.schymik.de\/wordpress\/pass-datenbank\/"]}]},{"@type":"BreadcrumbList","@id":"https:\/\/www.schymik.de\/wordpress\/pass-datenbank\/#breadcrumb","itemListElement":[{"@type":"ListItem","position":1,"name":"Startseite","item":"https:\/\/www.schymik.de\/wordpress\/"},{"@type":"ListItem","position":2,"name":"Pass-Datenbank"}]},{"@type":"WebSite","@id":"https:\/\/www.schymik.de\/wordpress\/#website","url":"https:\/\/www.schymik.de\/wordpress\/","name":"Transalp Homepage","description":"Alles rund ums Mountainbike, Alpencross und Bikebergsteigen","publisher":{"@id":"https:\/\/www.schymik.de\/wordpress\/#\/schema\/person\/f4792950b1a3875a57d4fc2380f11e22"},"potentialAction":[{"@type":"SearchAction","target":{"@type":"EntryPoint","urlTemplate":"https:\/\/www.schymik.de\/wordpress\/?s={search_term_string}"},"query-input":"required name=search_term_string"}],"inLanguage":"de"},{"@type":["Person","Organization"],"@id":"https:\/\/www.schymik.de\/wordpress\/#\/schema\/person\/f4792950b1a3875a57d4fc2380f11e22","name":"Carsten","image":{"@type":"ImageObject","inLanguage":"de","@id":"https:\/\/www.schymik.de\/wordpress\/#\/schema\/person\/image\/","url":"https:\/\/www.schymik.de\/wordpress\/wp-content\/Schymik-Carsten-51x51cm.jpg","contentUrl":"https:\/\/www.schymik.de\/wordpress\/wp-content\/Schymik-Carsten-51x51cm.jpg","width":1530,"height":1530,"caption":"Carsten"},"logo":{"@id":"https:\/\/www.schymik.de\/wordpress\/#\/schema\/person\/image\/"},"sameAs":["http:\/\/www.schymik.de","https:\/\/www.facebook.com\/carsten.schymik","https:\/\/www.instagram.com\/carstenschymik\/","https:\/\/www.youtube.com\/@CarstenSchymik"]}]}},"_links":{"self":[{"href":"https:\/\/www.schymik.de\/wordpress\/wp-json\/wp\/v2\/pages\/863"}],"collection":[{"href":"https:\/\/www.schymik.de\/wordpress\/wp-json\/wp\/v2\/pages"}],"about":[{"href":"https:\/\/www.schymik.de\/wordpress\/wp-json\/wp\/v2\/types\/page"}],"author":[{"embeddable":true,"href":"https:\/\/www.schymik.de\/wordpress\/wp-json\/wp\/v2\/users\/1"}],"replies":[{"embeddable":true,"href":"https:\/\/www.schymik.de\/wordpress\/wp-json\/wp\/v2\/comments?post=863"}],"version-history":[{"count":12,"href":"https:\/\/www.schymik.de\/wordpress\/wp-json\/wp\/v2\/pages\/863\/revisions"}],"predecessor-version":[{"id":5786,"href":"https:\/\/www.schymik.de\/wordpress\/wp-json\/wp\/v2\/pages\/863\/revisions\/5786"}],"wp:attachment":[{"href":"https:\/\/www.schymik.de\/wordpress\/wp-json\/wp\/v2\/media?parent=863"}],"curies":[{"name":"wp","href":"https:\/\/api.w.org\/{rel}","templated":true}]}}