{"id":4740,"date":"2020-11-22T17:39:58","date_gmt":"2020-11-22T16:39:58","guid":{"rendered":"http:\/\/www.schymik.de\/wordpress\/?post_type=product&#038;p=4740"},"modified":"2024-11-21T15:17:02","modified_gmt":"2024-11-21T14:17:02","slug":"7-bike-summits-der-alpen","status":"publish","type":"product","link":"https:\/\/www.schymik.de\/wordpress\/produkt\/7-bike-summits-der-alpen\/","title":{"rendered":"7 Bike Summits der Alpen"},"content":{"rendered":"<p>Ein Bike-Guide mit den sieben sch\u00f6nsten und h\u00f6chsten \u00bbbikebaren\u00ab Gipfel der Alpen.<\/p>\n<p>von Carsten Schymik<\/p>\n<p><a href=\"http:\/\/www.schymik.de\/wordpress\/wp-content\/Titel_Sevensummit.jpg\" rel=\"lightbox[2946]\"><img decoding=\"async\" loading=\"lazy\" class=\"alignleft size-full wp-image-2947\" src=\"http:\/\/www.schymik.de\/wordpress\/wp-content\/Titel_Sevensummit.jpg\" sizes=\"(max-width: 308px) 100vw, 308px\" srcset=\"https:\/\/www.schymik.de\/wordpress\/wp-content\/Titel_Sevensummit.jpg 308w, https:\/\/www.schymik.de\/wordpress\/wp-content\/Titel_Sevensummit-207x300.jpg 207w\" alt=\"Titel_Sevensummit\" width=\"308\" height=\"445\" \/><\/a>Wo der Kiesweg endet, f\u00e4ngt f\u00fcr mich das Mountainbiken an. Die Suche nach dem Holy Trail hat mich in den letzten Jahren an viele sch\u00f6ne Orte in den Alpen gef\u00fchrt. Die absoluten Highlights k\u00f6nnt Ihr nun nachfahren.<\/p>\n<p>Selbstverst\u00e4ndlich kommen sowohl Einsteiger als auch absolute K\u00f6nner auf Ihre Kosten. Vom flowigen Spa\u00dftrail bis zur alpinen Extremabfahrt ist f\u00fcr jeden was dabei. Auch Touren mit Seilbahnunterst\u00fctzung sind im Buch zu finden. Nat\u00fcrlich ist man als Biker in allen vorgestellten Regionen herzlich willkommen. Deshalb gilt: Biken, wo Biker erw\u00fcnscht sind!<\/p>\n<p>Ich beschreibe in meinem neuen Bike-Guide die sieben sch\u00f6nsten und h\u00f6chsten Gipfel der Alpen, die mit dem Bike befahrbar sind.<\/p>\n<p><strong>Produktinformation<\/strong><\/p>\n<p>Titel: Die 7 Bike Summits der Alpe<br \/>\nGipfelgl\u00fcck mit dem MTB auf den h\u00f6chsten bikebaren Bergen der Alpen.<br \/>\nEin Bike-Guide von Monte Tamaro (Luganer See) bis zum Unterrothorn (Zermatt)<\/p>\n<p>Autor: Carsten Schymik<\/p>\n<p>Taschenbuch: 192 Seiten<\/p>\n<p>Verlag: Bruckmann Verlag GmbH (5. Mai 2014)<\/p>\n<p>ISBN: 3765459682<\/p>\n<p>Gr\u00f6\u00dfe: 23,2 x 16,4 x 1,8 cm<\/p>\n<p>Preis 19,99 \u20ac<\/p>\n","protected":false},"excerpt":{"rendered":"<p>Ein Bike-Guide mit den sieben sch\u00f6nsten und h\u00f6chsten \u00bbbikebaren\u00ab Gipfel der Alpen. von Carsten Schymik Wo der Kiesweg endet, f\u00e4ngt f\u00fcr mich das Mountainbiken an. Die Suche nach dem Holy Trail hat mich in den letzten Jahren an viele sch\u00f6ne Orte in den Alpen gef\u00fchrt. Die absoluten Highlights k\u00f6nnt Ihr nun nachfahren. Selbstverst\u00e4ndlich kommen sowohl [&hellip;]<\/p>\n","protected":false},"featured_media":2947,"comment_status":"closed","ping_status":"closed","template":"","meta":[],"product_cat":[92,93,94],"product_tag":[71,72,73],"yoast_head":"<!-- This site is optimized with the Yoast SEO plugin v21.0 - https:\/\/yoast.com\/wordpress\/plugins\/seo\/ -->\n<title>7 Bike Summits der Alpen - Transalp Homepage<\/title>\n<meta name=\"robots\" content=\"index, follow, max-snippet:-1, max-image-preview:large, max-video-preview:-1\" \/>\n<link rel=\"canonical\" href=\"https:\/\/www.schymik.de\/wordpress\/produkt\/7-bike-summits-der-alpen\/\" \/>\n<meta property=\"og:locale\" content=\"de_DE\" \/>\n<meta property=\"og:type\" content=\"article\" \/>\n<meta property=\"og:title\" content=\"7 Bike Summits der Alpen - Transalp Homepage\" \/>\n<meta property=\"og:description\" content=\"Ein Bike-Guide mit den sieben sch\u00f6nsten und h\u00f6chsten \u00bbbikebaren\u00ab Gipfel der Alpen. von Carsten Schymik Wo der Kiesweg endet, f\u00e4ngt f\u00fcr mich das Mountainbiken an. Die Suche nach dem Holy Trail hat mich in den letzten Jahren an viele sch\u00f6ne Orte in den Alpen gef\u00fchrt. Die absoluten Highlights k\u00f6nnt Ihr nun nachfahren. Selbstverst\u00e4ndlich kommen sowohl [&hellip;]\" \/>\n<meta property=\"og:url\" content=\"https:\/\/www.schymik.de\/wordpress\/produkt\/7-bike-summits-der-alpen\/\" \/>\n<meta property=\"og:site_name\" content=\"Transalp Homepage\" \/>\n<meta property=\"article:publisher\" content=\"https:\/\/www.facebook.com\/carsten.schymik\" \/>\n<meta property=\"article:modified_time\" content=\"2024-11-21T14:17:02+00:00\" \/>\n<meta property=\"og:image\" content=\"http:\/\/www.schymik.de\/wordpress\/wp-content\/Titel_Sevensummit.jpg\" \/>\n\t<meta property=\"og:image:width\" content=\"308\" \/>\n\t<meta property=\"og:image:height\" content=\"445\" \/>\n\t<meta property=\"og:image:type\" content=\"image\/jpeg\" \/>\n<meta name=\"twitter:card\" content=\"summary_large_image\" \/>\n<meta name=\"twitter:label1\" content=\"Gesch\u00e4tzte Lesezeit\" \/>\n\t<meta name=\"twitter:data1\" content=\"2\u00a0Minuten\" \/>\n<script type=\"application\/ld+json\" class=\"yoast-schema-graph\">{\"@context\":\"https:\/\/schema.org\",\"@graph\":[{\"@type\":\"WebPage\",\"@id\":\"https:\/\/www.schymik.de\/wordpress\/produkt\/7-bike-summits-der-alpen\/\",\"url\":\"https:\/\/www.schymik.de\/wordpress\/produkt\/7-bike-summits-der-alpen\/\",\"name\":\"7 Bike Summits der Alpen - Transalp Homepage\",\"isPartOf\":{\"@id\":\"https:\/\/www.schymik.de\/wordpress\/#website\"},\"datePublished\":\"2020-11-22T16:39:58+00:00\",\"dateModified\":\"2024-11-21T14:17:02+00:00\",\"breadcrumb\":{\"@id\":\"https:\/\/www.schymik.de\/wordpress\/produkt\/7-bike-summits-der-alpen\/#breadcrumb\"},\"inLanguage\":\"de\",\"potentialAction\":[{\"@type\":\"ReadAction\",\"target\":[\"https:\/\/www.schymik.de\/wordpress\/produkt\/7-bike-summits-der-alpen\/\"]}]},{\"@type\":\"BreadcrumbList\",\"@id\":\"https:\/\/www.schymik.de\/wordpress\/produkt\/7-bike-summits-der-alpen\/#breadcrumb\",\"itemListElement\":[{\"@type\":\"ListItem\",\"position\":1,\"name\":\"Startseite\",\"item\":\"https:\/\/www.schymik.de\/wordpress\/\"},{\"@type\":\"ListItem\",\"position\":2,\"name\":\"Shop\",\"item\":\"https:\/\/www.schymik.de\/wordpress\/shop\/\"},{\"@type\":\"ListItem\",\"position\":3,\"name\":\"7 Bike Summits der Alpen\"}]},{\"@type\":\"WebSite\",\"@id\":\"https:\/\/www.schymik.de\/wordpress\/#website\",\"url\":\"https:\/\/www.schymik.de\/wordpress\/\",\"name\":\"Transalp Homepage\",\"description\":\"Alles rund ums Mountainbike, Alpencross und Bikebergsteigen\",\"publisher\":{\"@id\":\"https:\/\/www.schymik.de\/wordpress\/#\/schema\/person\/f4792950b1a3875a57d4fc2380f11e22\"},\"potentialAction\":[{\"@type\":\"SearchAction\",\"target\":{\"@type\":\"EntryPoint\",\"urlTemplate\":\"https:\/\/www.schymik.de\/wordpress\/?s={search_term_string}\"},\"query-input\":\"required name=search_term_string\"}],\"inLanguage\":\"de\"},{\"@type\":[\"Person\",\"Organization\"],\"@id\":\"https:\/\/www.schymik.de\/wordpress\/#\/schema\/person\/f4792950b1a3875a57d4fc2380f11e22\",\"name\":\"Carsten\",\"image\":{\"@type\":\"ImageObject\",\"inLanguage\":\"de\",\"@id\":\"https:\/\/www.schymik.de\/wordpress\/#\/schema\/person\/image\/\",\"url\":\"https:\/\/www.schymik.de\/wordpress\/wp-content\/Schymik-Carsten-51x51cm.jpg\",\"contentUrl\":\"https:\/\/www.schymik.de\/wordpress\/wp-content\/Schymik-Carsten-51x51cm.jpg\",\"width\":1530,\"height\":1530,\"caption\":\"Carsten\"},\"logo\":{\"@id\":\"https:\/\/www.schymik.de\/wordpress\/#\/schema\/person\/image\/\"},\"sameAs\":[\"http:\/\/www.schymik.de\",\"https:\/\/www.facebook.com\/carsten.schymik\",\"https:\/\/www.instagram.com\/carstenschymik\/\",\"https:\/\/www.youtube.com\/@CarstenSchymik\"]}]}<\/script>\n<!-- \/ Yoast SEO plugin. -->","yoast_head_json":{"title":"7 Bike Summits der Alpen - Transalp Homepage","robots":{"index":"index","follow":"follow","max-snippet":"max-snippet:-1","max-image-preview":"max-image-preview:large","max-video-preview":"max-video-preview:-1"},"canonical":"https:\/\/www.schymik.de\/wordpress\/produkt\/7-bike-summits-der-alpen\/","og_locale":"de_DE","og_type":"article","og_title":"7 Bike Summits der Alpen - Transalp Homepage","og_description":"Ein Bike-Guide mit den sieben sch\u00f6nsten und h\u00f6chsten \u00bbbikebaren\u00ab Gipfel der Alpen. von Carsten Schymik Wo der Kiesweg endet, f\u00e4ngt f\u00fcr mich das Mountainbiken an. Die Suche nach dem Holy Trail hat mich in den letzten Jahren an viele sch\u00f6ne Orte in den Alpen gef\u00fchrt. Die absoluten Highlights k\u00f6nnt Ihr nun nachfahren. Selbstverst\u00e4ndlich kommen sowohl [&hellip;]","og_url":"https:\/\/www.schymik.de\/wordpress\/produkt\/7-bike-summits-der-alpen\/","og_site_name":"Transalp Homepage","article_publisher":"https:\/\/www.facebook.com\/carsten.schymik","article_modified_time":"2024-11-21T14:17:02+00:00","og_image":[{"width":308,"height":445,"url":"http:\/\/www.schymik.de\/wordpress\/wp-content\/Titel_Sevensummit.jpg","type":"image\/jpeg"}],"twitter_card":"summary_large_image","twitter_misc":{"Gesch\u00e4tzte Lesezeit":"2\u00a0Minuten"},"schema":{"@context":"https:\/\/schema.org","@graph":[{"@type":"WebPage","@id":"https:\/\/www.schymik.de\/wordpress\/produkt\/7-bike-summits-der-alpen\/","url":"https:\/\/www.schymik.de\/wordpress\/produkt\/7-bike-summits-der-alpen\/","name":"7 Bike Summits der Alpen - Transalp Homepage","isPartOf":{"@id":"https:\/\/www.schymik.de\/wordpress\/#website"},"datePublished":"2020-11-22T16:39:58+00:00","dateModified":"2024-11-21T14:17:02+00:00","breadcrumb":{"@id":"https:\/\/www.schymik.de\/wordpress\/produkt\/7-bike-summits-der-alpen\/#breadcrumb"},"inLanguage":"de","potentialAction":[{"@type":"ReadAction","target":["https:\/\/www.schymik.de\/wordpress\/produkt\/7-bike-summits-der-alpen\/"]}]},{"@type":"BreadcrumbList","@id":"https:\/\/www.schymik.de\/wordpress\/produkt\/7-bike-summits-der-alpen\/#breadcrumb","itemListElement":[{"@type":"ListItem","position":1,"name":"Startseite","item":"https:\/\/www.schymik.de\/wordpress\/"},{"@type":"ListItem","position":2,"name":"Shop","item":"https:\/\/www.schymik.de\/wordpress\/shop\/"},{"@type":"ListItem","position":3,"name":"7 Bike Summits der Alpen"}]},{"@type":"WebSite","@id":"https:\/\/www.schymik.de\/wordpress\/#website","url":"https:\/\/www.schymik.de\/wordpress\/","name":"Transalp Homepage","description":"Alles rund ums Mountainbike, Alpencross und Bikebergsteigen","publisher":{"@id":"https:\/\/www.schymik.de\/wordpress\/#\/schema\/person\/f4792950b1a3875a57d4fc2380f11e22"},"potentialAction":[{"@type":"SearchAction","target":{"@type":"EntryPoint","urlTemplate":"https:\/\/www.schymik.de\/wordpress\/?s={search_term_string}"},"query-input":"required name=search_term_string"}],"inLanguage":"de"},{"@type":["Person","Organization"],"@id":"https:\/\/www.schymik.de\/wordpress\/#\/schema\/person\/f4792950b1a3875a57d4fc2380f11e22","name":"Carsten","image":{"@type":"ImageObject","inLanguage":"de","@id":"https:\/\/www.schymik.de\/wordpress\/#\/schema\/person\/image\/","url":"https:\/\/www.schymik.de\/wordpress\/wp-content\/Schymik-Carsten-51x51cm.jpg","contentUrl":"https:\/\/www.schymik.de\/wordpress\/wp-content\/Schymik-Carsten-51x51cm.jpg","width":1530,"height":1530,"caption":"Carsten"},"logo":{"@id":"https:\/\/www.schymik.de\/wordpress\/#\/schema\/person\/image\/"},"sameAs":["http:\/\/www.schymik.de","https:\/\/www.facebook.com\/carsten.schymik","https:\/\/www.instagram.com\/carstenschymik\/","https:\/\/www.youtube.com\/@CarstenSchymik"]}]}},"_links":{"self":[{"href":"https:\/\/www.schymik.de\/wordpress\/wp-json\/wp\/v2\/product\/4740"}],"collection":[{"href":"https:\/\/www.schymik.de\/wordpress\/wp-json\/wp\/v2\/product"}],"about":[{"href":"https:\/\/www.schymik.de\/wordpress\/wp-json\/wp\/v2\/types\/product"}],"replies":[{"embeddable":true,"href":"https:\/\/www.schymik.de\/wordpress\/wp-json\/wp\/v2\/comments?post=4740"}],"wp:featuredmedia":[{"embeddable":true,"href":"https:\/\/www.schymik.de\/wordpress\/wp-json\/wp\/v2\/media\/2947"}],"wp:attachment":[{"href":"https:\/\/www.schymik.de\/wordpress\/wp-json\/wp\/v2\/media?parent=4740"}],"wp:term":[{"taxonomy":"product_cat","embeddable":true,"href":"https:\/\/www.schymik.de\/wordpress\/wp-json\/wp\/v2\/product_cat?post=4740"},{"taxonomy":"product_tag","embeddable":true,"href":"https:\/\/www.schymik.de\/wordpress\/wp-json\/wp\/v2\/product_tag?post=4740"}],"curies":[{"name":"wp","href":"https:\/\/api.w.org\/{rel}","templated":true}]}}