{"id":4754,"date":"2020-11-22T18:45:08","date_gmt":"2020-11-22T17:45:08","guid":{"rendered":"http:\/\/www.schymik.de\/wordpress\/?post_type=product&#038;p=4754"},"modified":"2023-06-06T00:00:49","modified_gmt":"2023-06-05T23:00:49","slug":"faszination-alpencross-band-1-und-2","status":"publish","type":"product","link":"https:\/\/www.schymik.de\/wordpress\/produkt\/faszination-alpencross-band-1-und-2\/","title":{"rendered":"Faszination Alpencross Band 1 und 2"},"content":{"rendered":"<p>Alpencross B\u00fccher von Udo Kewitsch im Doppelpack<\/p>\n<p><strong>Faszination AlpenX Band 1<\/strong><\/p>\n<p><em><span class=\"by\">Von Udo Kewitsch<\/span><\/em><\/p>\n<p>Schon beim Betrachten des Titelbildes wird klar, beim Alpencross, der Transalp oder ganz kurz AlpenX ist Spa\u00df angesagt. Sei es nun bei der Abfahrt, oder beim Baden im Holzzuber vor imposanter Bergkulisse\u2026<\/p>\n<p>Udo Kewitsch stellt detailliert 3 Alpen\u00fcberquerungen vor:<\/p>\n<p>1. Tegernsee-Riva<br \/>\n2.Oberstdorf \u2013 Riva<br \/>\n3. Schwaz -Riva<\/p>\n<p><strong>Faszination AlpenX Band 2<\/strong><\/p>\n<p>Udo Kewitsch hat nach seinem erfolgreichen Band 1 jetzt noch einen drauf gelegt. Wieder einmal frech und frei geschrieben, echt aus dem Leben gegriffen. Knallhart wie Alpencross eben ist.<\/p>\n<p>Wer bereits den genialen\u00a0<a title=\"Faszination Alpen X Band 1\" href=\"http:\/\/www.schymik.de\/wordpress\/?p=292\">Band 1<\/a>\u00a0gelesen hat, wird sich auf das neue Buch sicher freuen. Und er wird nicht entt\u00e4uscht werden.<\/p>\n<p>Das Buch beginnt, wie kann es anders sein, mit einem Vorwort. Neben dem Autor, der wieder seinen inneren Schweinehund Detlef bem\u00fchen muss, darf der Pionier des Ph\u00e4nomens Alpencross h\u00f6chst pers\u00f6nlich zum neuen Band einleiten: Andreas Heckmair spricht! Ansonsten hatte auch ich die besondere Ehre ein Vorwort f\u00fcr dieses Neue Buch zu schreiben.<\/p>\n<p>Weitere Infos zum Inhalt:<\/p>\n<p><a href=\"http:\/\/www.schymik.de\/wordpress\/faszination-alpenx-von-udo-kewitsch\/\">Band 1<\/a><\/p>\n<p><a href=\"http:\/\/www.schymik.de\/wordpress\/ankundigung-faszination-alpen-x-band-2\/\">Band 2<\/a><\/p>\n<p>&nbsp;<\/p>\n","protected":false},"excerpt":{"rendered":"<p>Alpencross B\u00fccher von Udo Kewitsch im Doppelpack Faszination AlpenX Band 1 Von Udo Kewitsch Schon beim Betrachten des Titelbildes wird klar, beim Alpencross, der Transalp oder ganz kurz AlpenX ist Spa\u00df angesagt. Sei es nun bei der Abfahrt, oder beim Baden im Holzzuber vor imposanter Bergkulisse\u2026 Udo Kewitsch stellt detailliert 3 Alpen\u00fcberquerungen vor: 1. Tegernsee-Riva [&hellip;]<\/p>\n","protected":false},"featured_media":4747,"comment_status":"closed","ping_status":"closed","template":"","meta":[],"product_cat":[92,93,94],"product_tag":[75,71,72,73,74],"yoast_head":"<!-- This site is optimized with the Yoast SEO plugin v21.0 - https:\/\/yoast.com\/wordpress\/plugins\/seo\/ -->\n<title>Faszination Alpencross Band 1 und 2 - Transalp Homepage<\/title>\n<meta name=\"robots\" content=\"index, follow, max-snippet:-1, max-image-preview:large, max-video-preview:-1\" \/>\n<link rel=\"canonical\" href=\"https:\/\/www.schymik.de\/wordpress\/produkt\/faszination-alpencross-band-1-und-2\/\" \/>\n<meta property=\"og:locale\" content=\"de_DE\" \/>\n<meta property=\"og:type\" content=\"article\" \/>\n<meta property=\"og:title\" content=\"Faszination Alpencross Band 1 und 2 - Transalp Homepage\" \/>\n<meta property=\"og:description\" content=\"Alpencross B\u00fccher von Udo Kewitsch im Doppelpack Faszination AlpenX Band 1 Von Udo Kewitsch Schon beim Betrachten des Titelbildes wird klar, beim Alpencross, der Transalp oder ganz kurz AlpenX ist Spa\u00df angesagt. Sei es nun bei der Abfahrt, oder beim Baden im Holzzuber vor imposanter Bergkulisse\u2026 Udo Kewitsch stellt detailliert 3 Alpen\u00fcberquerungen vor: 1. Tegernsee-Riva [&hellip;]\" \/>\n<meta property=\"og:url\" content=\"https:\/\/www.schymik.de\/wordpress\/produkt\/faszination-alpencross-band-1-und-2\/\" \/>\n<meta property=\"og:site_name\" content=\"Transalp Homepage\" \/>\n<meta property=\"article:publisher\" content=\"https:\/\/www.facebook.com\/carsten.schymik\" \/>\n<meta property=\"article:modified_time\" content=\"2023-06-05T23:00:49+00:00\" \/>\n<meta property=\"og:image\" content=\"http:\/\/www.schymik.de\/wordpress\/wp-content\/kewitsch3.jpg\" \/>\n\t<meta property=\"og:image:width\" content=\"1000\" \/>\n\t<meta property=\"og:image:height\" content=\"621\" \/>\n\t<meta property=\"og:image:type\" content=\"image\/jpeg\" \/>\n<meta name=\"twitter:card\" content=\"summary_large_image\" \/>\n<meta name=\"twitter:label1\" content=\"Gesch\u00e4tzte Lesezeit\" \/>\n\t<meta name=\"twitter:data1\" content=\"1\u00a0Minute\" \/>\n<script type=\"application\/ld+json\" class=\"yoast-schema-graph\">{\"@context\":\"https:\/\/schema.org\",\"@graph\":[{\"@type\":\"WebPage\",\"@id\":\"https:\/\/www.schymik.de\/wordpress\/produkt\/faszination-alpencross-band-1-und-2\/\",\"url\":\"https:\/\/www.schymik.de\/wordpress\/produkt\/faszination-alpencross-band-1-und-2\/\",\"name\":\"Faszination Alpencross Band 1 und 2 - Transalp Homepage\",\"isPartOf\":{\"@id\":\"https:\/\/www.schymik.de\/wordpress\/#website\"},\"datePublished\":\"2020-11-22T17:45:08+00:00\",\"dateModified\":\"2023-06-05T23:00:49+00:00\",\"breadcrumb\":{\"@id\":\"https:\/\/www.schymik.de\/wordpress\/produkt\/faszination-alpencross-band-1-und-2\/#breadcrumb\"},\"inLanguage\":\"de\",\"potentialAction\":[{\"@type\":\"ReadAction\",\"target\":[\"https:\/\/www.schymik.de\/wordpress\/produkt\/faszination-alpencross-band-1-und-2\/\"]}]},{\"@type\":\"BreadcrumbList\",\"@id\":\"https:\/\/www.schymik.de\/wordpress\/produkt\/faszination-alpencross-band-1-und-2\/#breadcrumb\",\"itemListElement\":[{\"@type\":\"ListItem\",\"position\":1,\"name\":\"Startseite\",\"item\":\"https:\/\/www.schymik.de\/wordpress\/\"},{\"@type\":\"ListItem\",\"position\":2,\"name\":\"Shop\",\"item\":\"https:\/\/www.schymik.de\/wordpress\/shop\/\"},{\"@type\":\"ListItem\",\"position\":3,\"name\":\"Faszination Alpencross Band 1 und 2\"}]},{\"@type\":\"WebSite\",\"@id\":\"https:\/\/www.schymik.de\/wordpress\/#website\",\"url\":\"https:\/\/www.schymik.de\/wordpress\/\",\"name\":\"Transalp Homepage\",\"description\":\"Alles rund ums Mountainbike, Alpencross und Bikebergsteigen\",\"publisher\":{\"@id\":\"https:\/\/www.schymik.de\/wordpress\/#\/schema\/person\/f4792950b1a3875a57d4fc2380f11e22\"},\"potentialAction\":[{\"@type\":\"SearchAction\",\"target\":{\"@type\":\"EntryPoint\",\"urlTemplate\":\"https:\/\/www.schymik.de\/wordpress\/?s={search_term_string}\"},\"query-input\":\"required name=search_term_string\"}],\"inLanguage\":\"de\"},{\"@type\":[\"Person\",\"Organization\"],\"@id\":\"https:\/\/www.schymik.de\/wordpress\/#\/schema\/person\/f4792950b1a3875a57d4fc2380f11e22\",\"name\":\"Carsten\",\"image\":{\"@type\":\"ImageObject\",\"inLanguage\":\"de\",\"@id\":\"https:\/\/www.schymik.de\/wordpress\/#\/schema\/person\/image\/\",\"url\":\"https:\/\/www.schymik.de\/wordpress\/wp-content\/Schymik-Carsten-51x51cm.jpg\",\"contentUrl\":\"https:\/\/www.schymik.de\/wordpress\/wp-content\/Schymik-Carsten-51x51cm.jpg\",\"width\":1530,\"height\":1530,\"caption\":\"Carsten\"},\"logo\":{\"@id\":\"https:\/\/www.schymik.de\/wordpress\/#\/schema\/person\/image\/\"},\"sameAs\":[\"http:\/\/www.schymik.de\",\"https:\/\/www.facebook.com\/carsten.schymik\",\"https:\/\/www.instagram.com\/carstenschymik\/\",\"https:\/\/www.youtube.com\/@CarstenSchymik\"]}]}<\/script>\n<!-- \/ Yoast SEO plugin. -->","yoast_head_json":{"title":"Faszination Alpencross Band 1 und 2 - Transalp Homepage","robots":{"index":"index","follow":"follow","max-snippet":"max-snippet:-1","max-image-preview":"max-image-preview:large","max-video-preview":"max-video-preview:-1"},"canonical":"https:\/\/www.schymik.de\/wordpress\/produkt\/faszination-alpencross-band-1-und-2\/","og_locale":"de_DE","og_type":"article","og_title":"Faszination Alpencross Band 1 und 2 - Transalp Homepage","og_description":"Alpencross B\u00fccher von Udo Kewitsch im Doppelpack Faszination AlpenX Band 1 Von Udo Kewitsch Schon beim Betrachten des Titelbildes wird klar, beim Alpencross, der Transalp oder ganz kurz AlpenX ist Spa\u00df angesagt. Sei es nun bei der Abfahrt, oder beim Baden im Holzzuber vor imposanter Bergkulisse\u2026 Udo Kewitsch stellt detailliert 3 Alpen\u00fcberquerungen vor: 1. Tegernsee-Riva [&hellip;]","og_url":"https:\/\/www.schymik.de\/wordpress\/produkt\/faszination-alpencross-band-1-und-2\/","og_site_name":"Transalp Homepage","article_publisher":"https:\/\/www.facebook.com\/carsten.schymik","article_modified_time":"2023-06-05T23:00:49+00:00","og_image":[{"width":1000,"height":621,"url":"http:\/\/www.schymik.de\/wordpress\/wp-content\/kewitsch3.jpg","type":"image\/jpeg"}],"twitter_card":"summary_large_image","twitter_misc":{"Gesch\u00e4tzte Lesezeit":"1\u00a0Minute"},"schema":{"@context":"https:\/\/schema.org","@graph":[{"@type":"WebPage","@id":"https:\/\/www.schymik.de\/wordpress\/produkt\/faszination-alpencross-band-1-und-2\/","url":"https:\/\/www.schymik.de\/wordpress\/produkt\/faszination-alpencross-band-1-und-2\/","name":"Faszination Alpencross Band 1 und 2 - Transalp Homepage","isPartOf":{"@id":"https:\/\/www.schymik.de\/wordpress\/#website"},"datePublished":"2020-11-22T17:45:08+00:00","dateModified":"2023-06-05T23:00:49+00:00","breadcrumb":{"@id":"https:\/\/www.schymik.de\/wordpress\/produkt\/faszination-alpencross-band-1-und-2\/#breadcrumb"},"inLanguage":"de","potentialAction":[{"@type":"ReadAction","target":["https:\/\/www.schymik.de\/wordpress\/produkt\/faszination-alpencross-band-1-und-2\/"]}]},{"@type":"BreadcrumbList","@id":"https:\/\/www.schymik.de\/wordpress\/produkt\/faszination-alpencross-band-1-und-2\/#breadcrumb","itemListElement":[{"@type":"ListItem","position":1,"name":"Startseite","item":"https:\/\/www.schymik.de\/wordpress\/"},{"@type":"ListItem","position":2,"name":"Shop","item":"https:\/\/www.schymik.de\/wordpress\/shop\/"},{"@type":"ListItem","position":3,"name":"Faszination Alpencross Band 1 und 2"}]},{"@type":"WebSite","@id":"https:\/\/www.schymik.de\/wordpress\/#website","url":"https:\/\/www.schymik.de\/wordpress\/","name":"Transalp Homepage","description":"Alles rund ums Mountainbike, Alpencross und Bikebergsteigen","publisher":{"@id":"https:\/\/www.schymik.de\/wordpress\/#\/schema\/person\/f4792950b1a3875a57d4fc2380f11e22"},"potentialAction":[{"@type":"SearchAction","target":{"@type":"EntryPoint","urlTemplate":"https:\/\/www.schymik.de\/wordpress\/?s={search_term_string}"},"query-input":"required name=search_term_string"}],"inLanguage":"de"},{"@type":["Person","Organization"],"@id":"https:\/\/www.schymik.de\/wordpress\/#\/schema\/person\/f4792950b1a3875a57d4fc2380f11e22","name":"Carsten","image":{"@type":"ImageObject","inLanguage":"de","@id":"https:\/\/www.schymik.de\/wordpress\/#\/schema\/person\/image\/","url":"https:\/\/www.schymik.de\/wordpress\/wp-content\/Schymik-Carsten-51x51cm.jpg","contentUrl":"https:\/\/www.schymik.de\/wordpress\/wp-content\/Schymik-Carsten-51x51cm.jpg","width":1530,"height":1530,"caption":"Carsten"},"logo":{"@id":"https:\/\/www.schymik.de\/wordpress\/#\/schema\/person\/image\/"},"sameAs":["http:\/\/www.schymik.de","https:\/\/www.facebook.com\/carsten.schymik","https:\/\/www.instagram.com\/carstenschymik\/","https:\/\/www.youtube.com\/@CarstenSchymik"]}]}},"_links":{"self":[{"href":"https:\/\/www.schymik.de\/wordpress\/wp-json\/wp\/v2\/product\/4754"}],"collection":[{"href":"https:\/\/www.schymik.de\/wordpress\/wp-json\/wp\/v2\/product"}],"about":[{"href":"https:\/\/www.schymik.de\/wordpress\/wp-json\/wp\/v2\/types\/product"}],"replies":[{"embeddable":true,"href":"https:\/\/www.schymik.de\/wordpress\/wp-json\/wp\/v2\/comments?post=4754"}],"wp:featuredmedia":[{"embeddable":true,"href":"https:\/\/www.schymik.de\/wordpress\/wp-json\/wp\/v2\/media\/4747"}],"wp:attachment":[{"href":"https:\/\/www.schymik.de\/wordpress\/wp-json\/wp\/v2\/media?parent=4754"}],"wp:term":[{"taxonomy":"product_cat","embeddable":true,"href":"https:\/\/www.schymik.de\/wordpress\/wp-json\/wp\/v2\/product_cat?post=4754"},{"taxonomy":"product_tag","embeddable":true,"href":"https:\/\/www.schymik.de\/wordpress\/wp-json\/wp\/v2\/product_tag?post=4754"}],"curies":[{"name":"wp","href":"https:\/\/api.w.org\/{rel}","templated":true}]}}