{"id":4808,"date":"2020-12-05T09:51:39","date_gmt":"2020-12-05T08:51:39","guid":{"rendered":"http:\/\/www.schymik.de\/wordpress\/?post_type=product&#038;p=4808"},"modified":"2020-12-05T10:07:37","modified_gmt":"2020-12-05T09:07:37","slug":"101-dinge-die-ein-mountainbiker-wissen-muss","status":"publish","type":"product","link":"https:\/\/www.schymik.de\/wordpress\/produkt\/101-dinge-die-ein-mountainbiker-wissen-muss\/","title":{"rendered":"101 Dinge die ein Mountainbiker wissen muss"},"content":{"rendered":"<p>Mountainbiken ist die sch\u00f6nste Sportart der Welt!<br \/>\nWarum das so ist erf\u00e4hrt man hier genauso, wie erkl\u00e4rt wird, wie man in den sagenumwobenen Flowzustand kommt.<br \/>\nDas Mountainbiken inzwischen erwachsen geworden ist und sogar schon Kinder bekommen hat, wird auf humorvolle Art erz\u00e4hlt.<br \/>\nMenschen, die von und f\u00fcr\u00b4s Mountainbiken leben. Lernt diese sympathischen Pers\u00f6nlichkeiten kennen.<br \/>\nWarum man sich f\u00fcr den Sport engagieren sollte und wie das in der Praxis aussieht.<br \/>\nUnd klar, es gibt viele Facetten der Sportart, mehr noch wie Reifengr\u00f6\u00dfen, Ritzel und die Zahl der Kettenglieder.<br \/>\nAber viel wichtiger ist die Erholung, der Naturgenuss und der Spa\u00df am Mountainbiken darf nat\u00fcrlich auch nicht zu kurz kommen\u2026<\/p>\n","protected":false},"excerpt":{"rendered":"<p>Mountainbiken ist die sch\u00f6nste Sportart der Welt! Warum das so ist erf\u00e4hrt man hier genauso, wie erkl\u00e4rt wird, wie man in den sagenumwobenen Flowzustand kommt. Das Mountainbiken inzwischen erwachsen geworden ist und sogar schon Kinder bekommen hat, wird auf humorvolle Art erz\u00e4hlt. Menschen, die von und f\u00fcr\u00b4s Mountainbiken leben. Lernt diese sympathischen Pers\u00f6nlichkeiten kennen. Warum [&hellip;]<\/p>\n","protected":false},"featured_media":4809,"comment_status":"closed","ping_status":"closed","template":"","meta":[],"product_cat":[92],"product_tag":[71,72],"yoast_head":"<!-- This site is optimized with the Yoast SEO plugin v21.0 - https:\/\/yoast.com\/wordpress\/plugins\/seo\/ -->\n<title>101 Dinge die ein Mountainbiker wissen muss - Transalp Homepage<\/title>\n<meta name=\"robots\" content=\"index, follow, max-snippet:-1, max-image-preview:large, max-video-preview:-1\" \/>\n<link rel=\"canonical\" href=\"https:\/\/www.schymik.de\/wordpress\/produkt\/101-dinge-die-ein-mountainbiker-wissen-muss\/\" \/>\n<meta property=\"og:locale\" content=\"de_DE\" \/>\n<meta property=\"og:type\" content=\"article\" \/>\n<meta property=\"og:title\" content=\"101 Dinge die ein Mountainbiker wissen muss - Transalp Homepage\" \/>\n<meta property=\"og:description\" content=\"Mountainbiken ist die sch\u00f6nste Sportart der Welt! Warum das so ist erf\u00e4hrt man hier genauso, wie erkl\u00e4rt wird, wie man in den sagenumwobenen Flowzustand kommt. Das Mountainbiken inzwischen erwachsen geworden ist und sogar schon Kinder bekommen hat, wird auf humorvolle Art erz\u00e4hlt. Menschen, die von und f\u00fcr\u00b4s Mountainbiken leben. Lernt diese sympathischen Pers\u00f6nlichkeiten kennen. Warum [&hellip;]\" \/>\n<meta property=\"og:url\" content=\"https:\/\/www.schymik.de\/wordpress\/produkt\/101-dinge-die-ein-mountainbiker-wissen-muss\/\" \/>\n<meta property=\"og:site_name\" content=\"Transalp Homepage\" \/>\n<meta property=\"article:publisher\" content=\"https:\/\/www.facebook.com\/carsten.schymik\" \/>\n<meta property=\"article:modified_time\" content=\"2020-12-05T09:07:37+00:00\" \/>\n<meta property=\"og:image\" content=\"https:\/\/www.schymik.de\/wordpress\/wp-content\/101dinge.jpg\" \/>\n\t<meta property=\"og:image:width\" content=\"1000\" \/>\n\t<meta property=\"og:image:height\" content=\"1034\" \/>\n\t<meta property=\"og:image:type\" content=\"image\/jpeg\" \/>\n<meta name=\"twitter:card\" content=\"summary_large_image\" \/>\n<meta name=\"twitter:label1\" content=\"Gesch\u00e4tzte Lesezeit\" \/>\n\t<meta name=\"twitter:data1\" content=\"1\u00a0Minute\" \/>\n<script type=\"application\/ld+json\" class=\"yoast-schema-graph\">{\"@context\":\"https:\/\/schema.org\",\"@graph\":[{\"@type\":\"WebPage\",\"@id\":\"https:\/\/www.schymik.de\/wordpress\/produkt\/101-dinge-die-ein-mountainbiker-wissen-muss\/\",\"url\":\"https:\/\/www.schymik.de\/wordpress\/produkt\/101-dinge-die-ein-mountainbiker-wissen-muss\/\",\"name\":\"101 Dinge die ein Mountainbiker wissen muss - Transalp Homepage\",\"isPartOf\":{\"@id\":\"https:\/\/www.schymik.de\/wordpress\/#website\"},\"datePublished\":\"2020-12-05T08:51:39+00:00\",\"dateModified\":\"2020-12-05T09:07:37+00:00\",\"breadcrumb\":{\"@id\":\"https:\/\/www.schymik.de\/wordpress\/produkt\/101-dinge-die-ein-mountainbiker-wissen-muss\/#breadcrumb\"},\"inLanguage\":\"de\",\"potentialAction\":[{\"@type\":\"ReadAction\",\"target\":[\"https:\/\/www.schymik.de\/wordpress\/produkt\/101-dinge-die-ein-mountainbiker-wissen-muss\/\"]}]},{\"@type\":\"BreadcrumbList\",\"@id\":\"https:\/\/www.schymik.de\/wordpress\/produkt\/101-dinge-die-ein-mountainbiker-wissen-muss\/#breadcrumb\",\"itemListElement\":[{\"@type\":\"ListItem\",\"position\":1,\"name\":\"Startseite\",\"item\":\"https:\/\/www.schymik.de\/wordpress\/\"},{\"@type\":\"ListItem\",\"position\":2,\"name\":\"Shop\",\"item\":\"https:\/\/www.schymik.de\/wordpress\/shop\/\"},{\"@type\":\"ListItem\",\"position\":3,\"name\":\"101 Dinge die ein Mountainbiker wissen muss\"}]},{\"@type\":\"WebSite\",\"@id\":\"https:\/\/www.schymik.de\/wordpress\/#website\",\"url\":\"https:\/\/www.schymik.de\/wordpress\/\",\"name\":\"Transalp Homepage\",\"description\":\"Alles rund ums Mountainbike, Alpencross und Bikebergsteigen\",\"publisher\":{\"@id\":\"https:\/\/www.schymik.de\/wordpress\/#\/schema\/person\/f4792950b1a3875a57d4fc2380f11e22\"},\"potentialAction\":[{\"@type\":\"SearchAction\",\"target\":{\"@type\":\"EntryPoint\",\"urlTemplate\":\"https:\/\/www.schymik.de\/wordpress\/?s={search_term_string}\"},\"query-input\":\"required name=search_term_string\"}],\"inLanguage\":\"de\"},{\"@type\":[\"Person\",\"Organization\"],\"@id\":\"https:\/\/www.schymik.de\/wordpress\/#\/schema\/person\/f4792950b1a3875a57d4fc2380f11e22\",\"name\":\"Carsten\",\"image\":{\"@type\":\"ImageObject\",\"inLanguage\":\"de\",\"@id\":\"https:\/\/www.schymik.de\/wordpress\/#\/schema\/person\/image\/\",\"url\":\"https:\/\/www.schymik.de\/wordpress\/wp-content\/Schymik-Carsten-51x51cm.jpg\",\"contentUrl\":\"https:\/\/www.schymik.de\/wordpress\/wp-content\/Schymik-Carsten-51x51cm.jpg\",\"width\":1530,\"height\":1530,\"caption\":\"Carsten\"},\"logo\":{\"@id\":\"https:\/\/www.schymik.de\/wordpress\/#\/schema\/person\/image\/\"},\"sameAs\":[\"http:\/\/www.schymik.de\",\"https:\/\/www.facebook.com\/carsten.schymik\",\"https:\/\/www.instagram.com\/carstenschymik\/\",\"https:\/\/www.youtube.com\/@CarstenSchymik\"]}]}<\/script>\n<!-- \/ Yoast SEO plugin. -->","yoast_head_json":{"title":"101 Dinge die ein Mountainbiker wissen muss - Transalp Homepage","robots":{"index":"index","follow":"follow","max-snippet":"max-snippet:-1","max-image-preview":"max-image-preview:large","max-video-preview":"max-video-preview:-1"},"canonical":"https:\/\/www.schymik.de\/wordpress\/produkt\/101-dinge-die-ein-mountainbiker-wissen-muss\/","og_locale":"de_DE","og_type":"article","og_title":"101 Dinge die ein Mountainbiker wissen muss - Transalp Homepage","og_description":"Mountainbiken ist die sch\u00f6nste Sportart der Welt! Warum das so ist erf\u00e4hrt man hier genauso, wie erkl\u00e4rt wird, wie man in den sagenumwobenen Flowzustand kommt. Das Mountainbiken inzwischen erwachsen geworden ist und sogar schon Kinder bekommen hat, wird auf humorvolle Art erz\u00e4hlt. Menschen, die von und f\u00fcr\u00b4s Mountainbiken leben. Lernt diese sympathischen Pers\u00f6nlichkeiten kennen. Warum [&hellip;]","og_url":"https:\/\/www.schymik.de\/wordpress\/produkt\/101-dinge-die-ein-mountainbiker-wissen-muss\/","og_site_name":"Transalp Homepage","article_publisher":"https:\/\/www.facebook.com\/carsten.schymik","article_modified_time":"2020-12-05T09:07:37+00:00","og_image":[{"width":1000,"height":1034,"url":"https:\/\/www.schymik.de\/wordpress\/wp-content\/101dinge.jpg","type":"image\/jpeg"}],"twitter_card":"summary_large_image","twitter_misc":{"Gesch\u00e4tzte Lesezeit":"1\u00a0Minute"},"schema":{"@context":"https:\/\/schema.org","@graph":[{"@type":"WebPage","@id":"https:\/\/www.schymik.de\/wordpress\/produkt\/101-dinge-die-ein-mountainbiker-wissen-muss\/","url":"https:\/\/www.schymik.de\/wordpress\/produkt\/101-dinge-die-ein-mountainbiker-wissen-muss\/","name":"101 Dinge die ein Mountainbiker wissen muss - Transalp Homepage","isPartOf":{"@id":"https:\/\/www.schymik.de\/wordpress\/#website"},"datePublished":"2020-12-05T08:51:39+00:00","dateModified":"2020-12-05T09:07:37+00:00","breadcrumb":{"@id":"https:\/\/www.schymik.de\/wordpress\/produkt\/101-dinge-die-ein-mountainbiker-wissen-muss\/#breadcrumb"},"inLanguage":"de","potentialAction":[{"@type":"ReadAction","target":["https:\/\/www.schymik.de\/wordpress\/produkt\/101-dinge-die-ein-mountainbiker-wissen-muss\/"]}]},{"@type":"BreadcrumbList","@id":"https:\/\/www.schymik.de\/wordpress\/produkt\/101-dinge-die-ein-mountainbiker-wissen-muss\/#breadcrumb","itemListElement":[{"@type":"ListItem","position":1,"name":"Startseite","item":"https:\/\/www.schymik.de\/wordpress\/"},{"@type":"ListItem","position":2,"name":"Shop","item":"https:\/\/www.schymik.de\/wordpress\/shop\/"},{"@type":"ListItem","position":3,"name":"101 Dinge die ein Mountainbiker wissen muss"}]},{"@type":"WebSite","@id":"https:\/\/www.schymik.de\/wordpress\/#website","url":"https:\/\/www.schymik.de\/wordpress\/","name":"Transalp Homepage","description":"Alles rund ums Mountainbike, Alpencross und Bikebergsteigen","publisher":{"@id":"https:\/\/www.schymik.de\/wordpress\/#\/schema\/person\/f4792950b1a3875a57d4fc2380f11e22"},"potentialAction":[{"@type":"SearchAction","target":{"@type":"EntryPoint","urlTemplate":"https:\/\/www.schymik.de\/wordpress\/?s={search_term_string}"},"query-input":"required name=search_term_string"}],"inLanguage":"de"},{"@type":["Person","Organization"],"@id":"https:\/\/www.schymik.de\/wordpress\/#\/schema\/person\/f4792950b1a3875a57d4fc2380f11e22","name":"Carsten","image":{"@type":"ImageObject","inLanguage":"de","@id":"https:\/\/www.schymik.de\/wordpress\/#\/schema\/person\/image\/","url":"https:\/\/www.schymik.de\/wordpress\/wp-content\/Schymik-Carsten-51x51cm.jpg","contentUrl":"https:\/\/www.schymik.de\/wordpress\/wp-content\/Schymik-Carsten-51x51cm.jpg","width":1530,"height":1530,"caption":"Carsten"},"logo":{"@id":"https:\/\/www.schymik.de\/wordpress\/#\/schema\/person\/image\/"},"sameAs":["http:\/\/www.schymik.de","https:\/\/www.facebook.com\/carsten.schymik","https:\/\/www.instagram.com\/carstenschymik\/","https:\/\/www.youtube.com\/@CarstenSchymik"]}]}},"_links":{"self":[{"href":"https:\/\/www.schymik.de\/wordpress\/wp-json\/wp\/v2\/product\/4808"}],"collection":[{"href":"https:\/\/www.schymik.de\/wordpress\/wp-json\/wp\/v2\/product"}],"about":[{"href":"https:\/\/www.schymik.de\/wordpress\/wp-json\/wp\/v2\/types\/product"}],"replies":[{"embeddable":true,"href":"https:\/\/www.schymik.de\/wordpress\/wp-json\/wp\/v2\/comments?post=4808"}],"wp:featuredmedia":[{"embeddable":true,"href":"https:\/\/www.schymik.de\/wordpress\/wp-json\/wp\/v2\/media\/4809"}],"wp:attachment":[{"href":"https:\/\/www.schymik.de\/wordpress\/wp-json\/wp\/v2\/media?parent=4808"}],"wp:term":[{"taxonomy":"product_cat","embeddable":true,"href":"https:\/\/www.schymik.de\/wordpress\/wp-json\/wp\/v2\/product_cat?post=4808"},{"taxonomy":"product_tag","embeddable":true,"href":"https:\/\/www.schymik.de\/wordpress\/wp-json\/wp\/v2\/product_tag?post=4808"}],"curies":[{"name":"wp","href":"https:\/\/api.w.org\/{rel}","templated":true}]}}