{"id":5176,"date":"2021-11-17T17:15:36","date_gmt":"2021-11-17T16:15:36","guid":{"rendered":"http:\/\/www.schymik.de\/wordpress\/?post_type=product&#038;p=5176"},"modified":"2024-11-21T15:14:35","modified_gmt":"2024-11-21T14:14:35","slug":"allgaeu-treck-sevenbikesummits","status":"publish","type":"product","link":"https:\/\/www.schymik.de\/wordpress\/produkt\/allgaeu-treck-sevenbikesummits\/","title":{"rendered":"Mountainbiken Allg\u00e4u &#038; Sevenbikesummits"},"content":{"rendered":"<p>Die Dritte Auflage Des MTB-Tourenf\u00fchrers &#8220;Mountainbiken Allg\u00e4u und Tannheimer Tal&#8221; und die &#8220;Seven Bike Summits der Alpen&#8221; bieten Dir jede Menge Stoff f\u00fcr viele spannende und abwechslungsreiche Touren in den Alpen.<\/p>\n<p><img decoding=\"async\" loading=\"lazy\" class=\"alignleft size-full wp-image-5177\" src=\"http:\/\/www.schymik.de\/wordpress\/wp-content\/sevenallg.jpg\" alt=\"\" width=\"1440\" height=\"1263\" srcset=\"https:\/\/www.schymik.de\/wordpress\/wp-content\/sevenallg.jpg 1440w, https:\/\/www.schymik.de\/wordpress\/wp-content\/sevenallg-300x263.jpg 300w, https:\/\/www.schymik.de\/wordpress\/wp-content\/sevenallg-1024x898.jpg 1024w, https:\/\/www.schymik.de\/wordpress\/wp-content\/sevenallg-768x674.jpg 768w, https:\/\/www.schymik.de\/wordpress\/wp-content\/sevenallg-600x526.jpg 600w\" sizes=\"(max-width: 1440px) 100vw, 1440px\" \/><\/p>\n<h2><\/h2>\n<p><strong>Von der welligen Voralpenlandschaft bis in die alpinen Gipfelregionen der Allg\u00e4uer Alpen Dich der Bikeguide \u201eMountainbiketouren Allg\u00e4u und Tannheimer Tal\u201c\u00a0<\/strong><\/p>\n<p>Das Besondere im Allg\u00e4u ist das dichte und abwechslungsreiche Wegenetz in einem recht \u00fcberschaubaren Gebiet, das zu den beliebtesten Urlaubsregionen Deutschlands z\u00e4hlt. Mountainbiker finden hier ein wahres Eldorado an Bike-M\u00f6glichkeiten. Der erfahrene und vielseitige Mountainbiker Carsten Schymik stellt in diesem MTB-F\u00fchrer 27 Touren mit Varianten sowie einen f\u00fcnft\u00e4gigen Allg\u00e4u-Cross vor. Jede Tour ist mit sch\u00f6nen Fotos, einer detaillierten Streckenbeschreibung, Karte und H\u00f6henprofil beschrieben.<\/p>\n<p>27 Touren zwischen welligen H\u00fcgeln und schroffen Felsen<\/p>\n<p>Mountainbike Touren rund um Sonthofen, Oberstaufen mit H\u00f6henprofil und Karten zu jeder Tour<\/p>\n<p><strong>Auf zu neunen Abenteuern und bis zum Gipfel der Seven Bike Summits der Alpen<\/strong><\/p>\n<p>Wo der Kiesweg endet, f\u00e4ngt f\u00fcr mich das Mountainbiken an. Die Suche nach dem Holy Trail hat mich in den letzten Jahren an viele sch\u00f6ne Orte in den Alpen gef\u00fchrt. Die absoluten Highlights k\u00f6nnt Ihr nun nachfahren.<\/p>\n<p>Selbstverst\u00e4ndlich kommen sowohl Einsteiger als auch absolute K\u00f6nner auf Ihre Kosten. Vom flowigen Spa\u00dftrail bis zur alpinen Extremabfahrt ist f\u00fcr jeden was dabei. Auch Touren mit Seilbahnunterst\u00fctzung sind im Buch zu finden. Nat\u00fcrlich ist man als Biker in allen vorgestellten Regionen herzlich willkommen. Deshalb gilt: Biken, wo Biker erw\u00fcnscht sind!<\/p>\n<p>Ich beschreibe in meinem neuen Bike-Guide die sieben sch\u00f6nsten und h\u00f6chsten Gipfel der Alpen, die mit dem Bike befahrbar sind.<\/p>\n<p>Titel: Die 7 Bike Summits der Alpen<br \/>\nGipfelgl\u00fcck mit dem MTB auf den h\u00f6chsten bikebaren Bergen der Alpen.<br \/>\nEin Bike-Guide von Monte Tamaro (Luganer See) bis zum Unterrothorn (Zermatt)<\/p>\n","protected":false},"excerpt":{"rendered":"<p>Die Dritte Auflage Des MTB-Tourenf\u00fchrers &#8220;Mountainbiken Allg\u00e4u und Tannheimer Tal&#8221; und die &#8220;Seven Bike Summits der Alpen&#8221; bieten Dir jede Menge Stoff f\u00fcr viele spannende und abwechslungsreiche Touren in den Alpen.<\/p>\n","protected":false},"featured_media":5177,"comment_status":"closed","ping_status":"closed","template":"","meta":[],"product_cat":[92,93,94],"product_tag":[],"yoast_head":"<!-- This site is optimized with the Yoast SEO plugin v21.0 - https:\/\/yoast.com\/wordpress\/plugins\/seo\/ -->\n<title>Mountainbiken Allg\u00e4u &amp; Sevenbikesummits - Transalp Homepage<\/title>\n<meta name=\"robots\" content=\"index, follow, max-snippet:-1, max-image-preview:large, max-video-preview:-1\" \/>\n<link rel=\"canonical\" href=\"https:\/\/www.schymik.de\/wordpress\/produkt\/allgaeu-treck-sevenbikesummits\/\" \/>\n<meta property=\"og:locale\" content=\"de_DE\" \/>\n<meta property=\"og:type\" content=\"article\" \/>\n<meta property=\"og:title\" content=\"Mountainbiken Allg\u00e4u &amp; Sevenbikesummits - Transalp Homepage\" \/>\n<meta property=\"og:description\" content=\"Die Dritte Auflage Des MTB-Tourenf\u00fchrers &quot;Mountainbiken Allg\u00e4u und Tannheimer Tal&quot; und die &quot;Seven Bike Summits der Alpen&quot; bieten Dir jede Menge Stoff f\u00fcr viele spannende und abwechslungsreiche Touren in den Alpen.\" \/>\n<meta property=\"og:url\" content=\"https:\/\/www.schymik.de\/wordpress\/produkt\/allgaeu-treck-sevenbikesummits\/\" \/>\n<meta property=\"og:site_name\" content=\"Transalp Homepage\" \/>\n<meta property=\"article:publisher\" content=\"https:\/\/www.facebook.com\/carsten.schymik\" \/>\n<meta property=\"article:modified_time\" content=\"2024-11-21T14:14:35+00:00\" \/>\n<meta property=\"og:image\" content=\"http:\/\/www.schymik.de\/wordpress\/wp-content\/sevenallg.jpg\" \/>\n\t<meta property=\"og:image:width\" content=\"1440\" \/>\n\t<meta property=\"og:image:height\" content=\"1263\" \/>\n\t<meta property=\"og:image:type\" content=\"image\/jpeg\" \/>\n<meta name=\"twitter:card\" content=\"summary_large_image\" \/>\n<meta name=\"twitter:label1\" content=\"Gesch\u00e4tzte Lesezeit\" \/>\n\t<meta name=\"twitter:data1\" content=\"2\u00a0Minuten\" \/>\n<script type=\"application\/ld+json\" class=\"yoast-schema-graph\">{\"@context\":\"https:\/\/schema.org\",\"@graph\":[{\"@type\":\"WebPage\",\"@id\":\"https:\/\/www.schymik.de\/wordpress\/produkt\/allgaeu-treck-sevenbikesummits\/\",\"url\":\"https:\/\/www.schymik.de\/wordpress\/produkt\/allgaeu-treck-sevenbikesummits\/\",\"name\":\"Mountainbiken Allg\u00e4u & Sevenbikesummits - Transalp Homepage\",\"isPartOf\":{\"@id\":\"https:\/\/www.schymik.de\/wordpress\/#website\"},\"datePublished\":\"2021-11-17T16:15:36+00:00\",\"dateModified\":\"2024-11-21T14:14:35+00:00\",\"breadcrumb\":{\"@id\":\"https:\/\/www.schymik.de\/wordpress\/produkt\/allgaeu-treck-sevenbikesummits\/#breadcrumb\"},\"inLanguage\":\"de\",\"potentialAction\":[{\"@type\":\"ReadAction\",\"target\":[\"https:\/\/www.schymik.de\/wordpress\/produkt\/allgaeu-treck-sevenbikesummits\/\"]}]},{\"@type\":\"BreadcrumbList\",\"@id\":\"https:\/\/www.schymik.de\/wordpress\/produkt\/allgaeu-treck-sevenbikesummits\/#breadcrumb\",\"itemListElement\":[{\"@type\":\"ListItem\",\"position\":1,\"name\":\"Startseite\",\"item\":\"https:\/\/www.schymik.de\/wordpress\/\"},{\"@type\":\"ListItem\",\"position\":2,\"name\":\"Shop\",\"item\":\"https:\/\/www.schymik.de\/wordpress\/shop\/\"},{\"@type\":\"ListItem\",\"position\":3,\"name\":\"Mountainbiken Allg\u00e4u &#038; Sevenbikesummits\"}]},{\"@type\":\"WebSite\",\"@id\":\"https:\/\/www.schymik.de\/wordpress\/#website\",\"url\":\"https:\/\/www.schymik.de\/wordpress\/\",\"name\":\"Transalp Homepage\",\"description\":\"Alles rund ums Mountainbike, Alpencross und Bikebergsteigen\",\"publisher\":{\"@id\":\"https:\/\/www.schymik.de\/wordpress\/#\/schema\/person\/f4792950b1a3875a57d4fc2380f11e22\"},\"potentialAction\":[{\"@type\":\"SearchAction\",\"target\":{\"@type\":\"EntryPoint\",\"urlTemplate\":\"https:\/\/www.schymik.de\/wordpress\/?s={search_term_string}\"},\"query-input\":\"required name=search_term_string\"}],\"inLanguage\":\"de\"},{\"@type\":[\"Person\",\"Organization\"],\"@id\":\"https:\/\/www.schymik.de\/wordpress\/#\/schema\/person\/f4792950b1a3875a57d4fc2380f11e22\",\"name\":\"Carsten\",\"image\":{\"@type\":\"ImageObject\",\"inLanguage\":\"de\",\"@id\":\"https:\/\/www.schymik.de\/wordpress\/#\/schema\/person\/image\/\",\"url\":\"https:\/\/www.schymik.de\/wordpress\/wp-content\/Schymik-Carsten-51x51cm.jpg\",\"contentUrl\":\"https:\/\/www.schymik.de\/wordpress\/wp-content\/Schymik-Carsten-51x51cm.jpg\",\"width\":1530,\"height\":1530,\"caption\":\"Carsten\"},\"logo\":{\"@id\":\"https:\/\/www.schymik.de\/wordpress\/#\/schema\/person\/image\/\"},\"sameAs\":[\"http:\/\/www.schymik.de\",\"https:\/\/www.facebook.com\/carsten.schymik\",\"https:\/\/www.instagram.com\/carstenschymik\/\",\"https:\/\/www.youtube.com\/@CarstenSchymik\"]}]}<\/script>\n<!-- \/ Yoast SEO plugin. -->","yoast_head_json":{"title":"Mountainbiken Allg\u00e4u & Sevenbikesummits - Transalp Homepage","robots":{"index":"index","follow":"follow","max-snippet":"max-snippet:-1","max-image-preview":"max-image-preview:large","max-video-preview":"max-video-preview:-1"},"canonical":"https:\/\/www.schymik.de\/wordpress\/produkt\/allgaeu-treck-sevenbikesummits\/","og_locale":"de_DE","og_type":"article","og_title":"Mountainbiken Allg\u00e4u & Sevenbikesummits - Transalp Homepage","og_description":"Die Dritte Auflage Des MTB-Tourenf\u00fchrers \"Mountainbiken Allg\u00e4u und Tannheimer Tal\" und die \"Seven Bike Summits der Alpen\" bieten Dir jede Menge Stoff f\u00fcr viele spannende und abwechslungsreiche Touren in den Alpen.","og_url":"https:\/\/www.schymik.de\/wordpress\/produkt\/allgaeu-treck-sevenbikesummits\/","og_site_name":"Transalp Homepage","article_publisher":"https:\/\/www.facebook.com\/carsten.schymik","article_modified_time":"2024-11-21T14:14:35+00:00","og_image":[{"width":1440,"height":1263,"url":"http:\/\/www.schymik.de\/wordpress\/wp-content\/sevenallg.jpg","type":"image\/jpeg"}],"twitter_card":"summary_large_image","twitter_misc":{"Gesch\u00e4tzte Lesezeit":"2\u00a0Minuten"},"schema":{"@context":"https:\/\/schema.org","@graph":[{"@type":"WebPage","@id":"https:\/\/www.schymik.de\/wordpress\/produkt\/allgaeu-treck-sevenbikesummits\/","url":"https:\/\/www.schymik.de\/wordpress\/produkt\/allgaeu-treck-sevenbikesummits\/","name":"Mountainbiken Allg\u00e4u & Sevenbikesummits - Transalp Homepage","isPartOf":{"@id":"https:\/\/www.schymik.de\/wordpress\/#website"},"datePublished":"2021-11-17T16:15:36+00:00","dateModified":"2024-11-21T14:14:35+00:00","breadcrumb":{"@id":"https:\/\/www.schymik.de\/wordpress\/produkt\/allgaeu-treck-sevenbikesummits\/#breadcrumb"},"inLanguage":"de","potentialAction":[{"@type":"ReadAction","target":["https:\/\/www.schymik.de\/wordpress\/produkt\/allgaeu-treck-sevenbikesummits\/"]}]},{"@type":"BreadcrumbList","@id":"https:\/\/www.schymik.de\/wordpress\/produkt\/allgaeu-treck-sevenbikesummits\/#breadcrumb","itemListElement":[{"@type":"ListItem","position":1,"name":"Startseite","item":"https:\/\/www.schymik.de\/wordpress\/"},{"@type":"ListItem","position":2,"name":"Shop","item":"https:\/\/www.schymik.de\/wordpress\/shop\/"},{"@type":"ListItem","position":3,"name":"Mountainbiken Allg\u00e4u &#038; Sevenbikesummits"}]},{"@type":"WebSite","@id":"https:\/\/www.schymik.de\/wordpress\/#website","url":"https:\/\/www.schymik.de\/wordpress\/","name":"Transalp Homepage","description":"Alles rund ums Mountainbike, Alpencross und Bikebergsteigen","publisher":{"@id":"https:\/\/www.schymik.de\/wordpress\/#\/schema\/person\/f4792950b1a3875a57d4fc2380f11e22"},"potentialAction":[{"@type":"SearchAction","target":{"@type":"EntryPoint","urlTemplate":"https:\/\/www.schymik.de\/wordpress\/?s={search_term_string}"},"query-input":"required name=search_term_string"}],"inLanguage":"de"},{"@type":["Person","Organization"],"@id":"https:\/\/www.schymik.de\/wordpress\/#\/schema\/person\/f4792950b1a3875a57d4fc2380f11e22","name":"Carsten","image":{"@type":"ImageObject","inLanguage":"de","@id":"https:\/\/www.schymik.de\/wordpress\/#\/schema\/person\/image\/","url":"https:\/\/www.schymik.de\/wordpress\/wp-content\/Schymik-Carsten-51x51cm.jpg","contentUrl":"https:\/\/www.schymik.de\/wordpress\/wp-content\/Schymik-Carsten-51x51cm.jpg","width":1530,"height":1530,"caption":"Carsten"},"logo":{"@id":"https:\/\/www.schymik.de\/wordpress\/#\/schema\/person\/image\/"},"sameAs":["http:\/\/www.schymik.de","https:\/\/www.facebook.com\/carsten.schymik","https:\/\/www.instagram.com\/carstenschymik\/","https:\/\/www.youtube.com\/@CarstenSchymik"]}]}},"_links":{"self":[{"href":"https:\/\/www.schymik.de\/wordpress\/wp-json\/wp\/v2\/product\/5176"}],"collection":[{"href":"https:\/\/www.schymik.de\/wordpress\/wp-json\/wp\/v2\/product"}],"about":[{"href":"https:\/\/www.schymik.de\/wordpress\/wp-json\/wp\/v2\/types\/product"}],"replies":[{"embeddable":true,"href":"https:\/\/www.schymik.de\/wordpress\/wp-json\/wp\/v2\/comments?post=5176"}],"wp:featuredmedia":[{"embeddable":true,"href":"https:\/\/www.schymik.de\/wordpress\/wp-json\/wp\/v2\/media\/5177"}],"wp:attachment":[{"href":"https:\/\/www.schymik.de\/wordpress\/wp-json\/wp\/v2\/media?parent=5176"}],"wp:term":[{"taxonomy":"product_cat","embeddable":true,"href":"https:\/\/www.schymik.de\/wordpress\/wp-json\/wp\/v2\/product_cat?post=5176"},{"taxonomy":"product_tag","embeddable":true,"href":"https:\/\/www.schymik.de\/wordpress\/wp-json\/wp\/v2\/product_tag?post=5176"}],"curies":[{"name":"wp","href":"https:\/\/api.w.org\/{rel}","templated":true}]}}