{"id":5178,"date":"2021-11-17T17:22:19","date_gmt":"2021-11-17T16:22:19","guid":{"rendered":"http:\/\/www.schymik.de\/wordpress\/?post_type=product&#038;p=5178"},"modified":"2024-11-21T15:14:16","modified_gmt":"2024-11-21T14:14:16","slug":"allgaeu-guide-101-dinge-mtb","status":"publish","type":"product","link":"https:\/\/www.schymik.de\/wordpress\/produkt\/allgaeu-guide-101-dinge-mtb\/","title":{"rendered":"Allg\u00e4u-Guide &#038; 101 Dinge MTB"},"content":{"rendered":"<p>Das Paket aus dem Bikeguide <strong>\u00a0\u201eMountainbiketouren Allg\u00e4u und Tannheimer Tal\u201c <\/strong>und <strong>&#8220;<\/strong><strong>101 Dinge die ein Mountainbiker wissen muss&#8221;\u00a0<\/strong>zum g\u00fcnstigen Paketpreis.<img decoding=\"async\" loading=\"lazy\" class=\"alignleft size-full wp-image-5179\" src=\"http:\/\/www.schymik.de\/wordpress\/wp-content\/double-1.jpg\" alt=\"\" width=\"1440\" height=\"1263\" srcset=\"https:\/\/www.schymik.de\/wordpress\/wp-content\/double-1.jpg 1440w, https:\/\/www.schymik.de\/wordpress\/wp-content\/double-1-300x263.jpg 300w, https:\/\/www.schymik.de\/wordpress\/wp-content\/double-1-1024x898.jpg 1024w, https:\/\/www.schymik.de\/wordpress\/wp-content\/double-1-768x674.jpg 768w, https:\/\/www.schymik.de\/wordpress\/wp-content\/double-1-600x526.jpg 600w\" sizes=\"(max-width: 1440px) 100vw, 1440px\" \/><\/p>\n<h2>101 Dinge MTB<\/h2>\n<p>Mountainbiken ist die sch\u00f6nste Sportart der Welt!<br \/>\nWarum das so ist erf\u00e4hrt man hier genauso, wie erkl\u00e4rt wird, wie man in den sagenumwobenen Flowzustand kommt.<br \/>\nDas Mountainbiken inzwischen erwachsen geworden ist und sogar schon Kinder bekommen hat, wird auf humorvolle Art erz\u00e4hlt.<br \/>\nMenschen, die von und f\u00fcr\u00b4s Mountainbiken leben. Lernt diese sympathischen Pers\u00f6nlichkeiten kennen.<br \/>\nWarum man sich f\u00fcr den Sport engagieren sollte und wie das in der Praxis aussieht.<br \/>\nUnd klar, es gibt viele Facetten der Sportart, mehr noch wie Reifengr\u00f6\u00dfen, Ritzel und die Zahl der Kettenglieder.<br \/>\nAber viel wichtiger ist die Erholung, der Naturgenuss und der Spa\u00df am Mountainbiken darf nat\u00fcrlich auch nicht zu kurz kommen\u2026<\/p>\n<p>&nbsp;<\/p>\n<h2>Allg\u00e4uguide<\/h2>\n<p>Das Besondere im Allg\u00e4u ist das dichte und abwechslungsreiche Wegenetz in einem recht \u00fcberschaubaren Gebiet, das zu den beliebtesten Urlaubsregionen Deutschlands z\u00e4hlt. Mountainbiker finden hier ein wahres Eldorado an Bike-M\u00f6glichkeiten. Der erfahrene und vielseitige Mountainbiker Carsten Schymik stellt in diesem MTB-F\u00fchrer 27 Touren mit Varianten sowie einen f\u00fcnft\u00e4gigen Allg\u00e4u-Cross vor. Jede Tour ist mit sch\u00f6nen Fotos, einer detaillierten Streckenbeschreibung, Karte und H\u00f6henprofil beschrieben.<\/p>\n<p>27 Touren zwischen welligen H\u00fcgeln und schroffen Felsen<\/p>\n<p>Mountainbike Touren rund um Sonthofen, Oberstaufen mit H\u00f6henprofil und Karten zu jeder Tour<\/p>\n","protected":false},"excerpt":{"rendered":"<p>Das Paket aus dem Bikeguide \u00a0\u201eMountainbiketouren Allg\u00e4u und Tannheimer Tal\u201c und &#8220;101 Dinge die ein Mountainbiker wissen muss&#8221;\u00a0zum g\u00fcnstigen Paketpreis. 101 Dinge MTB Mountainbiken ist die sch\u00f6nste Sportart der Welt! Warum das so ist erf\u00e4hrt man hier genauso, wie erkl\u00e4rt wird, wie man in den sagenumwobenen Flowzustand kommt. Das Mountainbiken inzwischen erwachsen geworden ist und [&hellip;]<\/p>\n","protected":false},"featured_media":5179,"comment_status":"closed","ping_status":"closed","template":"","meta":[],"product_cat":[92,93,94],"product_tag":[],"yoast_head":"<!-- This site is optimized with the Yoast SEO plugin v21.0 - https:\/\/yoast.com\/wordpress\/plugins\/seo\/ -->\n<title>Allg\u00e4u-Guide &amp; 101 Dinge MTB - Transalp Homepage<\/title>\n<meta name=\"robots\" content=\"index, follow, max-snippet:-1, max-image-preview:large, max-video-preview:-1\" \/>\n<link rel=\"canonical\" href=\"https:\/\/www.schymik.de\/wordpress\/produkt\/allgaeu-guide-101-dinge-mtb\/\" \/>\n<meta property=\"og:locale\" content=\"de_DE\" \/>\n<meta property=\"og:type\" content=\"article\" \/>\n<meta property=\"og:title\" content=\"Allg\u00e4u-Guide &amp; 101 Dinge MTB - Transalp Homepage\" \/>\n<meta property=\"og:description\" content=\"Das Paket aus dem Bikeguide \u00a0\u201eMountainbiketouren Allg\u00e4u und Tannheimer Tal\u201c und &#8220;101 Dinge die ein Mountainbiker wissen muss&#8221;\u00a0zum g\u00fcnstigen Paketpreis. 101 Dinge MTB Mountainbiken ist die sch\u00f6nste Sportart der Welt! Warum das so ist erf\u00e4hrt man hier genauso, wie erkl\u00e4rt wird, wie man in den sagenumwobenen Flowzustand kommt. Das Mountainbiken inzwischen erwachsen geworden ist und [&hellip;]\" \/>\n<meta property=\"og:url\" content=\"https:\/\/www.schymik.de\/wordpress\/produkt\/allgaeu-guide-101-dinge-mtb\/\" \/>\n<meta property=\"og:site_name\" content=\"Transalp Homepage\" \/>\n<meta property=\"article:publisher\" content=\"https:\/\/www.facebook.com\/carsten.schymik\" \/>\n<meta property=\"article:modified_time\" content=\"2024-11-21T14:14:16+00:00\" \/>\n<meta property=\"og:image\" content=\"http:\/\/www.schymik.de\/wordpress\/wp-content\/double-1.jpg\" \/>\n\t<meta property=\"og:image:width\" content=\"1440\" \/>\n\t<meta property=\"og:image:height\" content=\"1263\" \/>\n\t<meta property=\"og:image:type\" content=\"image\/jpeg\" \/>\n<meta name=\"twitter:card\" content=\"summary_large_image\" \/>\n<meta name=\"twitter:label1\" content=\"Gesch\u00e4tzte Lesezeit\" \/>\n\t<meta name=\"twitter:data1\" content=\"1\u00a0Minute\" \/>\n<script type=\"application\/ld+json\" class=\"yoast-schema-graph\">{\"@context\":\"https:\/\/schema.org\",\"@graph\":[{\"@type\":\"WebPage\",\"@id\":\"https:\/\/www.schymik.de\/wordpress\/produkt\/allgaeu-guide-101-dinge-mtb\/\",\"url\":\"https:\/\/www.schymik.de\/wordpress\/produkt\/allgaeu-guide-101-dinge-mtb\/\",\"name\":\"Allg\u00e4u-Guide & 101 Dinge MTB - Transalp Homepage\",\"isPartOf\":{\"@id\":\"https:\/\/www.schymik.de\/wordpress\/#website\"},\"datePublished\":\"2021-11-17T16:22:19+00:00\",\"dateModified\":\"2024-11-21T14:14:16+00:00\",\"breadcrumb\":{\"@id\":\"https:\/\/www.schymik.de\/wordpress\/produkt\/allgaeu-guide-101-dinge-mtb\/#breadcrumb\"},\"inLanguage\":\"de\",\"potentialAction\":[{\"@type\":\"ReadAction\",\"target\":[\"https:\/\/www.schymik.de\/wordpress\/produkt\/allgaeu-guide-101-dinge-mtb\/\"]}]},{\"@type\":\"BreadcrumbList\",\"@id\":\"https:\/\/www.schymik.de\/wordpress\/produkt\/allgaeu-guide-101-dinge-mtb\/#breadcrumb\",\"itemListElement\":[{\"@type\":\"ListItem\",\"position\":1,\"name\":\"Startseite\",\"item\":\"https:\/\/www.schymik.de\/wordpress\/\"},{\"@type\":\"ListItem\",\"position\":2,\"name\":\"Shop\",\"item\":\"https:\/\/www.schymik.de\/wordpress\/shop\/\"},{\"@type\":\"ListItem\",\"position\":3,\"name\":\"Allg\u00e4u-Guide &#038; 101 Dinge MTB\"}]},{\"@type\":\"WebSite\",\"@id\":\"https:\/\/www.schymik.de\/wordpress\/#website\",\"url\":\"https:\/\/www.schymik.de\/wordpress\/\",\"name\":\"Transalp Homepage\",\"description\":\"Alles rund ums Mountainbike, Alpencross und Bikebergsteigen\",\"publisher\":{\"@id\":\"https:\/\/www.schymik.de\/wordpress\/#\/schema\/person\/f4792950b1a3875a57d4fc2380f11e22\"},\"potentialAction\":[{\"@type\":\"SearchAction\",\"target\":{\"@type\":\"EntryPoint\",\"urlTemplate\":\"https:\/\/www.schymik.de\/wordpress\/?s={search_term_string}\"},\"query-input\":\"required name=search_term_string\"}],\"inLanguage\":\"de\"},{\"@type\":[\"Person\",\"Organization\"],\"@id\":\"https:\/\/www.schymik.de\/wordpress\/#\/schema\/person\/f4792950b1a3875a57d4fc2380f11e22\",\"name\":\"Carsten\",\"image\":{\"@type\":\"ImageObject\",\"inLanguage\":\"de\",\"@id\":\"https:\/\/www.schymik.de\/wordpress\/#\/schema\/person\/image\/\",\"url\":\"https:\/\/www.schymik.de\/wordpress\/wp-content\/Schymik-Carsten-51x51cm.jpg\",\"contentUrl\":\"https:\/\/www.schymik.de\/wordpress\/wp-content\/Schymik-Carsten-51x51cm.jpg\",\"width\":1530,\"height\":1530,\"caption\":\"Carsten\"},\"logo\":{\"@id\":\"https:\/\/www.schymik.de\/wordpress\/#\/schema\/person\/image\/\"},\"sameAs\":[\"http:\/\/www.schymik.de\",\"https:\/\/www.facebook.com\/carsten.schymik\",\"https:\/\/www.instagram.com\/carstenschymik\/\",\"https:\/\/www.youtube.com\/@CarstenSchymik\"]}]}<\/script>\n<!-- \/ Yoast SEO plugin. -->","yoast_head_json":{"title":"Allg\u00e4u-Guide & 101 Dinge MTB - Transalp Homepage","robots":{"index":"index","follow":"follow","max-snippet":"max-snippet:-1","max-image-preview":"max-image-preview:large","max-video-preview":"max-video-preview:-1"},"canonical":"https:\/\/www.schymik.de\/wordpress\/produkt\/allgaeu-guide-101-dinge-mtb\/","og_locale":"de_DE","og_type":"article","og_title":"Allg\u00e4u-Guide & 101 Dinge MTB - Transalp Homepage","og_description":"Das Paket aus dem Bikeguide \u00a0\u201eMountainbiketouren Allg\u00e4u und Tannheimer Tal\u201c und &#8220;101 Dinge die ein Mountainbiker wissen muss&#8221;\u00a0zum g\u00fcnstigen Paketpreis. 101 Dinge MTB Mountainbiken ist die sch\u00f6nste Sportart der Welt! Warum das so ist erf\u00e4hrt man hier genauso, wie erkl\u00e4rt wird, wie man in den sagenumwobenen Flowzustand kommt. Das Mountainbiken inzwischen erwachsen geworden ist und [&hellip;]","og_url":"https:\/\/www.schymik.de\/wordpress\/produkt\/allgaeu-guide-101-dinge-mtb\/","og_site_name":"Transalp Homepage","article_publisher":"https:\/\/www.facebook.com\/carsten.schymik","article_modified_time":"2024-11-21T14:14:16+00:00","og_image":[{"width":1440,"height":1263,"url":"http:\/\/www.schymik.de\/wordpress\/wp-content\/double-1.jpg","type":"image\/jpeg"}],"twitter_card":"summary_large_image","twitter_misc":{"Gesch\u00e4tzte Lesezeit":"1\u00a0Minute"},"schema":{"@context":"https:\/\/schema.org","@graph":[{"@type":"WebPage","@id":"https:\/\/www.schymik.de\/wordpress\/produkt\/allgaeu-guide-101-dinge-mtb\/","url":"https:\/\/www.schymik.de\/wordpress\/produkt\/allgaeu-guide-101-dinge-mtb\/","name":"Allg\u00e4u-Guide & 101 Dinge MTB - Transalp Homepage","isPartOf":{"@id":"https:\/\/www.schymik.de\/wordpress\/#website"},"datePublished":"2021-11-17T16:22:19+00:00","dateModified":"2024-11-21T14:14:16+00:00","breadcrumb":{"@id":"https:\/\/www.schymik.de\/wordpress\/produkt\/allgaeu-guide-101-dinge-mtb\/#breadcrumb"},"inLanguage":"de","potentialAction":[{"@type":"ReadAction","target":["https:\/\/www.schymik.de\/wordpress\/produkt\/allgaeu-guide-101-dinge-mtb\/"]}]},{"@type":"BreadcrumbList","@id":"https:\/\/www.schymik.de\/wordpress\/produkt\/allgaeu-guide-101-dinge-mtb\/#breadcrumb","itemListElement":[{"@type":"ListItem","position":1,"name":"Startseite","item":"https:\/\/www.schymik.de\/wordpress\/"},{"@type":"ListItem","position":2,"name":"Shop","item":"https:\/\/www.schymik.de\/wordpress\/shop\/"},{"@type":"ListItem","position":3,"name":"Allg\u00e4u-Guide &#038; 101 Dinge MTB"}]},{"@type":"WebSite","@id":"https:\/\/www.schymik.de\/wordpress\/#website","url":"https:\/\/www.schymik.de\/wordpress\/","name":"Transalp Homepage","description":"Alles rund ums Mountainbike, Alpencross und Bikebergsteigen","publisher":{"@id":"https:\/\/www.schymik.de\/wordpress\/#\/schema\/person\/f4792950b1a3875a57d4fc2380f11e22"},"potentialAction":[{"@type":"SearchAction","target":{"@type":"EntryPoint","urlTemplate":"https:\/\/www.schymik.de\/wordpress\/?s={search_term_string}"},"query-input":"required name=search_term_string"}],"inLanguage":"de"},{"@type":["Person","Organization"],"@id":"https:\/\/www.schymik.de\/wordpress\/#\/schema\/person\/f4792950b1a3875a57d4fc2380f11e22","name":"Carsten","image":{"@type":"ImageObject","inLanguage":"de","@id":"https:\/\/www.schymik.de\/wordpress\/#\/schema\/person\/image\/","url":"https:\/\/www.schymik.de\/wordpress\/wp-content\/Schymik-Carsten-51x51cm.jpg","contentUrl":"https:\/\/www.schymik.de\/wordpress\/wp-content\/Schymik-Carsten-51x51cm.jpg","width":1530,"height":1530,"caption":"Carsten"},"logo":{"@id":"https:\/\/www.schymik.de\/wordpress\/#\/schema\/person\/image\/"},"sameAs":["http:\/\/www.schymik.de","https:\/\/www.facebook.com\/carsten.schymik","https:\/\/www.instagram.com\/carstenschymik\/","https:\/\/www.youtube.com\/@CarstenSchymik"]}]}},"_links":{"self":[{"href":"https:\/\/www.schymik.de\/wordpress\/wp-json\/wp\/v2\/product\/5178"}],"collection":[{"href":"https:\/\/www.schymik.de\/wordpress\/wp-json\/wp\/v2\/product"}],"about":[{"href":"https:\/\/www.schymik.de\/wordpress\/wp-json\/wp\/v2\/types\/product"}],"replies":[{"embeddable":true,"href":"https:\/\/www.schymik.de\/wordpress\/wp-json\/wp\/v2\/comments?post=5178"}],"wp:featuredmedia":[{"embeddable":true,"href":"https:\/\/www.schymik.de\/wordpress\/wp-json\/wp\/v2\/media\/5179"}],"wp:attachment":[{"href":"https:\/\/www.schymik.de\/wordpress\/wp-json\/wp\/v2\/media?parent=5178"}],"wp:term":[{"taxonomy":"product_cat","embeddable":true,"href":"https:\/\/www.schymik.de\/wordpress\/wp-json\/wp\/v2\/product_cat?post=5178"},{"taxonomy":"product_tag","embeddable":true,"href":"https:\/\/www.schymik.de\/wordpress\/wp-json\/wp\/v2\/product_tag?post=5178"}],"curies":[{"name":"wp","href":"https:\/\/api.w.org\/{rel}","templated":true}]}}