{"id":5180,"date":"2021-11-17T17:26:58","date_gmt":"2021-11-17T16:26:58","guid":{"rendered":"http:\/\/www.schymik.de\/wordpress\/?post_type=product&#038;p=5180"},"modified":"2024-11-21T15:13:58","modified_gmt":"2024-11-21T14:13:58","slug":"sevenbikesummits-allgaeuguide-101-dinge-mtb","status":"publish","type":"product","link":"https:\/\/www.schymik.de\/wordpress\/produkt\/sevenbikesummits-allgaeuguide-101-dinge-mtb\/","title":{"rendered":"Sevenbikesummits &#038; Allg\u00e4uguide &#038; 101 Dinge MTB"},"content":{"rendered":"<p>Das volle Paket meiner B\u00fccher zum g\u00fcnstigen Paketpreis.<\/p>\n<p><img decoding=\"async\" loading=\"lazy\" class=\"alignleft size-full wp-image-5181\" src=\"http:\/\/www.schymik.de\/wordpress\/wp-content\/trible.jpg\" alt=\"\" width=\"1440\" height=\"1264\" srcset=\"https:\/\/www.schymik.de\/wordpress\/wp-content\/trible.jpg 1440w, https:\/\/www.schymik.de\/wordpress\/wp-content\/trible-300x263.jpg 300w, https:\/\/www.schymik.de\/wordpress\/wp-content\/trible-1024x899.jpg 1024w, https:\/\/www.schymik.de\/wordpress\/wp-content\/trible-768x674.jpg 768w, https:\/\/www.schymik.de\/wordpress\/wp-content\/trible-600x527.jpg 600w\" sizes=\"(max-width: 1440px) 100vw, 1440px\" \/><\/p>\n<h2>101 Dinge MTB<\/h2>\n<p>Mountainbiken ist die sch\u00f6nste Sportart der Welt!<br \/>\nWarum das so ist erf\u00e4hrt man hier genauso, wie erkl\u00e4rt wird, wie man in den sagenumwobenen Flowzustand kommt.<br \/>\nDas Mountainbiken inzwischen erwachsen geworden ist und sogar schon Kinder bekommen hat, wird auf humorvolle Art erz\u00e4hlt.<br \/>\nMenschen, die von und f\u00fcr\u00b4s Mountainbiken leben. Lernt diese sympathischen Pers\u00f6nlichkeiten kennen.<br \/>\nWarum man sich f\u00fcr den Sport engagieren sollte und wie das in der Praxis aussieht.<br \/>\nUnd klar, es gibt viele Facetten der Sportart, mehr noch wie Reifengr\u00f6\u00dfen, Ritzel und die Zahl der Kettenglieder.<br \/>\nAber viel wichtiger ist die Erholung, der Naturgenuss und der Spa\u00df am Mountainbiken darf nat\u00fcrlich auch nicht zu kurz kommen\u2026<\/p>\n<p>&nbsp;<\/p>\n<h2>Allg\u00e4uguide<\/h2>\n<p>Das Besondere im Allg\u00e4u ist das dichte und abwechslungsreiche Wegenetz in einem recht \u00fcberschaubaren Gebiet, das zu den beliebtesten Urlaubsregionen Deutschlands z\u00e4hlt. Mountainbiker finden hier ein wahres Eldorado an Bike-M\u00f6glichkeiten. Der erfahrene und vielseitige Mountainbiker Carsten Schymik stellt in diesem MTB-F\u00fchrer 27 Touren mit Varianten sowie einen f\u00fcnft\u00e4gigen Allg\u00e4u-Cross vor. Jede Tour ist mit sch\u00f6nen Fotos, einer detaillierten Streckenbeschreibung, Karte und H\u00f6henprofil beschrieben.<\/p>\n<p>27 Touren zwischen welligen H\u00fcgeln und schroffen Felsen<\/p>\n<p>Mountainbike Touren rund um Sonthofen, Oberstaufen mit H\u00f6henprofil und Karten zu jeder Tour<\/p>\n<h2><\/h2>\n<h2><strong>Seven Bike Summits der Alpen<\/strong><\/h2>\n<p>Wo der Kiesweg endet, f\u00e4ngt f\u00fcr mich das Mountainbiken an. Die Suche nach dem Holy Trail hat mich in den letzten Jahren an viele sch\u00f6ne Orte in den Alpen gef\u00fchrt. Die absoluten Highlights k\u00f6nnt Ihr nun nachfahren.<\/p>\n<p>Selbstverst\u00e4ndlich kommen sowohl Einsteiger als auch absolute K\u00f6nner auf Ihre Kosten. Vom flowigen Spa\u00dftrail bis zur alpinen Extremabfahrt ist f\u00fcr jeden was dabei. Auch Touren mit Seilbahnunterst\u00fctzung sind im Buch zu finden. Nat\u00fcrlich ist man als Biker in allen vorgestellten Regionen herzlich willkommen. Deshalb gilt: Biken, wo Biker erw\u00fcnscht sind!<\/p>\n<p>Ich beschreibe in meinem neuen Bike-Guide die sieben sch\u00f6nsten und h\u00f6chsten Gipfel der Alpen, die mit dem Bike befahrbar sind.<\/p>\n<p>Wo der Kiesweg endet, f\u00e4ngt f\u00fcr mich das Mountainbiken an. Die Suche nach dem Holy Trail hat mich in den letzten Jahren an viele sch\u00f6ne Orte in den Alpen gef\u00fchrt. Die absoluten Highlights k\u00f6nnt Ihr nun nachfahren.<\/p>\n<p>Selbstverst\u00e4ndlich kommen sowohl Einsteiger als auch absolute K\u00f6nner auf Ihre Kosten. Vom flowigen Spa\u00dftrail bis zur alpinen Extremabfahrt ist f\u00fcr jeden was dabei. Auch Touren mit Seilbahnunterst\u00fctzung sind im Buch zu finden. Nat\u00fcrlich ist man als Biker in allen vorgestellten Regionen herzlich willkommen. Deshalb gilt: Biken, wo Biker erw\u00fcnscht sind!<\/p>\n<p>Ich beschreibe in meinem neuen Bike-Guide die sieben sch\u00f6nsten und h\u00f6chsten Gipfel der Alpen, die mit dem Bike befahrbar sind.<\/p>\n","protected":false},"excerpt":{"rendered":"<p>Das volle Paket meiner B\u00fccher zum g\u00fcnstigen Paketpreis.<\/p>\n","protected":false},"featured_media":5181,"comment_status":"closed","ping_status":"closed","template":"","meta":[],"product_cat":[92,93,94],"product_tag":[],"yoast_head":"<!-- This site is optimized with the Yoast SEO plugin v21.0 - https:\/\/yoast.com\/wordpress\/plugins\/seo\/ -->\n<title>Sevenbikesummits &amp; Allg\u00e4uguide &amp; 101 Dinge MTB - Transalp Homepage<\/title>\n<meta name=\"robots\" content=\"index, follow, max-snippet:-1, max-image-preview:large, max-video-preview:-1\" \/>\n<link rel=\"canonical\" href=\"https:\/\/www.schymik.de\/wordpress\/produkt\/sevenbikesummits-allgaeuguide-101-dinge-mtb\/\" \/>\n<meta property=\"og:locale\" content=\"de_DE\" \/>\n<meta property=\"og:type\" content=\"article\" \/>\n<meta property=\"og:title\" content=\"Sevenbikesummits &amp; Allg\u00e4uguide &amp; 101 Dinge MTB - Transalp Homepage\" \/>\n<meta property=\"og:description\" content=\"Das volle Paket meiner B\u00fccher zum g\u00fcnstigen Paketpreis.\" \/>\n<meta property=\"og:url\" content=\"https:\/\/www.schymik.de\/wordpress\/produkt\/sevenbikesummits-allgaeuguide-101-dinge-mtb\/\" \/>\n<meta property=\"og:site_name\" content=\"Transalp Homepage\" \/>\n<meta property=\"article:publisher\" content=\"https:\/\/www.facebook.com\/carsten.schymik\" \/>\n<meta property=\"article:modified_time\" content=\"2024-11-21T14:13:58+00:00\" \/>\n<meta property=\"og:image\" content=\"http:\/\/www.schymik.de\/wordpress\/wp-content\/trible.jpg\" \/>\n\t<meta property=\"og:image:width\" content=\"1440\" \/>\n\t<meta property=\"og:image:height\" content=\"1264\" \/>\n\t<meta property=\"og:image:type\" content=\"image\/jpeg\" \/>\n<meta name=\"twitter:card\" content=\"summary_large_image\" \/>\n<meta name=\"twitter:label1\" content=\"Gesch\u00e4tzte Lesezeit\" \/>\n\t<meta name=\"twitter:data1\" content=\"3\u00a0Minuten\" \/>\n<script type=\"application\/ld+json\" class=\"yoast-schema-graph\">{\"@context\":\"https:\/\/schema.org\",\"@graph\":[{\"@type\":\"WebPage\",\"@id\":\"https:\/\/www.schymik.de\/wordpress\/produkt\/sevenbikesummits-allgaeuguide-101-dinge-mtb\/\",\"url\":\"https:\/\/www.schymik.de\/wordpress\/produkt\/sevenbikesummits-allgaeuguide-101-dinge-mtb\/\",\"name\":\"Sevenbikesummits & Allg\u00e4uguide & 101 Dinge MTB - Transalp Homepage\",\"isPartOf\":{\"@id\":\"https:\/\/www.schymik.de\/wordpress\/#website\"},\"datePublished\":\"2021-11-17T16:26:58+00:00\",\"dateModified\":\"2024-11-21T14:13:58+00:00\",\"breadcrumb\":{\"@id\":\"https:\/\/www.schymik.de\/wordpress\/produkt\/sevenbikesummits-allgaeuguide-101-dinge-mtb\/#breadcrumb\"},\"inLanguage\":\"de\",\"potentialAction\":[{\"@type\":\"ReadAction\",\"target\":[\"https:\/\/www.schymik.de\/wordpress\/produkt\/sevenbikesummits-allgaeuguide-101-dinge-mtb\/\"]}]},{\"@type\":\"BreadcrumbList\",\"@id\":\"https:\/\/www.schymik.de\/wordpress\/produkt\/sevenbikesummits-allgaeuguide-101-dinge-mtb\/#breadcrumb\",\"itemListElement\":[{\"@type\":\"ListItem\",\"position\":1,\"name\":\"Startseite\",\"item\":\"https:\/\/www.schymik.de\/wordpress\/\"},{\"@type\":\"ListItem\",\"position\":2,\"name\":\"Shop\",\"item\":\"https:\/\/www.schymik.de\/wordpress\/shop\/\"},{\"@type\":\"ListItem\",\"position\":3,\"name\":\"Sevenbikesummits &#038; Allg\u00e4uguide &#038; 101 Dinge MTB\"}]},{\"@type\":\"WebSite\",\"@id\":\"https:\/\/www.schymik.de\/wordpress\/#website\",\"url\":\"https:\/\/www.schymik.de\/wordpress\/\",\"name\":\"Transalp Homepage\",\"description\":\"Alles rund ums Mountainbike, Alpencross und Bikebergsteigen\",\"publisher\":{\"@id\":\"https:\/\/www.schymik.de\/wordpress\/#\/schema\/person\/f4792950b1a3875a57d4fc2380f11e22\"},\"potentialAction\":[{\"@type\":\"SearchAction\",\"target\":{\"@type\":\"EntryPoint\",\"urlTemplate\":\"https:\/\/www.schymik.de\/wordpress\/?s={search_term_string}\"},\"query-input\":\"required name=search_term_string\"}],\"inLanguage\":\"de\"},{\"@type\":[\"Person\",\"Organization\"],\"@id\":\"https:\/\/www.schymik.de\/wordpress\/#\/schema\/person\/f4792950b1a3875a57d4fc2380f11e22\",\"name\":\"Carsten\",\"image\":{\"@type\":\"ImageObject\",\"inLanguage\":\"de\",\"@id\":\"https:\/\/www.schymik.de\/wordpress\/#\/schema\/person\/image\/\",\"url\":\"https:\/\/www.schymik.de\/wordpress\/wp-content\/Schymik-Carsten-51x51cm.jpg\",\"contentUrl\":\"https:\/\/www.schymik.de\/wordpress\/wp-content\/Schymik-Carsten-51x51cm.jpg\",\"width\":1530,\"height\":1530,\"caption\":\"Carsten\"},\"logo\":{\"@id\":\"https:\/\/www.schymik.de\/wordpress\/#\/schema\/person\/image\/\"},\"sameAs\":[\"http:\/\/www.schymik.de\",\"https:\/\/www.facebook.com\/carsten.schymik\",\"https:\/\/www.instagram.com\/carstenschymik\/\",\"https:\/\/www.youtube.com\/@CarstenSchymik\"]}]}<\/script>\n<!-- \/ Yoast SEO plugin. -->","yoast_head_json":{"title":"Sevenbikesummits & Allg\u00e4uguide & 101 Dinge MTB - Transalp Homepage","robots":{"index":"index","follow":"follow","max-snippet":"max-snippet:-1","max-image-preview":"max-image-preview:large","max-video-preview":"max-video-preview:-1"},"canonical":"https:\/\/www.schymik.de\/wordpress\/produkt\/sevenbikesummits-allgaeuguide-101-dinge-mtb\/","og_locale":"de_DE","og_type":"article","og_title":"Sevenbikesummits & Allg\u00e4uguide & 101 Dinge MTB - Transalp Homepage","og_description":"Das volle Paket meiner B\u00fccher zum g\u00fcnstigen Paketpreis.","og_url":"https:\/\/www.schymik.de\/wordpress\/produkt\/sevenbikesummits-allgaeuguide-101-dinge-mtb\/","og_site_name":"Transalp Homepage","article_publisher":"https:\/\/www.facebook.com\/carsten.schymik","article_modified_time":"2024-11-21T14:13:58+00:00","og_image":[{"width":1440,"height":1264,"url":"http:\/\/www.schymik.de\/wordpress\/wp-content\/trible.jpg","type":"image\/jpeg"}],"twitter_card":"summary_large_image","twitter_misc":{"Gesch\u00e4tzte Lesezeit":"3\u00a0Minuten"},"schema":{"@context":"https:\/\/schema.org","@graph":[{"@type":"WebPage","@id":"https:\/\/www.schymik.de\/wordpress\/produkt\/sevenbikesummits-allgaeuguide-101-dinge-mtb\/","url":"https:\/\/www.schymik.de\/wordpress\/produkt\/sevenbikesummits-allgaeuguide-101-dinge-mtb\/","name":"Sevenbikesummits & Allg\u00e4uguide & 101 Dinge MTB - Transalp Homepage","isPartOf":{"@id":"https:\/\/www.schymik.de\/wordpress\/#website"},"datePublished":"2021-11-17T16:26:58+00:00","dateModified":"2024-11-21T14:13:58+00:00","breadcrumb":{"@id":"https:\/\/www.schymik.de\/wordpress\/produkt\/sevenbikesummits-allgaeuguide-101-dinge-mtb\/#breadcrumb"},"inLanguage":"de","potentialAction":[{"@type":"ReadAction","target":["https:\/\/www.schymik.de\/wordpress\/produkt\/sevenbikesummits-allgaeuguide-101-dinge-mtb\/"]}]},{"@type":"BreadcrumbList","@id":"https:\/\/www.schymik.de\/wordpress\/produkt\/sevenbikesummits-allgaeuguide-101-dinge-mtb\/#breadcrumb","itemListElement":[{"@type":"ListItem","position":1,"name":"Startseite","item":"https:\/\/www.schymik.de\/wordpress\/"},{"@type":"ListItem","position":2,"name":"Shop","item":"https:\/\/www.schymik.de\/wordpress\/shop\/"},{"@type":"ListItem","position":3,"name":"Sevenbikesummits &#038; Allg\u00e4uguide &#038; 101 Dinge MTB"}]},{"@type":"WebSite","@id":"https:\/\/www.schymik.de\/wordpress\/#website","url":"https:\/\/www.schymik.de\/wordpress\/","name":"Transalp Homepage","description":"Alles rund ums Mountainbike, Alpencross und Bikebergsteigen","publisher":{"@id":"https:\/\/www.schymik.de\/wordpress\/#\/schema\/person\/f4792950b1a3875a57d4fc2380f11e22"},"potentialAction":[{"@type":"SearchAction","target":{"@type":"EntryPoint","urlTemplate":"https:\/\/www.schymik.de\/wordpress\/?s={search_term_string}"},"query-input":"required name=search_term_string"}],"inLanguage":"de"},{"@type":["Person","Organization"],"@id":"https:\/\/www.schymik.de\/wordpress\/#\/schema\/person\/f4792950b1a3875a57d4fc2380f11e22","name":"Carsten","image":{"@type":"ImageObject","inLanguage":"de","@id":"https:\/\/www.schymik.de\/wordpress\/#\/schema\/person\/image\/","url":"https:\/\/www.schymik.de\/wordpress\/wp-content\/Schymik-Carsten-51x51cm.jpg","contentUrl":"https:\/\/www.schymik.de\/wordpress\/wp-content\/Schymik-Carsten-51x51cm.jpg","width":1530,"height":1530,"caption":"Carsten"},"logo":{"@id":"https:\/\/www.schymik.de\/wordpress\/#\/schema\/person\/image\/"},"sameAs":["http:\/\/www.schymik.de","https:\/\/www.facebook.com\/carsten.schymik","https:\/\/www.instagram.com\/carstenschymik\/","https:\/\/www.youtube.com\/@CarstenSchymik"]}]}},"_links":{"self":[{"href":"https:\/\/www.schymik.de\/wordpress\/wp-json\/wp\/v2\/product\/5180"}],"collection":[{"href":"https:\/\/www.schymik.de\/wordpress\/wp-json\/wp\/v2\/product"}],"about":[{"href":"https:\/\/www.schymik.de\/wordpress\/wp-json\/wp\/v2\/types\/product"}],"replies":[{"embeddable":true,"href":"https:\/\/www.schymik.de\/wordpress\/wp-json\/wp\/v2\/comments?post=5180"}],"wp:featuredmedia":[{"embeddable":true,"href":"https:\/\/www.schymik.de\/wordpress\/wp-json\/wp\/v2\/media\/5181"}],"wp:attachment":[{"href":"https:\/\/www.schymik.de\/wordpress\/wp-json\/wp\/v2\/media?parent=5180"}],"wp:term":[{"taxonomy":"product_cat","embeddable":true,"href":"https:\/\/www.schymik.de\/wordpress\/wp-json\/wp\/v2\/product_cat?post=5180"},{"taxonomy":"product_tag","embeddable":true,"href":"https:\/\/www.schymik.de\/wordpress\/wp-json\/wp\/v2\/product_tag?post=5180"}],"curies":[{"name":"wp","href":"https:\/\/api.w.org\/{rel}","templated":true}]}}